{"id":999,"date":"2026-02-05T10:42:18","date_gmt":"2026-02-05T10:42:18","guid":{"rendered":"https:\/\/tvhasici.cz\/KI\/?page_id=999"},"modified":"2026-02-05T18:14:36","modified_gmt":"2026-02-05T18:14:36","slug":"ki-odpadni-voda","status":"publish","type":"page","link":"https:\/\/tvhasici.cz\/KI\/ki-odpadni-voda\/","title":{"rendered":"KI-Odpadn\u00ed voda"},"content":{"rendered":"\t\t<div data-elementor-type=\"wp-page\" data-elementor-id=\"999\" class=\"elementor elementor-999\">\n\t\t\t\t<div class=\"elementor-element elementor-element-b13dcc6 e-con-full e-flex e-con e-parent\" data-id=\"b13dcc6\" data-element_type=\"container\">\n\t\t<div class=\"elementor-element elementor-element-5012927c e-con-full e-flex e-con e-child\" data-id=\"5012927c\" data-element_type=\"container\">\n\t\t\t\t<\/div>\n\t\t<div class=\"elementor-element elementor-element-576a7851 e-con-full e-flex e-con e-child\" data-id=\"576a7851\" data-element_type=\"container\">\n\t\t\t\t<\/div>\n\t\t<div class=\"elementor-element elementor-element-78ae8635 e-con-full e-flex e-con e-child\" data-id=\"78ae8635\" data-element_type=\"container\">\n\t\t\t\t<\/div>\n\t\t\t\t<\/div>\n\t\t<div class=\"elementor-element elementor-element-3854d7ba e-flex e-con-boxed e-con e-parent\" data-id=\"3854d7ba\" data-element_type=\"container\">\n\t\t\t\t\t<div class=\"e-con-inner\">\n\t\t<div class=\"elementor-element elementor-element-5c1dd5bc e-con-full e-flex e-con e-child\" data-id=\"5c1dd5bc\" data-element_type=\"container\">\n\t\t\t\t<div class=\"elementor-element elementor-element-14ba8363 elementor-widget elementor-widget-image\" data-id=\"14ba8363\" data-element_type=\"widget\" data-widget_type=\"image.default\">\n\t\t\t\t\t\t\t\t\t\t\t\t<figure class=\"wp-caption\">\n\t\t\t\t\t\t\t\t\t\t\t<a href=\"https:\/\/tvhasici.cz\/KI\/ki-odvetvi-a-pododvetvi\/\">\n\t\t\t\t\t\t\t<img decoding=\"async\" width=\"150\" height=\"150\" src=\"https:\/\/tvhasici.cz\/KI\/wp-content\/uploads\/2026\/02\/ChatGPT-Image-2.-2.-2026-23_42_33-150x150.png\" class=\"attachment-thumbnail size-thumbnail wp-image-778\" alt=\"\" srcset=\"https:\/\/tvhasici.cz\/KI\/wp-content\/uploads\/2026\/02\/ChatGPT-Image-2.-2.-2026-23_42_33-150x150.png 150w, https:\/\/tvhasici.cz\/KI\/wp-content\/uploads\/2026\/02\/ChatGPT-Image-2.-2.-2026-23_42_33-300x300.png 300w, https:\/\/tvhasici.cz\/KI\/wp-content\/uploads\/2026\/02\/ChatGPT-Image-2.-2.-2026-23_42_33-768x768.png 768w, https:\/\/tvhasici.cz\/KI\/wp-content\/uploads\/2026\/02\/ChatGPT-Image-2.-2.-2026-23_42_33.png 1024w\" sizes=\"(max-width: 150px) 100vw, 150px\" \/>\t\t\t\t\t\t\t\t<\/a>\n\t\t\t\t\t\t\t\t\t\t\t<figcaption class=\"widget-image-caption wp-caption-text\"><\/figcaption>\n\t\t\t\t\t\t\t\t\t\t<\/figure>\n\t\t\t\t\t\t\t\t\t<\/div>\n\t\t\t\t<\/div>\n\t\t<div class=\"elementor-element elementor-element-43e81a82 e-con-full e-flex e-con e-child\" data-id=\"43e81a82\" data-element_type=\"container\">\n\t\t\t\t<div class=\"elementor-element elementor-element-25148feb elementor-widget elementor-widget-image\" data-id=\"25148feb\" data-element_type=\"widget\" data-widget_type=\"image.default\">\n\t\t\t\t\t\t\t\t\t\t\t\t\t\t\t<img decoding=\"async\" width=\"150\" height=\"150\" src=\"https:\/\/tvhasici.cz\/KI\/wp-content\/uploads\/2026\/02\/ChatGPT-Image-2.-2.-2026-14_35_02-150x150.png\" class=\"attachment-thumbnail size-thumbnail wp-image-672\" alt=\"\" srcset=\"https:\/\/tvhasici.cz\/KI\/wp-content\/uploads\/2026\/02\/ChatGPT-Image-2.-2.-2026-14_35_02-150x150.png 150w, https:\/\/tvhasici.cz\/KI\/wp-content\/uploads\/2026\/02\/ChatGPT-Image-2.-2.-2026-14_35_02-300x300.png 300w, https:\/\/tvhasici.cz\/KI\/wp-content\/uploads\/2026\/02\/ChatGPT-Image-2.-2.-2026-14_35_02-768x768.png 768w, https:\/\/tvhasici.cz\/KI\/wp-content\/uploads\/2026\/02\/ChatGPT-Image-2.-2.-2026-14_35_02.png 1024w\" sizes=\"(max-width: 150px) 100vw, 150px\" \/>\t\t\t\t\t\t\t\t\t\t\t\t\t\t\t<\/div>\n\t\t\t\t<div class=\"elementor-element elementor-element-73b86c11 elementor-widget elementor-widget-heading\" data-id=\"73b86c11\" data-element_type=\"widget\" data-widget_type=\"heading.default\">\n\t\t\t\t\t<h1 class=\"elementor-heading-title elementor-size-default\"><a href=\"https:\/\/tvhasici.cz\/KI\/ki-odvetvi-a-pododvetvi\/\">Odpadn\u00ed voda<\/a><\/h1>\t\t\t\t<\/div>\n\t\t\t\t<\/div>\n\t\t<div class=\"elementor-element elementor-element-12bea6a9 e-con-full e-flex e-con e-child\" data-id=\"12bea6a9\" data-element_type=\"container\">\n\t\t\t\t<\/div>\n\t\t\t\t\t<\/div>\n\t\t\t\t<\/div>\n\t\t<div class=\"elementor-element elementor-element-1e95974a e-con-full e-flex e-con e-parent\" data-id=\"1e95974a\" data-element_type=\"container\">\n\t\t<div class=\"elementor-element elementor-element-31d55fbc e-con-full e-flex e-con e-child\" data-id=\"31d55fbc\" data-element_type=\"container\">\n\t\t\t\t<\/div>\n\t\t<div class=\"elementor-element elementor-element-47cccca7 e-con-full e-flex e-con e-child\" data-id=\"47cccca7\" data-element_type=\"container\">\n\t\t\t\t<\/div>\n\t\t<div class=\"elementor-element elementor-element-32908b2e e-con-full e-flex e-con e-child\" data-id=\"32908b2e\" data-element_type=\"container\">\n\t\t\t\t<\/div>\n\t\t\t\t<\/div>\n\t\t<div class=\"elementor-element elementor-element-468cab37 e-flex e-con-boxed e-con e-parent\" data-id=\"468cab37\" data-element_type=\"container\">\n\t\t\t\t\t<div class=\"e-con-inner\">\n\t\t<div class=\"elementor-element elementor-element-8fc589 e-con-full e-flex e-con e-child\" data-id=\"8fc589\" data-element_type=\"container\">\n\t\t\t\t<\/div>\n\t\t<div class=\"elementor-element elementor-element-67e8f55a e-con-full e-flex e-con e-child\" data-id=\"67e8f55a\" data-element_type=\"container\" data-settings=\"{&quot;background_background&quot;:&quot;classic&quot;}\">\n\t\t\t\t<div class=\"elementor-element elementor-element-3a718191 elementor-widget elementor-widget-text-editor\" data-id=\"3a718191\" data-element_type=\"widget\" data-widget_type=\"text-editor.default\">\n\t\t\t\t\t\t\t\t\t<h3 style=\"margin-bottom: 0cm;\"><strong><span style=\"font-family: Arial, serif;\"><span style=\"font-size: 18px;\">Z\u00e1kladn\u00ed slu\u017eba<\/span><\/span><\/strong><\/h3><ul><li><h4><span style=\"font-family: Arial, serif;\"><span style=\"font-size: medium;\">Odv\u00e1d\u011bn\u00ed, \u010di\u0161t\u011bn\u00ed a vypou\u0161t\u011bn\u00ed odpadn\u00edch vod<\/span><\/span><\/h4><\/li><\/ul>\t\t\t\t\t\t\t\t<\/div>\n\t\t\t\t<\/div>\n\t\t<div class=\"elementor-element elementor-element-74335582 e-con-full e-flex e-con e-child\" data-id=\"74335582\" data-element_type=\"container\">\n\t\t\t\t<\/div>\n\t\t\t\t\t<\/div>\n\t\t\t\t<\/div>\n\t\t\t\t<\/div>\n\t\t","protected":false},"excerpt":{"rendered":"<p>Odpadn\u00ed voda Z\u00e1kladn\u00ed slu\u017eba Odv\u00e1d\u011bn\u00ed, \u010di\u0161t\u011bn\u00ed a vypou\u0161t\u011bn\u00ed odpadn\u00edch vod<\/p>\n","protected":false},"author":2,"featured_media":0,"parent":0,"menu_order":0,"comment_status":"closed","ping_status":"closed","template":"elementor_canvas","meta":{"footnotes":""},"class_list":["post-999","page","type-page","status-publish","hentry"],"_links":{"self":[{"href":"https:\/\/tvhasici.cz\/KI\/wp-json\/wp\/v2\/pages\/999","targetHints":{"allow":["GET"]}}],"collection":[{"href":"https:\/\/tvhasici.cz\/KI\/wp-json\/wp\/v2\/pages"}],"about":[{"href":"https:\/\/tvhasici.cz\/KI\/wp-json\/wp\/v2\/types\/page"}],"author":[{"embeddable":true,"href":"https:\/\/tvhasici.cz\/KI\/wp-json\/wp\/v2\/users\/2"}],"replies":[{"embeddable":true,"href":"https:\/\/tvhasici.cz\/KI\/wp-json\/wp\/v2\/comments?post=999"}],"version-history":[{"count":12,"href":"https:\/\/tvhasici.cz\/KI\/wp-json\/wp\/v2\/pages\/999\/revisions"}],"predecessor-version":[{"id":1111,"href":"https:\/\/tvhasici.cz\/KI\/wp-json\/wp\/v2\/pages\/999\/revisions\/1111"}],"wp:attachment":[{"href":"https:\/\/tvhasici.cz\/KI\/wp-json\/wp\/v2\/media?parent=999"}],"curies":[{"name":"wp","href":"https:\/\/api.w.org\/{rel}","templated":true}]}}