{"id":976,"date":"2026-02-05T10:26:04","date_gmt":"2026-02-05T10:26:04","guid":{"rendered":"https:\/\/tvhasici.cz\/KI\/?page_id=976"},"modified":"2026-02-05T18:16:37","modified_gmt":"2026-02-05T18:16:37","slug":"ki-zdravotnictvi","status":"publish","type":"page","link":"https:\/\/tvhasici.cz\/KI\/ki-zdravotnictvi\/","title":{"rendered":"KI-Zdravotnictv\u00ed"},"content":{"rendered":"\t\t<div data-elementor-type=\"wp-page\" data-elementor-id=\"976\" class=\"elementor elementor-976\">\n\t\t\t\t<div class=\"elementor-element elementor-element-3c6a7b99 e-con-full e-flex e-con e-parent\" data-id=\"3c6a7b99\" data-element_type=\"container\">\n\t\t<div class=\"elementor-element elementor-element-69b071f3 e-con-full e-flex e-con e-child\" data-id=\"69b071f3\" data-element_type=\"container\">\n\t\t\t\t<\/div>\n\t\t<div class=\"elementor-element elementor-element-5bc79923 e-con-full e-flex e-con e-child\" data-id=\"5bc79923\" data-element_type=\"container\">\n\t\t\t\t<\/div>\n\t\t<div class=\"elementor-element elementor-element-5891ff00 e-con-full e-flex e-con e-child\" data-id=\"5891ff00\" data-element_type=\"container\">\n\t\t\t\t<\/div>\n\t\t\t\t<\/div>\n\t\t<div class=\"elementor-element elementor-element-6fd53bea e-flex e-con-boxed e-con e-parent\" data-id=\"6fd53bea\" data-element_type=\"container\">\n\t\t\t\t\t<div class=\"e-con-inner\">\n\t\t<div class=\"elementor-element elementor-element-3b7d2184 e-con-full e-flex e-con e-child\" data-id=\"3b7d2184\" data-element_type=\"container\">\n\t\t\t\t<div class=\"elementor-element elementor-element-5204f644 elementor-widget elementor-widget-image\" data-id=\"5204f644\" data-element_type=\"widget\" data-widget_type=\"image.default\">\n\t\t\t\t\t\t\t\t\t\t\t\t<figure class=\"wp-caption\">\n\t\t\t\t\t\t\t\t\t\t\t<a href=\"https:\/\/tvhasici.cz\/KI\/ki-odvetvi-a-pododvetvi\/\">\n\t\t\t\t\t\t\t<img decoding=\"async\" width=\"150\" height=\"150\" src=\"https:\/\/tvhasici.cz\/KI\/wp-content\/uploads\/2026\/02\/ChatGPT-Image-2.-2.-2026-23_42_33-150x150.png\" class=\"attachment-thumbnail size-thumbnail wp-image-778\" alt=\"\" srcset=\"https:\/\/tvhasici.cz\/KI\/wp-content\/uploads\/2026\/02\/ChatGPT-Image-2.-2.-2026-23_42_33-150x150.png 150w, https:\/\/tvhasici.cz\/KI\/wp-content\/uploads\/2026\/02\/ChatGPT-Image-2.-2.-2026-23_42_33-300x300.png 300w, https:\/\/tvhasici.cz\/KI\/wp-content\/uploads\/2026\/02\/ChatGPT-Image-2.-2.-2026-23_42_33-768x768.png 768w, https:\/\/tvhasici.cz\/KI\/wp-content\/uploads\/2026\/02\/ChatGPT-Image-2.-2.-2026-23_42_33.png 1024w\" sizes=\"(max-width: 150px) 100vw, 150px\" \/>\t\t\t\t\t\t\t\t<\/a>\n\t\t\t\t\t\t\t\t\t\t\t<figcaption class=\"widget-image-caption wp-caption-text\"><\/figcaption>\n\t\t\t\t\t\t\t\t\t\t<\/figure>\n\t\t\t\t\t\t\t\t\t<\/div>\n\t\t\t\t<\/div>\n\t\t<div class=\"elementor-element elementor-element-76fa3f09 e-con-full e-flex e-con e-child\" data-id=\"76fa3f09\" data-element_type=\"container\">\n\t\t\t\t<div class=\"elementor-element elementor-element-a2f790f elementor-widget elementor-widget-image\" data-id=\"a2f790f\" data-element_type=\"widget\" data-widget_type=\"image.default\">\n\t\t\t\t\t\t\t\t\t\t\t\t\t\t\t<img decoding=\"async\" width=\"150\" height=\"150\" src=\"https:\/\/tvhasici.cz\/KI\/wp-content\/uploads\/2026\/02\/ChatGPT-Image-2.-2.-2026-14_39_12-150x150.png\" class=\"attachment-thumbnail size-thumbnail wp-image-674\" alt=\"\" srcset=\"https:\/\/tvhasici.cz\/KI\/wp-content\/uploads\/2026\/02\/ChatGPT-Image-2.-2.-2026-14_39_12-150x150.png 150w, https:\/\/tvhasici.cz\/KI\/wp-content\/uploads\/2026\/02\/ChatGPT-Image-2.-2.-2026-14_39_12-300x300.png 300w, https:\/\/tvhasici.cz\/KI\/wp-content\/uploads\/2026\/02\/ChatGPT-Image-2.-2.-2026-14_39_12-768x768.png 768w, https:\/\/tvhasici.cz\/KI\/wp-content\/uploads\/2026\/02\/ChatGPT-Image-2.-2.-2026-14_39_12.png 1024w\" sizes=\"(max-width: 150px) 100vw, 150px\" \/>\t\t\t\t\t\t\t\t\t\t\t\t\t\t\t<\/div>\n\t\t\t\t<div class=\"elementor-element elementor-element-3f1da1d1 elementor-widget elementor-widget-heading\" data-id=\"3f1da1d1\" data-element_type=\"widget\" data-widget_type=\"heading.default\">\n\t\t\t\t\t<h1 class=\"elementor-heading-title elementor-size-default\"><a href=\"https:\/\/tvhasici.cz\/KI\/ki-odvetvi-a-pododvetvi\/\">Zdravotnictv\u00ed<\/a><\/h1>\t\t\t\t<\/div>\n\t\t\t\t<\/div>\n\t\t<div class=\"elementor-element elementor-element-1d9d732b e-con-full e-flex e-con e-child\" data-id=\"1d9d732b\" data-element_type=\"container\">\n\t\t\t\t<\/div>\n\t\t\t\t\t<\/div>\n\t\t\t\t<\/div>\n\t\t<div class=\"elementor-element elementor-element-4ab5201f e-con-full e-flex e-con e-parent\" data-id=\"4ab5201f\" data-element_type=\"container\">\n\t\t<div class=\"elementor-element elementor-element-2c0175b8 e-con-full e-flex e-con e-child\" data-id=\"2c0175b8\" data-element_type=\"container\">\n\t\t\t\t<\/div>\n\t\t<div class=\"elementor-element elementor-element-2001f89c e-con-full e-flex e-con e-child\" data-id=\"2001f89c\" data-element_type=\"container\">\n\t\t\t\t<\/div>\n\t\t<div class=\"elementor-element elementor-element-e229975 e-con-full e-flex e-con e-child\" data-id=\"e229975\" data-element_type=\"container\">\n\t\t\t\t<\/div>\n\t\t\t\t<\/div>\n\t\t<div class=\"elementor-element elementor-element-1ea9b110 e-flex e-con-boxed e-con e-parent\" data-id=\"1ea9b110\" data-element_type=\"container\">\n\t\t\t\t\t<div class=\"e-con-inner\">\n\t\t<div class=\"elementor-element elementor-element-4cc6dbfc e-con-full e-flex e-con e-child\" data-id=\"4cc6dbfc\" data-element_type=\"container\">\n\t\t\t\t<\/div>\n\t\t<div class=\"elementor-element elementor-element-321c4d39 e-con-full e-flex e-con e-child\" data-id=\"321c4d39\" data-element_type=\"container\" data-settings=\"{&quot;background_background&quot;:&quot;classic&quot;}\">\n\t\t\t\t<div class=\"elementor-element elementor-element-6a0270ca elementor-widget elementor-widget-text-editor\" data-id=\"6a0270ca\" data-element_type=\"widget\" data-widget_type=\"text-editor.default\">\n\t\t\t\t\t\t\t\t\t<h3 style=\"margin-bottom: 0cm;\"><strong><span style=\"font-family: Arial, serif;\"><span style=\"font-size: 18px;\">Z\u00e1kladn\u00ed slu\u017eby<\/span><\/span><\/strong><\/h3><ul><li><h4><span style=\"font-family: Arial, serif;\"><span style=\"font-size: medium;\">Poskytov\u00e1n\u00ed akutn\u00ed l\u016f\u017ekov\u00e9 p\u00e9\u010de<\/span><\/span><\/h4><\/li><li><h4><span style=\"font-family: Arial, serif;\"><span style=\"font-size: medium;\">Poskytov\u00e1n\u00ed zdravotnick\u00e9 z\u00e1chrann\u00e9 slu\u017eby<\/span><\/span><\/h4><\/li><li><h4><span style=\"font-family: Arial, serif;\"><span style=\"font-size: medium;\">Referen\u010dn\u00ed \u010dinnosti v ochran\u011b ve\u0159ejn\u00e9ho zdrav\u00ed<\/span><\/span><\/h4><\/li><li><h4><span style=\"font-family: Arial, serif;\"><span style=\"font-size: medium;\">Vy\u0161et\u0159en\u00ed prov\u00e1d\u011bn\u00e1 referen\u010dn\u00ed laborato\u0159\u00ed Evropsk\u00e9 unie<\/span><\/span><\/h4><\/li><li><h4><span style=\"font-family: Arial, serif;\"><span style=\"font-size: medium;\">V\u00fdzkum a v\u00fdvoj l\u00e9\u010div\u00fdch p\u0159\u00edpravk\u016f<\/span><\/span><\/h4><\/li><li><h4><span style=\"font-family: Arial, serif;\"><span style=\"font-size: medium;\">V\u00fdroba z\u00e1kladn\u00edch l\u00e9\u010div\u00fdch p\u0159\u00edpravk\u016f<\/span><\/span><\/h4><\/li><\/ul><ul><li><h4><span style=\"font-family: Arial, serif;\"><span style=\"font-size: medium;\">V\u00fdroba zdravotnick\u00fdch prost\u0159edk\u016f pova\u017eovan\u00fdch za kriticky d\u016fle\u017eit\u00e9 v pr\u016fb\u011bhu mimo\u0159\u00e1dn\u00e9 situace v oblasti ve\u0159ejn\u00e9ho zdrav\u00ed<\/span><\/span><\/h4><\/li><li><h4><span style=\"font-family: Arial, serif;\"><span style=\"font-size: medium;\">Distribuce l\u00e9\u010div\u00fdch p\u0159\u00edpravk\u016f<\/span><\/span><\/h4><\/li><\/ul><ul><li><h4><span style=\"font-family: Arial, serif;\"><span style=\"font-size: medium;\">Distribuce zdravotnick\u00fdch prost\u0159edk\u016f pova\u017eovan\u00fdch za kriticky d\u016fle\u017eit\u00e9 v pr\u016fb\u011bhu mimo\u0159\u00e1dn\u00e9 situace v oblasti ve\u0159ejn\u00e9ho zdrav\u00ed<\/span><\/span><\/h4><\/li><\/ul><ul><li><h4><span style=\"font-family: Arial, serif;\"><span style=\"font-size: medium;\">Ochrana ve\u0159ejn\u00e9ho zdrav\u00ed a spr\u00e1va registr\u016f<\/span><\/span><\/h4><\/li><li><h4><span style=\"font-family: Arial, serif;\"><span style=\"font-size: medium;\">Zaji\u0161t\u011bn\u00ed s\u00edt\u011b smluvn\u00edch poskytovatel\u016f zdravotn\u00edch slu\u017eeb v\u010detn\u011b \u00fahrady poskytovan\u00fdch zdravotn\u00edch slu\u017eeb z ve\u0159ejn\u00e9ho zdravotn\u00edho poji\u0161t\u011bn\u00ed<\/span><\/span><\/h4><\/li><\/ul>\t\t\t\t\t\t\t\t<\/div>\n\t\t\t\t<\/div>\n\t\t<div class=\"elementor-element elementor-element-643153e0 e-con-full e-flex e-con e-child\" data-id=\"643153e0\" data-element_type=\"container\">\n\t\t\t\t<\/div>\n\t\t\t\t\t<\/div>\n\t\t\t\t<\/div>\n\t\t\t\t<\/div>\n\t\t","protected":false},"excerpt":{"rendered":"<p>Zdravotnictv\u00ed Z\u00e1kladn\u00ed slu\u017eby Poskytov\u00e1n\u00ed akutn\u00ed l\u016f\u017ekov\u00e9 p\u00e9\u010de Poskytov\u00e1n\u00ed zdravotnick\u00e9 z\u00e1chrann\u00e9 slu\u017eby Referen\u010dn\u00ed \u010dinnosti v ochran\u011b ve\u0159ejn\u00e9ho zdrav\u00ed Vy\u0161et\u0159en\u00ed prov\u00e1d\u011bn\u00e1 referen\u010dn\u00ed laborato\u0159\u00ed Evropsk\u00e9 unie V\u00fdzkum a v\u00fdvoj l\u00e9\u010div\u00fdch p\u0159\u00edpravk\u016f V\u00fdroba z\u00e1kladn\u00edch l\u00e9\u010div\u00fdch p\u0159\u00edpravk\u016f V\u00fdroba zdravotnick\u00fdch prost\u0159edk\u016f pova\u017eovan\u00fdch za kriticky d\u016fle\u017eit\u00e9 v pr\u016fb\u011bhu mimo\u0159\u00e1dn\u00e9 situace v oblasti ve\u0159ejn\u00e9ho zdrav\u00ed Distribuce l\u00e9\u010div\u00fdch p\u0159\u00edpravk\u016f Distribuce zdravotnick\u00fdch prost\u0159edk\u016f pova\u017eovan\u00fdch za [&hellip;]<\/p>\n","protected":false},"author":2,"featured_media":0,"parent":0,"menu_order":0,"comment_status":"closed","ping_status":"closed","template":"elementor_canvas","meta":{"footnotes":""},"class_list":["post-976","page","type-page","status-publish","hentry"],"_links":{"self":[{"href":"https:\/\/tvhasici.cz\/KI\/wp-json\/wp\/v2\/pages\/976","targetHints":{"allow":["GET"]}}],"collection":[{"href":"https:\/\/tvhasici.cz\/KI\/wp-json\/wp\/v2\/pages"}],"about":[{"href":"https:\/\/tvhasici.cz\/KI\/wp-json\/wp\/v2\/types\/page"}],"author":[{"embeddable":true,"href":"https:\/\/tvhasici.cz\/KI\/wp-json\/wp\/v2\/users\/2"}],"replies":[{"embeddable":true,"href":"https:\/\/tvhasici.cz\/KI\/wp-json\/wp\/v2\/comments?post=976"}],"version-history":[{"count":13,"href":"https:\/\/tvhasici.cz\/KI\/wp-json\/wp\/v2\/pages\/976\/revisions"}],"predecessor-version":[{"id":1126,"href":"https:\/\/tvhasici.cz\/KI\/wp-json\/wp\/v2\/pages\/976\/revisions\/1126"}],"wp:attachment":[{"href":"https:\/\/tvhasici.cz\/KI\/wp-json\/wp\/v2\/media?parent=976"}],"curies":[{"name":"wp","href":"https:\/\/api.w.org\/{rel}","templated":true}]}}