{"id":955,"date":"2026-02-05T10:12:22","date_gmt":"2026-02-05T10:12:22","guid":{"rendered":"https:\/\/tvhasici.cz\/KI\/?page_id=955"},"modified":"2026-02-05T18:11:10","modified_gmt":"2026-02-05T18:11:10","slug":"ki-bankovnictvi","status":"publish","type":"page","link":"https:\/\/tvhasici.cz\/KI\/ki-bankovnictvi\/","title":{"rendered":"KI-Bankovnictv\u00ed"},"content":{"rendered":"\t\t<div data-elementor-type=\"wp-page\" data-elementor-id=\"955\" class=\"elementor elementor-955\">\n\t\t\t\t<div class=\"elementor-element elementor-element-8ce2361 e-con-full e-flex e-con e-parent\" data-id=\"8ce2361\" data-element_type=\"container\">\n\t\t<div class=\"elementor-element elementor-element-7efccaf5 e-con-full e-flex e-con e-child\" data-id=\"7efccaf5\" data-element_type=\"container\">\n\t\t\t\t<\/div>\n\t\t<div class=\"elementor-element elementor-element-7c96640c e-con-full e-flex e-con e-child\" data-id=\"7c96640c\" data-element_type=\"container\">\n\t\t\t\t<\/div>\n\t\t<div class=\"elementor-element elementor-element-173901a6 e-con-full e-flex e-con e-child\" data-id=\"173901a6\" data-element_type=\"container\">\n\t\t\t\t<\/div>\n\t\t\t\t<\/div>\n\t\t<div class=\"elementor-element elementor-element-2e4da2be e-flex e-con-boxed e-con e-parent\" data-id=\"2e4da2be\" data-element_type=\"container\">\n\t\t\t\t\t<div class=\"e-con-inner\">\n\t\t<div class=\"elementor-element elementor-element-25da2398 e-con-full e-flex e-con e-child\" data-id=\"25da2398\" data-element_type=\"container\">\n\t\t\t\t<div class=\"elementor-element elementor-element-7711afc8 elementor-widget elementor-widget-image\" data-id=\"7711afc8\" data-element_type=\"widget\" data-widget_type=\"image.default\">\n\t\t\t\t\t\t\t\t\t\t\t\t<figure class=\"wp-caption\">\n\t\t\t\t\t\t\t\t\t\t\t<a href=\"https:\/\/tvhasici.cz\/KI\/ki-odvetvi-a-pododvetvi\/\">\n\t\t\t\t\t\t\t<img decoding=\"async\" width=\"150\" height=\"150\" src=\"https:\/\/tvhasici.cz\/KI\/wp-content\/uploads\/2026\/02\/ChatGPT-Image-2.-2.-2026-23_42_33-150x150.png\" class=\"attachment-thumbnail size-thumbnail wp-image-778\" alt=\"\" srcset=\"https:\/\/tvhasici.cz\/KI\/wp-content\/uploads\/2026\/02\/ChatGPT-Image-2.-2.-2026-23_42_33-150x150.png 150w, https:\/\/tvhasici.cz\/KI\/wp-content\/uploads\/2026\/02\/ChatGPT-Image-2.-2.-2026-23_42_33-300x300.png 300w, https:\/\/tvhasici.cz\/KI\/wp-content\/uploads\/2026\/02\/ChatGPT-Image-2.-2.-2026-23_42_33-768x768.png 768w, https:\/\/tvhasici.cz\/KI\/wp-content\/uploads\/2026\/02\/ChatGPT-Image-2.-2.-2026-23_42_33.png 1024w\" sizes=\"(max-width: 150px) 100vw, 150px\" \/>\t\t\t\t\t\t\t\t<\/a>\n\t\t\t\t\t\t\t\t\t\t\t<figcaption class=\"widget-image-caption wp-caption-text\"><\/figcaption>\n\t\t\t\t\t\t\t\t\t\t<\/figure>\n\t\t\t\t\t\t\t\t\t<\/div>\n\t\t\t\t<\/div>\n\t\t<div class=\"elementor-element elementor-element-37c1c1be e-con-full e-flex e-con e-child\" data-id=\"37c1c1be\" data-element_type=\"container\">\n\t\t\t\t<div class=\"elementor-element elementor-element-3ea9fe3 elementor-widget elementor-widget-image\" data-id=\"3ea9fe3\" data-element_type=\"widget\" data-widget_type=\"image.default\">\n\t\t\t\t\t\t\t\t\t\t\t\t\t\t\t<img decoding=\"async\" width=\"150\" height=\"150\" src=\"https:\/\/tvhasici.cz\/KI\/wp-content\/uploads\/2026\/02\/ChatGPT-Image-2.-2.-2026-13_44_14-150x150.png\" class=\"attachment-thumbnail size-thumbnail wp-image-657\" alt=\"\" srcset=\"https:\/\/tvhasici.cz\/KI\/wp-content\/uploads\/2026\/02\/ChatGPT-Image-2.-2.-2026-13_44_14-150x150.png 150w, https:\/\/tvhasici.cz\/KI\/wp-content\/uploads\/2026\/02\/ChatGPT-Image-2.-2.-2026-13_44_14-300x300.png 300w, https:\/\/tvhasici.cz\/KI\/wp-content\/uploads\/2026\/02\/ChatGPT-Image-2.-2.-2026-13_44_14-768x768.png 768w, https:\/\/tvhasici.cz\/KI\/wp-content\/uploads\/2026\/02\/ChatGPT-Image-2.-2.-2026-13_44_14.png 1024w\" sizes=\"(max-width: 150px) 100vw, 150px\" \/>\t\t\t\t\t\t\t\t\t\t\t\t\t\t\t<\/div>\n\t\t\t\t<div class=\"elementor-element elementor-element-378674ba elementor-widget elementor-widget-heading\" data-id=\"378674ba\" data-element_type=\"widget\" data-widget_type=\"heading.default\">\n\t\t\t\t\t<h1 class=\"elementor-heading-title elementor-size-default\"><a href=\"https:\/\/tvhasici.cz\/KI\/ki-odvetvi-a-pododvetvi\/\">Bankovnictv\u00ed<\/a><\/h1>\t\t\t\t<\/div>\n\t\t\t\t<\/div>\n\t\t<div class=\"elementor-element elementor-element-6d51bd7b e-con-full e-flex e-con e-child\" data-id=\"6d51bd7b\" data-element_type=\"container\">\n\t\t\t\t<\/div>\n\t\t\t\t\t<\/div>\n\t\t\t\t<\/div>\n\t\t<div class=\"elementor-element elementor-element-4257d20f e-con-full e-flex e-con e-parent\" data-id=\"4257d20f\" data-element_type=\"container\">\n\t\t<div class=\"elementor-element elementor-element-5469c140 e-con-full e-flex e-con e-child\" data-id=\"5469c140\" data-element_type=\"container\">\n\t\t\t\t<\/div>\n\t\t<div class=\"elementor-element elementor-element-1ce74b61 e-con-full e-flex e-con e-child\" data-id=\"1ce74b61\" data-element_type=\"container\">\n\t\t\t\t<\/div>\n\t\t<div class=\"elementor-element elementor-element-103e3753 e-con-full e-flex e-con e-child\" data-id=\"103e3753\" data-element_type=\"container\">\n\t\t\t\t<\/div>\n\t\t\t\t<\/div>\n\t\t<div class=\"elementor-element elementor-element-17289f69 e-flex e-con-boxed e-con e-parent\" data-id=\"17289f69\" data-element_type=\"container\">\n\t\t\t\t\t<div class=\"e-con-inner\">\n\t\t<div class=\"elementor-element elementor-element-776a7ae e-con-full e-flex e-con e-child\" data-id=\"776a7ae\" data-element_type=\"container\">\n\t\t\t\t<\/div>\n\t\t<div class=\"elementor-element elementor-element-1af12601 e-con-full e-flex e-con e-child\" data-id=\"1af12601\" data-element_type=\"container\" data-settings=\"{&quot;background_background&quot;:&quot;classic&quot;}\">\n\t\t\t\t<div class=\"elementor-element elementor-element-2d2a2ded elementor-widget elementor-widget-text-editor\" data-id=\"2d2a2ded\" data-element_type=\"widget\" data-widget_type=\"text-editor.default\">\n\t\t\t\t\t\t\t\t\t<h3 style=\"margin-bottom: 0cm;\"><strong><span style=\"font-family: Arial, serif;\"><span style=\"font-size: 18px;\">Z\u00e1kladn\u00ed slu\u017eby<\/span><\/span><\/strong><\/h3>\n<ul>\n \t<li>\n<h4><span style=\"font-family: Arial, serif;\"><span style=\"font-size: medium;\">P\u0159ij\u00edm\u00e1n\u00ed vklad\u016f<\/span><\/span><\/h4>\n<\/li>\n \t<li>\n<h4><span style=\"font-family: Arial, serif;\"><span style=\"font-size: medium;\">Poskytov\u00e1n\u00ed \u00fav\u011br\u016f<\/span><\/span><\/h4>\n<\/li>\t\t\t\t\t\t\t\t<\/div>\n\t\t\t\t<\/div>\n\t\t<div class=\"elementor-element elementor-element-3a22f035 e-con-full e-flex e-con e-child\" data-id=\"3a22f035\" data-element_type=\"container\">\n\t\t\t\t<\/div>\n\t\t\t\t\t<\/div>\n\t\t\t\t<\/div>\n\t\t\t\t<\/div>\n\t\t","protected":false},"excerpt":{"rendered":"<p>Bankovnictv\u00ed Z\u00e1kladn\u00ed slu\u017eby P\u0159ij\u00edm\u00e1n\u00ed vklad\u016f Poskytov\u00e1n\u00ed \u00fav\u011br\u016f<\/p>\n","protected":false},"author":2,"featured_media":0,"parent":0,"menu_order":0,"comment_status":"closed","ping_status":"closed","template":"elementor_canvas","meta":{"footnotes":""},"class_list":["post-955","page","type-page","status-publish","hentry"],"_links":{"self":[{"href":"https:\/\/tvhasici.cz\/KI\/wp-json\/wp\/v2\/pages\/955","targetHints":{"allow":["GET"]}}],"collection":[{"href":"https:\/\/tvhasici.cz\/KI\/wp-json\/wp\/v2\/pages"}],"about":[{"href":"https:\/\/tvhasici.cz\/KI\/wp-json\/wp\/v2\/types\/page"}],"author":[{"embeddable":true,"href":"https:\/\/tvhasici.cz\/KI\/wp-json\/wp\/v2\/users\/2"}],"replies":[{"embeddable":true,"href":"https:\/\/tvhasici.cz\/KI\/wp-json\/wp\/v2\/comments?post=955"}],"version-history":[{"count":9,"href":"https:\/\/tvhasici.cz\/KI\/wp-json\/wp\/v2\/pages\/955\/revisions"}],"predecessor-version":[{"id":1093,"href":"https:\/\/tvhasici.cz\/KI\/wp-json\/wp\/v2\/pages\/955\/revisions\/1093"}],"wp:attachment":[{"href":"https:\/\/tvhasici.cz\/KI\/wp-json\/wp\/v2\/media?parent=955"}],"curies":[{"name":"wp","href":"https:\/\/api.w.org\/{rel}","templated":true}]}}