{"id":937,"date":"2026-02-05T10:40:56","date_gmt":"2026-02-05T10:40:56","guid":{"rendered":"https:\/\/tvhasici.cz\/KI\/?page_id=937"},"modified":"2026-02-05T19:40:10","modified_gmt":"2026-02-05T19:40:10","slug":"ki-doprava","status":"publish","type":"page","link":"https:\/\/tvhasici.cz\/KI\/ki-doprava\/","title":{"rendered":"KI-Doprava"},"content":{"rendered":"\t\t<div data-elementor-type=\"wp-page\" data-elementor-id=\"937\" class=\"elementor elementor-937\">\n\t\t\t\t<div class=\"elementor-element elementor-element-2c0c511f e-con-full e-flex e-con e-parent\" data-id=\"2c0c511f\" data-element_type=\"container\">\n\t\t<div class=\"elementor-element elementor-element-7e5b01ec e-con-full e-flex e-con e-child\" data-id=\"7e5b01ec\" data-element_type=\"container\">\n\t\t\t\t<\/div>\n\t\t<div class=\"elementor-element elementor-element-761f1916 e-con-full e-flex e-con e-child\" data-id=\"761f1916\" data-element_type=\"container\">\n\t\t\t\t<\/div>\n\t\t<div class=\"elementor-element elementor-element-2a4b2886 e-con-full e-flex e-con e-child\" data-id=\"2a4b2886\" data-element_type=\"container\">\n\t\t\t\t<\/div>\n\t\t\t\t<\/div>\n\t\t<div class=\"elementor-element elementor-element-ffca0fd e-flex e-con-boxed e-con e-parent\" data-id=\"ffca0fd\" data-element_type=\"container\">\n\t\t\t\t\t<div class=\"e-con-inner\">\n\t\t<div class=\"elementor-element elementor-element-1beb60fa e-con-full e-flex e-con e-child\" data-id=\"1beb60fa\" data-element_type=\"container\">\n\t\t\t\t<div class=\"elementor-element elementor-element-51a9c9b6 elementor-widget elementor-widget-image\" data-id=\"51a9c9b6\" data-element_type=\"widget\" data-widget_type=\"image.default\">\n\t\t\t\t\t\t\t\t\t\t\t\t<figure class=\"wp-caption\">\n\t\t\t\t\t\t\t\t\t\t\t<a href=\"https:\/\/tvhasici.cz\/KI\/ki-odvetvi-a-pododvetvi\/\">\n\t\t\t\t\t\t\t<img decoding=\"async\" width=\"150\" height=\"150\" src=\"https:\/\/tvhasici.cz\/KI\/wp-content\/uploads\/2026\/02\/ChatGPT-Image-2.-2.-2026-23_42_33-150x150.png\" class=\"attachment-thumbnail size-thumbnail wp-image-778\" alt=\"\" srcset=\"https:\/\/tvhasici.cz\/KI\/wp-content\/uploads\/2026\/02\/ChatGPT-Image-2.-2.-2026-23_42_33-150x150.png 150w, https:\/\/tvhasici.cz\/KI\/wp-content\/uploads\/2026\/02\/ChatGPT-Image-2.-2.-2026-23_42_33-300x300.png 300w, https:\/\/tvhasici.cz\/KI\/wp-content\/uploads\/2026\/02\/ChatGPT-Image-2.-2.-2026-23_42_33-768x768.png 768w, https:\/\/tvhasici.cz\/KI\/wp-content\/uploads\/2026\/02\/ChatGPT-Image-2.-2.-2026-23_42_33.png 1024w\" sizes=\"(max-width: 150px) 100vw, 150px\" \/>\t\t\t\t\t\t\t\t<\/a>\n\t\t\t\t\t\t\t\t\t\t\t<figcaption class=\"widget-image-caption wp-caption-text\"><\/figcaption>\n\t\t\t\t\t\t\t\t\t\t<\/figure>\n\t\t\t\t\t\t\t\t\t<\/div>\n\t\t\t\t<\/div>\n\t\t<div class=\"elementor-element elementor-element-2461ef8e e-con-full e-flex e-con e-child\" data-id=\"2461ef8e\" data-element_type=\"container\">\n\t\t\t\t<div class=\"elementor-element elementor-element-762ea779 elementor-widget elementor-widget-image\" data-id=\"762ea779\" data-element_type=\"widget\" data-widget_type=\"image.default\">\n\t\t\t\t\t\t\t\t\t\t\t\t\t\t\t<img decoding=\"async\" width=\"150\" height=\"150\" src=\"https:\/\/tvhasici.cz\/KI\/wp-content\/uploads\/2026\/02\/ChatGPT-Image-2.-2.-2026-13_50_15-150x150.png\" class=\"attachment-thumbnail size-thumbnail wp-image-658\" alt=\"\" srcset=\"https:\/\/tvhasici.cz\/KI\/wp-content\/uploads\/2026\/02\/ChatGPT-Image-2.-2.-2026-13_50_15-150x150.png 150w, https:\/\/tvhasici.cz\/KI\/wp-content\/uploads\/2026\/02\/ChatGPT-Image-2.-2.-2026-13_50_15-300x300.png 300w, https:\/\/tvhasici.cz\/KI\/wp-content\/uploads\/2026\/02\/ChatGPT-Image-2.-2.-2026-13_50_15-768x768.png 768w, https:\/\/tvhasici.cz\/KI\/wp-content\/uploads\/2026\/02\/ChatGPT-Image-2.-2.-2026-13_50_15.png 1024w\" sizes=\"(max-width: 150px) 100vw, 150px\" \/>\t\t\t\t\t\t\t\t\t\t\t\t\t\t\t<\/div>\n\t\t\t\t<div class=\"elementor-element elementor-element-58a910ef elementor-widget elementor-widget-heading\" data-id=\"58a910ef\" data-element_type=\"widget\" data-widget_type=\"heading.default\">\n\t\t\t\t\t<h1 class=\"elementor-heading-title elementor-size-default\"><a href=\"https:\/\/tvhasici.cz\/KI\/ki-odvetvi-a-pododvetvi\/\">Doprava<\/a><\/h1>\t\t\t\t<\/div>\n\t\t\t\t<\/div>\n\t\t<div class=\"elementor-element elementor-element-2145c62b e-con-full e-flex e-con e-child\" data-id=\"2145c62b\" data-element_type=\"container\">\n\t\t\t\t<\/div>\n\t\t\t\t\t<\/div>\n\t\t\t\t<\/div>\n\t\t<div class=\"elementor-element elementor-element-68660a25 e-con-full e-flex e-con e-parent\" data-id=\"68660a25\" data-element_type=\"container\">\n\t\t<div class=\"elementor-element elementor-element-48c99832 e-con-full e-flex e-con e-child\" data-id=\"48c99832\" data-element_type=\"container\">\n\t\t\t\t<\/div>\n\t\t<div class=\"elementor-element elementor-element-8aefac7 e-con-full e-flex e-con e-child\" data-id=\"8aefac7\" data-element_type=\"container\">\n\t\t\t\t<\/div>\n\t\t<div class=\"elementor-element elementor-element-2bebb3da e-con-full e-flex e-con e-child\" data-id=\"2bebb3da\" data-element_type=\"container\">\n\t\t\t\t<\/div>\n\t\t\t\t<\/div>\n\t\t<div class=\"elementor-element elementor-element-61d8c50a e-flex e-con-boxed e-con e-parent\" data-id=\"61d8c50a\" data-element_type=\"container\">\n\t\t\t\t\t<div class=\"e-con-inner\">\n\t\t<div class=\"elementor-element elementor-element-7d8c2352 e-con-full e-flex e-con e-child\" data-id=\"7d8c2352\" data-element_type=\"container\">\n\t\t\t\t<\/div>\n\t\t<div class=\"elementor-element elementor-element-263089ba e-con-full e-flex e-con e-child\" data-id=\"263089ba\" data-element_type=\"container\" data-settings=\"{&quot;background_background&quot;:&quot;classic&quot;}\">\n\t\t\t\t<div class=\"elementor-element elementor-element-5fc26ecf elementor-widget elementor-widget-text-editor\" data-id=\"5fc26ecf\" data-element_type=\"widget\" data-widget_type=\"text-editor.default\">\n\t\t\t\t\t\t\t\t\t<h3 style=\"margin-bottom: 0cm;\"><strong><span style=\"font-family: Arial, serif;\"><span style=\"font-size: 18px;\">Pododv\u011btv\u00ed<\/span><\/span><\/strong><\/h3>\t\t\t\t\t\t\t\t<\/div>\n\t\t\t\t<div class=\"elementor-element elementor-element-45d04de0 elementor-widget elementor-widget-n-accordion\" data-id=\"45d04de0\" data-element_type=\"widget\" data-settings=\"{&quot;default_state&quot;:&quot;all_collapsed&quot;,&quot;max_items_expended&quot;:&quot;multiple&quot;,&quot;n_accordion_animation_duration&quot;:{&quot;unit&quot;:&quot;ms&quot;,&quot;size&quot;:400,&quot;sizes&quot;:[]}}\" data-widget_type=\"nested-accordion.default\">\n\t\t\t\t\t\t\t<div class=\"e-n-accordion\" aria-label=\"Accordion. Open links with Enter or Space, close with Escape, and navigate with Arrow Keys\">\n\t\t\t\t\t\t<details id=\"e-n-accordion-item-1170\" class=\"e-n-accordion-item\" >\n\t\t\t\t<summary class=\"e-n-accordion-item-title\" data-accordion-index=\"1\" tabindex=\"0\" aria-expanded=\"false\" aria-controls=\"e-n-accordion-item-1170\" >\n\t\t\t\t\t<span class='e-n-accordion-item-title-header'><div class=\"e-n-accordion-item-title-text\"> Leteck\u00e1 doprava <\/div><\/span>\n\t\t\t\t\t\t\t<span class='e-n-accordion-item-title-icon'>\n\t\t\t<span class='e-opened' ><svg aria-hidden=\"true\" class=\"e-font-icon-svg e-fas-minus\" viewBox=\"0 0 448 512\" xmlns=\"http:\/\/www.w3.org\/2000\/svg\"><path d=\"M416 208H32c-17.67 0-32 14.33-32 32v32c0 17.67 14.33 32 32 32h384c17.67 0 32-14.33 32-32v-32c0-17.67-14.33-32-32-32z\"><\/path><\/svg><\/span>\n\t\t\t<span class='e-closed'><svg aria-hidden=\"true\" class=\"e-font-icon-svg e-fas-angle-right\" viewBox=\"0 0 256 512\" xmlns=\"http:\/\/www.w3.org\/2000\/svg\"><path d=\"M224.3 273l-136 136c-9.4 9.4-24.6 9.4-33.9 0l-22.6-22.6c-9.4-9.4-9.4-24.6 0-33.9l96.4-96.4-96.4-96.4c-9.4-9.4-9.4-24.6 0-33.9L54.3 103c9.4-9.4 24.6-9.4 33.9 0l136 136c9.5 9.4 9.5 24.6.1 34z\"><\/path><\/svg><\/span>\n\t\t<\/span>\n\n\t\t\t\t\t\t<\/summary>\n\t\t\t\t<div role=\"region\" aria-labelledby=\"e-n-accordion-item-1170\" class=\"elementor-element elementor-element-aaee372 e-con-full e-flex e-con e-child\" data-id=\"aaee372\" data-element_type=\"container\">\n\t\t<div role=\"region\" aria-labelledby=\"e-n-accordion-item-1170\" class=\"elementor-element elementor-element-35dfa775 e-flex e-con-boxed e-con e-child\" data-id=\"35dfa775\" data-element_type=\"container\">\n\t\t\t\t\t<div class=\"e-con-inner\">\n\t\t\t\t<div class=\"elementor-element elementor-element-255170c1 elementor-widget elementor-widget-text-editor\" data-id=\"255170c1\" data-element_type=\"widget\" data-widget_type=\"text-editor.default\">\n\t\t\t\t\t\t\t\t\t<h3 style=\"margin-bottom: 0cm;\"><strong><span style=\"font-family: Arial, serif;\"><span style=\"font-size: 18px;\">Z\u00e1kladn\u00ed slu\u017eby<\/span><\/span><\/strong><\/h3><ul><li><h4><span style=\"font-family: Arial, serif;\"><span style=\"font-size: medium;\">Slu\u017eby osobn\u00ed a n\u00e1kladn\u00ed leteck\u00e9 dopravy vyu\u017e\u00edvan\u00e9 ke komer\u010dn\u00edm \u00fa\u010del\u016fm<\/span><\/span><\/h4><\/li><li><h4><span style=\"font-family: Arial, serif;\"><span style=\"font-size: medium;\">Provoz, spr\u00e1va a \u00fadr\u017eba infrastruktury leti\u0161\u0165 a s\u00edt\u011b leti\u0161\u0165<\/span><\/span><\/h4><\/li><li><h4><span style=\"font-family: Arial, serif;\"><span style=\"font-size: medium;\">Slu\u017eby \u0159\u00edzen\u00ed letov\u00e9ho provozu<\/span><\/span><\/h4><\/li><\/ul>\t\t\t\t\t\t\t\t<\/div>\n\t\t\t\t\t<\/div>\n\t\t\t\t<\/div>\n\t\t\t\t<\/div>\n\t\t\t\t\t<\/details>\n\t\t\t\t\t\t<details id=\"e-n-accordion-item-1171\" class=\"e-n-accordion-item\" >\n\t\t\t\t<summary class=\"e-n-accordion-item-title\" data-accordion-index=\"2\" tabindex=\"-1\" aria-expanded=\"false\" aria-controls=\"e-n-accordion-item-1171\" >\n\t\t\t\t\t<span class='e-n-accordion-item-title-header'><div class=\"e-n-accordion-item-title-text\"> \u017delezni\u010dn\u00ed doprava <\/div><\/span>\n\t\t\t\t\t\t\t<span class='e-n-accordion-item-title-icon'>\n\t\t\t<span class='e-opened' ><svg aria-hidden=\"true\" class=\"e-font-icon-svg e-fas-minus\" viewBox=\"0 0 448 512\" xmlns=\"http:\/\/www.w3.org\/2000\/svg\"><path d=\"M416 208H32c-17.67 0-32 14.33-32 32v32c0 17.67 14.33 32 32 32h384c17.67 0 32-14.33 32-32v-32c0-17.67-14.33-32-32-32z\"><\/path><\/svg><\/span>\n\t\t\t<span class='e-closed'><svg aria-hidden=\"true\" class=\"e-font-icon-svg e-fas-angle-right\" viewBox=\"0 0 256 512\" xmlns=\"http:\/\/www.w3.org\/2000\/svg\"><path d=\"M224.3 273l-136 136c-9.4 9.4-24.6 9.4-33.9 0l-22.6-22.6c-9.4-9.4-9.4-24.6 0-33.9l96.4-96.4-96.4-96.4c-9.4-9.4-9.4-24.6 0-33.9L54.3 103c9.4-9.4 24.6-9.4 33.9 0l136 136c9.5 9.4 9.5 24.6.1 34z\"><\/path><\/svg><\/span>\n\t\t<\/span>\n\n\t\t\t\t\t\t<\/summary>\n\t\t\t\t<div role=\"region\" aria-labelledby=\"e-n-accordion-item-1171\" class=\"elementor-element elementor-element-5e716329 e-con-full e-flex e-con e-child\" data-id=\"5e716329\" data-element_type=\"container\">\n\t\t<div role=\"region\" aria-labelledby=\"e-n-accordion-item-1171\" class=\"elementor-element elementor-element-6ed5ebfe e-flex e-con-boxed e-con e-child\" data-id=\"6ed5ebfe\" data-element_type=\"container\">\n\t\t\t\t\t<div class=\"e-con-inner\">\n\t\t\t\t<div class=\"elementor-element elementor-element-1ae2120f elementor-widget elementor-widget-text-editor\" data-id=\"1ae2120f\" data-element_type=\"widget\" data-widget_type=\"text-editor.default\">\n\t\t\t\t\t\t\t\t\t<h3 style=\"margin-bottom: 0cm;\"><strong><span style=\"font-family: Arial, serif;\"><span style=\"font-size: 18px;\">Z\u00e1kladn\u00ed slu\u017eby<\/span><\/span><\/strong><\/h3><ul><li><h4><span style=\"font-family: Arial, serif;\"><span style=\"font-size: medium;\">Slu\u017eby osobn\u00ed a n\u00e1kladn\u00ed \u017eelezni\u010dn\u00ed dopravy<\/span><\/span><\/h4><\/li><li><h4><span style=\"font-family: Arial, serif;\"><span style=\"font-size: medium;\">Provoz, spr\u00e1va a \u00fadr\u017eba \u017eelezni\u010dn\u00ed infrastruktury<\/span><\/span><\/h4><\/li><li><h4><span style=\"font-family: Arial, serif;\"><span style=\"font-size: medium;\">Provoz, spr\u00e1va a \u00fadr\u017eba za\u0159\u00edzen\u00ed \u017eelezni\u010dn\u00edch slu\u017eeb<\/span><\/span><\/h4><\/li><\/ul><ul><li><h4><span style=\"font-family: Arial, serif;\"><span style=\"font-size: medium;\">Provoz, spr\u00e1va a \u00fadr\u017eba \u0159\u00edzen\u00ed \u017eelezni\u010dn\u00edho provozu, \u0159\u00edzen\u00ed a zabezpe\u010den\u00ed, jako\u017e i telekomunika\u010dn\u00edch za\u0159\u00edzen\u00ed a syst\u00e9m\u016f pou\u017e\u00edvan\u00fdch pro \u0159\u00edzen\u00ed a zabezpe\u010den\u00ed<\/span><\/span><\/h4><\/li><\/ul>\t\t\t\t\t\t\t\t<\/div>\n\t\t\t\t\t<\/div>\n\t\t\t\t<\/div>\n\t\t\t\t<\/div>\n\t\t\t\t\t<\/details>\n\t\t\t\t\t\t<details id=\"e-n-accordion-item-1172\" class=\"e-n-accordion-item\" >\n\t\t\t\t<summary class=\"e-n-accordion-item-title\" data-accordion-index=\"3\" tabindex=\"-1\" aria-expanded=\"false\" aria-controls=\"e-n-accordion-item-1172\" >\n\t\t\t\t\t<span class='e-n-accordion-item-title-header'><div class=\"e-n-accordion-item-title-text\"> Vodn\u00ed doprava <\/div><\/span>\n\t\t\t\t\t\t\t<span class='e-n-accordion-item-title-icon'>\n\t\t\t<span class='e-opened' ><svg aria-hidden=\"true\" class=\"e-font-icon-svg e-fas-minus\" viewBox=\"0 0 448 512\" xmlns=\"http:\/\/www.w3.org\/2000\/svg\"><path d=\"M416 208H32c-17.67 0-32 14.33-32 32v32c0 17.67 14.33 32 32 32h384c17.67 0 32-14.33 32-32v-32c0-17.67-14.33-32-32-32z\"><\/path><\/svg><\/span>\n\t\t\t<span class='e-closed'><svg aria-hidden=\"true\" class=\"e-font-icon-svg e-fas-angle-right\" viewBox=\"0 0 256 512\" xmlns=\"http:\/\/www.w3.org\/2000\/svg\"><path d=\"M224.3 273l-136 136c-9.4 9.4-24.6 9.4-33.9 0l-22.6-22.6c-9.4-9.4-9.4-24.6 0-33.9l96.4-96.4-96.4-96.4c-9.4-9.4-9.4-24.6 0-33.9L54.3 103c9.4-9.4 24.6-9.4 33.9 0l136 136c9.5 9.4 9.5 24.6.1 34z\"><\/path><\/svg><\/span>\n\t\t<\/span>\n\n\t\t\t\t\t\t<\/summary>\n\t\t\t\t<div role=\"region\" aria-labelledby=\"e-n-accordion-item-1172\" class=\"elementor-element elementor-element-4c3cdfc e-con-full e-flex e-con e-child\" data-id=\"4c3cdfc\" data-element_type=\"container\">\n\t\t<div role=\"region\" aria-labelledby=\"e-n-accordion-item-1172\" class=\"elementor-element elementor-element-17d649c2 e-flex e-con-boxed e-con e-child\" data-id=\"17d649c2\" data-element_type=\"container\">\n\t\t\t\t\t<div class=\"e-con-inner\">\n\t\t\t\t<div class=\"elementor-element elementor-element-2476c84b elementor-widget elementor-widget-text-editor\" data-id=\"2476c84b\" data-element_type=\"widget\" data-widget_type=\"text-editor.default\">\n\t\t\t\t\t\t\t\t\t<h3 style=\"margin-bottom: 0cm;\"><strong><span style=\"font-family: Arial, serif;\"><span style=\"font-size: 18px;\">Z\u00e1kladn\u00ed slu\u017eby<\/span><\/span><\/strong><\/h3><ul><li><h4><span style=\"font-family: Arial, serif;\"><span style=\"font-size: medium;\">\u200bSlu\u017eby vnitrozemsk\u00e9, n\u00e1mo\u0159n\u00ed a pob\u0159e\u017en\u00ed osobn\u00ed a n\u00e1kladn\u00ed vodn\u00ed dopravy<\/span><\/span><\/h4><\/li><li><h4><span style=\"font-family: Arial, serif;\"><span style=\"font-size: medium;\">Provoz, spr\u00e1va a \u00fadr\u017eba p\u0159\u00edstav\u016f a p\u0159\u00edstavn\u00edch za\u0159\u00edzen\u00ed a provoz d\u011bl a za\u0159\u00edzen\u00ed v r\u00e1mci p\u0159\u00edstav\u016f<\/span><\/span><\/h4><\/li><li><h4><span style=\"font-family: Arial, serif;\"><span style=\"font-size: medium;\">Slu\u017eby lodn\u00ed doprav\u011b<\/span><\/span><\/h4><\/li><\/ul>\t\t\t\t\t\t\t\t<\/div>\n\t\t\t\t\t<\/div>\n\t\t\t\t<\/div>\n\t\t\t\t<\/div>\n\t\t\t\t\t<\/details>\n\t\t\t\t\t\t<details id=\"e-n-accordion-item-1173\" class=\"e-n-accordion-item\" >\n\t\t\t\t<summary class=\"e-n-accordion-item-title\" data-accordion-index=\"4\" tabindex=\"-1\" aria-expanded=\"false\" aria-controls=\"e-n-accordion-item-1173\" >\n\t\t\t\t\t<span class='e-n-accordion-item-title-header'><div class=\"e-n-accordion-item-title-text\"> Silni\u010dn\u00ed doprava <\/div><\/span>\n\t\t\t\t\t\t\t<span class='e-n-accordion-item-title-icon'>\n\t\t\t<span class='e-opened' ><svg aria-hidden=\"true\" class=\"e-font-icon-svg e-fas-minus\" viewBox=\"0 0 448 512\" xmlns=\"http:\/\/www.w3.org\/2000\/svg\"><path d=\"M416 208H32c-17.67 0-32 14.33-32 32v32c0 17.67 14.33 32 32 32h384c17.67 0 32-14.33 32-32v-32c0-17.67-14.33-32-32-32z\"><\/path><\/svg><\/span>\n\t\t\t<span class='e-closed'><svg aria-hidden=\"true\" class=\"e-font-icon-svg e-fas-angle-right\" viewBox=\"0 0 256 512\" xmlns=\"http:\/\/www.w3.org\/2000\/svg\"><path d=\"M224.3 273l-136 136c-9.4 9.4-24.6 9.4-33.9 0l-22.6-22.6c-9.4-9.4-9.4-24.6 0-33.9l96.4-96.4-96.4-96.4c-9.4-9.4-9.4-24.6 0-33.9L54.3 103c9.4-9.4 24.6-9.4 33.9 0l136 136c9.5 9.4 9.5 24.6.1 34z\"><\/path><\/svg><\/span>\n\t\t<\/span>\n\n\t\t\t\t\t\t<\/summary>\n\t\t\t\t<div role=\"region\" aria-labelledby=\"e-n-accordion-item-1173\" class=\"elementor-element elementor-element-15afb634 e-flex e-con-boxed e-con e-child\" data-id=\"15afb634\" data-element_type=\"container\">\n\t\t\t\t\t<div class=\"e-con-inner\">\n\t\t<div role=\"region\" aria-labelledby=\"e-n-accordion-item-1173\" class=\"elementor-element elementor-element-2c823a74 e-con-full e-flex e-con e-child\" data-id=\"2c823a74\" data-element_type=\"container\">\n\t\t\t\t<div class=\"elementor-element elementor-element-6c9066 elementor-widget elementor-widget-text-editor\" data-id=\"6c9066\" data-element_type=\"widget\" data-widget_type=\"text-editor.default\">\n\t\t\t\t\t\t\t\t\t<h3 style=\"margin-bottom: 0cm;\"><strong><span style=\"font-family: Arial, serif;\"><span style=\"font-size: 18px;\">Z\u00e1kladn\u00ed slu\u017eby<\/span><\/span><\/strong><\/h3><ul><li><h4><span style=\"font-family: Arial, serif;\"><span style=\"font-size: medium;\">Kontrola \u0159\u00edzen\u00ed provozu<\/span><\/span><\/h4><\/li><li><h4><span style=\"font-family: Arial, serif;\"><span style=\"font-size: medium;\">Slu\u017eby inteligentn\u00edch dopravn\u00edch syst\u00e9m\u016f<\/span><\/span><\/h4><\/li><\/ul>\t\t\t\t\t\t\t\t<\/div>\n\t\t\t\t<\/div>\n\t\t\t\t\t<\/div>\n\t\t\t\t<\/div>\n\t\t\t\t\t<\/details>\n\t\t\t\t\t\t<details id=\"e-n-accordion-item-1174\" class=\"e-n-accordion-item\" >\n\t\t\t\t<summary class=\"e-n-accordion-item-title\" data-accordion-index=\"5\" tabindex=\"-1\" aria-expanded=\"false\" aria-controls=\"e-n-accordion-item-1174\" >\n\t\t\t\t\t<span class='e-n-accordion-item-title-header'><div class=\"e-n-accordion-item-title-text\"> Ve\u0159ejn\u00e1 doprava <\/div><\/span>\n\t\t\t\t\t\t\t<span class='e-n-accordion-item-title-icon'>\n\t\t\t<span class='e-opened' ><svg aria-hidden=\"true\" class=\"e-font-icon-svg e-fas-minus\" viewBox=\"0 0 448 512\" xmlns=\"http:\/\/www.w3.org\/2000\/svg\"><path d=\"M416 208H32c-17.67 0-32 14.33-32 32v32c0 17.67 14.33 32 32 32h384c17.67 0 32-14.33 32-32v-32c0-17.67-14.33-32-32-32z\"><\/path><\/svg><\/span>\n\t\t\t<span class='e-closed'><svg aria-hidden=\"true\" class=\"e-font-icon-svg e-fas-angle-right\" viewBox=\"0 0 256 512\" xmlns=\"http:\/\/www.w3.org\/2000\/svg\"><path d=\"M224.3 273l-136 136c-9.4 9.4-24.6 9.4-33.9 0l-22.6-22.6c-9.4-9.4-9.4-24.6 0-33.9l96.4-96.4-96.4-96.4c-9.4-9.4-9.4-24.6 0-33.9L54.3 103c9.4-9.4 24.6-9.4 33.9 0l136 136c9.5 9.4 9.5 24.6.1 34z\"><\/path><\/svg><\/span>\n\t\t<\/span>\n\n\t\t\t\t\t\t<\/summary>\n\t\t\t\t<div role=\"region\" aria-labelledby=\"e-n-accordion-item-1174\" class=\"elementor-element elementor-element-526a5ea4 e-flex e-con-boxed e-con e-child\" data-id=\"526a5ea4\" data-element_type=\"container\">\n\t\t\t\t\t<div class=\"e-con-inner\">\n\t\t<div role=\"region\" aria-labelledby=\"e-n-accordion-item-1174\" class=\"elementor-element elementor-element-47f52d2e e-con-full e-flex e-con e-child\" data-id=\"47f52d2e\" data-element_type=\"container\">\n\t\t\t\t<div class=\"elementor-element elementor-element-31a2bbc0 elementor-widget elementor-widget-text-editor\" data-id=\"31a2bbc0\" data-element_type=\"widget\" data-widget_type=\"text-editor.default\">\n\t\t\t\t\t\t\t\t\t<h3 style=\"margin-bottom: 0cm;\"><strong><span style=\"font-family: Arial, serif;\"><span style=\"font-size: 18px;\">Z\u00e1kladn\u00ed slu\u017eba<\/span><\/span><\/strong><\/h3><ul><li><h4><span style=\"font-family: Arial, serif;\"><span style=\"font-size: medium;\">Ve\u0159ejn\u00e9 slu\u017eby v p\u0159eprav\u011b cestuj\u00edc\u00edch po \u017eeleznici a jin\u00fdmi druhy dr\u00e1\u017en\u00ed dopravy a po silnici<\/span><\/span><\/h4><\/li><\/ul>\t\t\t\t\t\t\t\t<\/div>\n\t\t\t\t<\/div>\n\t\t\t\t\t<\/div>\n\t\t\t\t<\/div>\n\t\t\t\t\t<\/details>\n\t\t\t\t\t<\/div>\n\t\t\t\t\t\t<\/div>\n\t\t\t\t<\/div>\n\t\t<div class=\"elementor-element elementor-element-b4d42e5 e-con-full e-flex e-con e-child\" data-id=\"b4d42e5\" data-element_type=\"container\">\n\t\t\t\t<\/div>\n\t\t\t\t\t<\/div>\n\t\t\t\t<\/div>\n\t\t\t\t<\/div>\n\t\t","protected":false},"excerpt":{"rendered":"<p>Doprava Pododv\u011btv\u00ed Leteck\u00e1 doprava Z\u00e1kladn\u00ed slu\u017eby Slu\u017eby osobn\u00ed a n\u00e1kladn\u00ed leteck\u00e9 dopravy vyu\u017e\u00edvan\u00e9 ke komer\u010dn\u00edm \u00fa\u010del\u016fm Provoz, spr\u00e1va a \u00fadr\u017eba infrastruktury leti\u0161\u0165 a s\u00edt\u011b leti\u0161\u0165 Slu\u017eby \u0159\u00edzen\u00ed letov\u00e9ho provozu \u017delezni\u010dn\u00ed doprava Z\u00e1kladn\u00ed slu\u017eby Slu\u017eby osobn\u00ed a n\u00e1kladn\u00ed \u017eelezni\u010dn\u00ed dopravy Provoz, spr\u00e1va a \u00fadr\u017eba \u017eelezni\u010dn\u00ed infrastruktury Provoz, spr\u00e1va a \u00fadr\u017eba za\u0159\u00edzen\u00ed \u017eelezni\u010dn\u00edch slu\u017eeb Provoz, spr\u00e1va a [&hellip;]<\/p>\n","protected":false},"author":2,"featured_media":0,"parent":0,"menu_order":0,"comment_status":"closed","ping_status":"closed","template":"elementor_canvas","meta":{"footnotes":""},"class_list":["post-937","page","type-page","status-publish","hentry"],"_links":{"self":[{"href":"https:\/\/tvhasici.cz\/KI\/wp-json\/wp\/v2\/pages\/937","targetHints":{"allow":["GET"]}}],"collection":[{"href":"https:\/\/tvhasici.cz\/KI\/wp-json\/wp\/v2\/pages"}],"about":[{"href":"https:\/\/tvhasici.cz\/KI\/wp-json\/wp\/v2\/types\/page"}],"author":[{"embeddable":true,"href":"https:\/\/tvhasici.cz\/KI\/wp-json\/wp\/v2\/users\/2"}],"replies":[{"embeddable":true,"href":"https:\/\/tvhasici.cz\/KI\/wp-json\/wp\/v2\/comments?post=937"}],"version-history":[{"count":15,"href":"https:\/\/tvhasici.cz\/KI\/wp-json\/wp\/v2\/pages\/937\/revisions"}],"predecessor-version":[{"id":1184,"href":"https:\/\/tvhasici.cz\/KI\/wp-json\/wp\/v2\/pages\/937\/revisions\/1184"}],"wp:attachment":[{"href":"https:\/\/tvhasici.cz\/KI\/wp-json\/wp\/v2\/media?parent=937"}],"curies":[{"name":"wp","href":"https:\/\/api.w.org\/{rel}","templated":true}]}}