{"id":900,"date":"2026-02-04T16:34:20","date_gmt":"2026-02-04T16:34:20","guid":{"rendered":"https:\/\/tvhasici.cz\/KI\/?page_id=900"},"modified":"2026-02-05T19:43:54","modified_gmt":"2026-02-05T19:43:54","slug":"ki-energetika","status":"publish","type":"page","link":"https:\/\/tvhasici.cz\/KI\/ki-energetika\/","title":{"rendered":"KI-Energetika"},"content":{"rendered":"\t\t<div data-elementor-type=\"wp-page\" data-elementor-id=\"900\" class=\"elementor elementor-900\">\n\t\t\t\t<div class=\"elementor-element elementor-element-1cb0ab3 e-con-full e-flex e-con e-parent\" data-id=\"1cb0ab3\" data-element_type=\"container\">\n\t\t<div class=\"elementor-element elementor-element-1d8e74c e-con-full e-flex e-con e-child\" data-id=\"1d8e74c\" data-element_type=\"container\">\n\t\t\t\t<\/div>\n\t\t<div class=\"elementor-element elementor-element-216d144 e-con-full e-flex e-con e-child\" data-id=\"216d144\" data-element_type=\"container\">\n\t\t\t\t<\/div>\n\t\t<div class=\"elementor-element elementor-element-cb3de7e e-con-full e-flex e-con e-child\" data-id=\"cb3de7e\" data-element_type=\"container\">\n\t\t\t\t<\/div>\n\t\t\t\t<\/div>\n\t\t<div class=\"elementor-element elementor-element-73b180f4 e-flex e-con-boxed e-con e-parent\" data-id=\"73b180f4\" data-element_type=\"container\">\n\t\t\t\t\t<div class=\"e-con-inner\">\n\t\t<div class=\"elementor-element elementor-element-a497814 e-con-full e-flex e-con e-child\" data-id=\"a497814\" data-element_type=\"container\">\n\t\t\t\t<div class=\"elementor-element elementor-element-74720f72 elementor-widget elementor-widget-image\" data-id=\"74720f72\" data-element_type=\"widget\" data-widget_type=\"image.default\">\n\t\t\t\t\t\t\t\t\t\t\t\t<figure class=\"wp-caption\">\n\t\t\t\t\t\t\t\t\t\t\t<a href=\"https:\/\/tvhasici.cz\/KI\/ki-odvetvi-a-pododvetvi\/\">\n\t\t\t\t\t\t\t<img decoding=\"async\" width=\"150\" height=\"150\" src=\"https:\/\/tvhasici.cz\/KI\/wp-content\/uploads\/2026\/02\/ChatGPT-Image-2.-2.-2026-23_42_33-150x150.png\" class=\"attachment-thumbnail size-thumbnail wp-image-778\" alt=\"\" srcset=\"https:\/\/tvhasici.cz\/KI\/wp-content\/uploads\/2026\/02\/ChatGPT-Image-2.-2.-2026-23_42_33-150x150.png 150w, https:\/\/tvhasici.cz\/KI\/wp-content\/uploads\/2026\/02\/ChatGPT-Image-2.-2.-2026-23_42_33-300x300.png 300w, https:\/\/tvhasici.cz\/KI\/wp-content\/uploads\/2026\/02\/ChatGPT-Image-2.-2.-2026-23_42_33-768x768.png 768w, https:\/\/tvhasici.cz\/KI\/wp-content\/uploads\/2026\/02\/ChatGPT-Image-2.-2.-2026-23_42_33.png 1024w\" sizes=\"(max-width: 150px) 100vw, 150px\" \/>\t\t\t\t\t\t\t\t<\/a>\n\t\t\t\t\t\t\t\t\t\t\t<figcaption class=\"widget-image-caption wp-caption-text\"><\/figcaption>\n\t\t\t\t\t\t\t\t\t\t<\/figure>\n\t\t\t\t\t\t\t\t\t<\/div>\n\t\t\t\t<\/div>\n\t\t<div class=\"elementor-element elementor-element-3f266c67 e-con-full e-flex e-con e-child\" data-id=\"3f266c67\" data-element_type=\"container\">\n\t\t\t\t<div class=\"elementor-element elementor-element-6a0eeda1 elementor-widget elementor-widget-image\" data-id=\"6a0eeda1\" data-element_type=\"widget\" data-widget_type=\"image.default\">\n\t\t\t\t\t\t\t\t\t\t\t\t\t\t\t<img decoding=\"async\" width=\"150\" height=\"150\" src=\"https:\/\/tvhasici.cz\/KI\/wp-content\/uploads\/2026\/02\/energetika_scaled_72pct_1024-150x150.png\" class=\"attachment-thumbnail size-thumbnail wp-image-589\" alt=\"\" srcset=\"https:\/\/tvhasici.cz\/KI\/wp-content\/uploads\/2026\/02\/energetika_scaled_72pct_1024-150x150.png 150w, https:\/\/tvhasici.cz\/KI\/wp-content\/uploads\/2026\/02\/energetika_scaled_72pct_1024-300x300.png 300w, https:\/\/tvhasici.cz\/KI\/wp-content\/uploads\/2026\/02\/energetika_scaled_72pct_1024-1024x1024.png 1024w, https:\/\/tvhasici.cz\/KI\/wp-content\/uploads\/2026\/02\/energetika_scaled_72pct_1024-768x768.png 768w, https:\/\/tvhasici.cz\/KI\/wp-content\/uploads\/2026\/02\/energetika_scaled_72pct_1024-1536x1536.png 1536w, https:\/\/tvhasici.cz\/KI\/wp-content\/uploads\/2026\/02\/elementor\/thumbs\/energetika_scaled_72pct_1024-riixfrzmivgho53o1e20pbrzohycbl0dhrmg5o53r4.png 160w, https:\/\/tvhasici.cz\/KI\/wp-content\/uploads\/2026\/02\/energetika_scaled_72pct_1024.png 2048w\" sizes=\"(max-width: 150px) 100vw, 150px\" \/>\t\t\t\t\t\t\t\t\t\t\t\t\t\t\t<\/div>\n\t\t\t\t<div class=\"elementor-element elementor-element-6b43dea3 elementor-widget elementor-widget-heading\" data-id=\"6b43dea3\" data-element_type=\"widget\" data-widget_type=\"heading.default\">\n\t\t\t\t\t<h1 class=\"elementor-heading-title elementor-size-default\"><a href=\"https:\/\/tvhasici.cz\/KI\/ki-odvetvi-a-pododvetvi\/\">Energetika<\/a><\/h1>\t\t\t\t<\/div>\n\t\t\t\t<\/div>\n\t\t<div class=\"elementor-element elementor-element-efb738e e-con-full e-flex e-con e-child\" data-id=\"efb738e\" data-element_type=\"container\">\n\t\t\t\t<\/div>\n\t\t\t\t\t<\/div>\n\t\t\t\t<\/div>\n\t\t<div class=\"elementor-element elementor-element-45986ae4 e-con-full e-flex e-con e-parent\" data-id=\"45986ae4\" data-element_type=\"container\">\n\t\t<div class=\"elementor-element elementor-element-61abad14 e-con-full e-flex e-con e-child\" data-id=\"61abad14\" data-element_type=\"container\">\n\t\t\t\t<\/div>\n\t\t<div class=\"elementor-element elementor-element-6cde8cb e-con-full e-flex e-con e-child\" data-id=\"6cde8cb\" data-element_type=\"container\">\n\t\t\t\t<\/div>\n\t\t<div class=\"elementor-element elementor-element-64e0f4da e-con-full e-flex e-con e-child\" data-id=\"64e0f4da\" data-element_type=\"container\">\n\t\t\t\t<\/div>\n\t\t\t\t<\/div>\n\t\t<div class=\"elementor-element elementor-element-77eeed6d e-flex e-con-boxed e-con e-parent\" data-id=\"77eeed6d\" data-element_type=\"container\">\n\t\t\t\t\t<div class=\"e-con-inner\">\n\t\t<div class=\"elementor-element elementor-element-19adca8c e-con-full e-flex e-con e-child\" data-id=\"19adca8c\" data-element_type=\"container\">\n\t\t\t\t<\/div>\n\t\t<div class=\"elementor-element elementor-element-56168c98 e-con-full e-flex e-con e-child\" data-id=\"56168c98\" data-element_type=\"container\" data-settings=\"{&quot;background_background&quot;:&quot;classic&quot;}\">\n\t\t\t\t<div class=\"elementor-element elementor-element-64756bee elementor-widget elementor-widget-text-editor\" data-id=\"64756bee\" data-element_type=\"widget\" data-widget_type=\"text-editor.default\">\n\t\t\t\t\t\t\t\t\t<h3 style=\"margin-bottom: 0cm;\"><strong><span style=\"font-family: Arial, serif;\"><span style=\"font-size: 18px;\">Pododv\u011btv\u00ed<\/span><\/span><\/strong><\/h3>\t\t\t\t\t\t\t\t<\/div>\n\t\t\t\t<div class=\"elementor-element elementor-element-f9163d4 elementor-widget elementor-widget-n-accordion\" data-id=\"f9163d4\" data-element_type=\"widget\" data-settings=\"{&quot;default_state&quot;:&quot;all_collapsed&quot;,&quot;max_items_expended&quot;:&quot;multiple&quot;,&quot;n_accordion_animation_duration&quot;:{&quot;unit&quot;:&quot;ms&quot;,&quot;size&quot;:400,&quot;sizes&quot;:[]}}\" data-widget_type=\"nested-accordion.default\">\n\t\t\t\t\t\t\t<div class=\"e-n-accordion\" aria-label=\"Accordion. Open links with Enter or Space, close with Escape, and navigate with Arrow Keys\">\n\t\t\t\t\t\t<details id=\"e-n-accordion-item-2610\" class=\"e-n-accordion-item\" >\n\t\t\t\t<summary class=\"e-n-accordion-item-title\" data-accordion-index=\"1\" tabindex=\"0\" aria-expanded=\"false\" aria-controls=\"e-n-accordion-item-2610\" >\n\t\t\t\t\t<span class='e-n-accordion-item-title-header'><div class=\"e-n-accordion-item-title-text\"> Elekt\u0159ina <\/div><\/span>\n\t\t\t\t\t\t\t<span class='e-n-accordion-item-title-icon'>\n\t\t\t<span class='e-opened' ><svg aria-hidden=\"true\" class=\"e-font-icon-svg e-fas-minus\" viewBox=\"0 0 448 512\" xmlns=\"http:\/\/www.w3.org\/2000\/svg\"><path d=\"M416 208H32c-17.67 0-32 14.33-32 32v32c0 17.67 14.33 32 32 32h384c17.67 0 32-14.33 32-32v-32c0-17.67-14.33-32-32-32z\"><\/path><\/svg><\/span>\n\t\t\t<span class='e-closed'><svg aria-hidden=\"true\" class=\"e-font-icon-svg e-fas-angle-right\" viewBox=\"0 0 256 512\" xmlns=\"http:\/\/www.w3.org\/2000\/svg\"><path d=\"M224.3 273l-136 136c-9.4 9.4-24.6 9.4-33.9 0l-22.6-22.6c-9.4-9.4-9.4-24.6 0-33.9l96.4-96.4-96.4-96.4c-9.4-9.4-9.4-24.6 0-33.9L54.3 103c9.4-9.4 24.6-9.4 33.9 0l136 136c9.5 9.4 9.5 24.6.1 34z\"><\/path><\/svg><\/span>\n\t\t<\/span>\n\n\t\t\t\t\t\t<\/summary>\n\t\t\t\t<div role=\"region\" aria-labelledby=\"e-n-accordion-item-2610\" class=\"elementor-element elementor-element-c948092 e-con-full e-flex e-con e-child\" data-id=\"c948092\" data-element_type=\"container\">\n\t\t<div role=\"region\" aria-labelledby=\"e-n-accordion-item-2610\" class=\"elementor-element elementor-element-4d2be22 e-flex e-con-boxed e-con e-child\" data-id=\"4d2be22\" data-element_type=\"container\">\n\t\t\t\t\t<div class=\"e-con-inner\">\n\t\t\t\t<div class=\"elementor-element elementor-element-6b85b1a elementor-widget elementor-widget-text-editor\" data-id=\"6b85b1a\" data-element_type=\"widget\" data-widget_type=\"text-editor.default\">\n\t\t\t\t\t\t\t\t\t<h3 style=\"margin-bottom: 0cm;\"><strong><span style=\"font-family: Arial, serif;\"><span style=\"font-size: 18px;\">Z\u00e1kladn\u00ed slu\u017eby<\/span><\/span><\/strong><\/h3><ul><li><h4><span style=\"font-family: Arial, serif;\"><span style=\"font-size: medium;\">Dod\u00e1vky elekt\u0159iny<\/span><\/span><\/h4><\/li><li><h4><span style=\"font-family: Arial, serif;\"><span style=\"font-size: medium;\">Provozov\u00e1n\u00ed, \u00fadr\u017eba a rozvoj distribu\u010dn\u00ed soustavy<\/span><\/span><\/h4><\/li><li><h4><span style=\"font-family: Arial, serif;\"><span style=\"font-size: medium;\">Provozov\u00e1n\u00ed, \u00fadr\u017eba a rozvoj p\u0159enosov\u00e9 soustavy<\/span><\/span><\/h4><\/li><li><h4><span style=\"font-family: Arial, serif;\"><span style=\"font-size: medium;\">V\u00fdroba elekt\u0159iny<\/span><\/span><\/h4><\/li><li><h4><span style=\"font-family: Arial, serif;\"><span style=\"font-size: medium;\">Slu\u017eby nominovan\u00e9ho organiz\u00e1tora trhu s elekt\u0159inou<\/span><\/span><\/h4><\/li><li><h4><span style=\"font-family: Arial, serif;\"><span style=\"font-size: medium;\">Odezva strany popt\u00e1vky<\/span><\/span><\/h4><\/li><li><h4><span style=\"font-family: Arial, serif;\"><span style=\"font-size: medium;\">Agregace elekt\u0159iny<\/span><\/span><\/h4><\/li><li><h4><span style=\"font-family: Arial, serif;\"><span style=\"font-size: medium;\">Ukl\u00e1d\u00e1n\u00ed elekt\u0159iny<\/span><\/span><\/h4><\/li><\/ul>\t\t\t\t\t\t\t\t<\/div>\n\t\t\t\t\t<\/div>\n\t\t\t\t<\/div>\n\t\t\t\t<\/div>\n\t\t\t\t\t<\/details>\n\t\t\t\t\t\t<details id=\"e-n-accordion-item-2611\" class=\"e-n-accordion-item\" >\n\t\t\t\t<summary class=\"e-n-accordion-item-title\" data-accordion-index=\"2\" tabindex=\"-1\" aria-expanded=\"false\" aria-controls=\"e-n-accordion-item-2611\" >\n\t\t\t\t\t<span class='e-n-accordion-item-title-header'><div class=\"e-n-accordion-item-title-text\"> D\u00e1lkov\u00e9 vyt\u00e1p\u011bn\u00ed a chlazen\u00ed <\/div><\/span>\n\t\t\t\t\t\t\t<span class='e-n-accordion-item-title-icon'>\n\t\t\t<span class='e-opened' ><svg aria-hidden=\"true\" class=\"e-font-icon-svg e-fas-minus\" viewBox=\"0 0 448 512\" xmlns=\"http:\/\/www.w3.org\/2000\/svg\"><path d=\"M416 208H32c-17.67 0-32 14.33-32 32v32c0 17.67 14.33 32 32 32h384c17.67 0 32-14.33 32-32v-32c0-17.67-14.33-32-32-32z\"><\/path><\/svg><\/span>\n\t\t\t<span class='e-closed'><svg aria-hidden=\"true\" class=\"e-font-icon-svg e-fas-angle-right\" viewBox=\"0 0 256 512\" xmlns=\"http:\/\/www.w3.org\/2000\/svg\"><path d=\"M224.3 273l-136 136c-9.4 9.4-24.6 9.4-33.9 0l-22.6-22.6c-9.4-9.4-9.4-24.6 0-33.9l96.4-96.4-96.4-96.4c-9.4-9.4-9.4-24.6 0-33.9L54.3 103c9.4-9.4 24.6-9.4 33.9 0l136 136c9.5 9.4 9.5 24.6.1 34z\"><\/path><\/svg><\/span>\n\t\t<\/span>\n\n\t\t\t\t\t\t<\/summary>\n\t\t\t\t<div role=\"region\" aria-labelledby=\"e-n-accordion-item-2611\" class=\"elementor-element elementor-element-4a3c8cf e-con-full e-flex e-con e-child\" data-id=\"4a3c8cf\" data-element_type=\"container\">\n\t\t<div role=\"region\" aria-labelledby=\"e-n-accordion-item-2611\" class=\"elementor-element elementor-element-8cbdcc8 e-flex e-con-boxed e-con e-child\" data-id=\"8cbdcc8\" data-element_type=\"container\">\n\t\t\t\t\t<div class=\"e-con-inner\">\n\t\t\t\t<div class=\"elementor-element elementor-element-f9bf6d7 elementor-widget elementor-widget-text-editor\" data-id=\"f9bf6d7\" data-element_type=\"widget\" data-widget_type=\"text-editor.default\">\n\t\t\t\t\t\t\t\t\t<h3 style=\"margin-bottom: 0cm;\"><strong><span style=\"font-family: Arial, serif;\"><span style=\"font-size: 18px;\">Z\u00e1kladn\u00ed slu\u017eba<\/span><\/span><\/strong><\/h3><ul><li><h4><span style=\"font-family: Arial, serif;\"><span style=\"font-size: medium;\">Poskytov\u00e1n\u00ed d\u00e1lkov\u00e9ho vyt\u00e1p\u011bn\u00ed nebo d\u00e1lkov\u00e9ho chlazen\u00ed<\/span><\/span><\/h4><\/li><\/ul>\t\t\t\t\t\t\t\t<\/div>\n\t\t\t\t\t<\/div>\n\t\t\t\t<\/div>\n\t\t\t\t<\/div>\n\t\t\t\t\t<\/details>\n\t\t\t\t\t\t<details id=\"e-n-accordion-item-2612\" class=\"e-n-accordion-item\" >\n\t\t\t\t<summary class=\"e-n-accordion-item-title\" data-accordion-index=\"3\" tabindex=\"-1\" aria-expanded=\"false\" aria-controls=\"e-n-accordion-item-2612\" >\n\t\t\t\t\t<span class='e-n-accordion-item-title-header'><div class=\"e-n-accordion-item-title-text\"> Ropa <\/div><\/span>\n\t\t\t\t\t\t\t<span class='e-n-accordion-item-title-icon'>\n\t\t\t<span class='e-opened' ><svg aria-hidden=\"true\" class=\"e-font-icon-svg e-fas-minus\" viewBox=\"0 0 448 512\" xmlns=\"http:\/\/www.w3.org\/2000\/svg\"><path d=\"M416 208H32c-17.67 0-32 14.33-32 32v32c0 17.67 14.33 32 32 32h384c17.67 0 32-14.33 32-32v-32c0-17.67-14.33-32-32-32z\"><\/path><\/svg><\/span>\n\t\t\t<span class='e-closed'><svg aria-hidden=\"true\" class=\"e-font-icon-svg e-fas-angle-right\" viewBox=\"0 0 256 512\" xmlns=\"http:\/\/www.w3.org\/2000\/svg\"><path d=\"M224.3 273l-136 136c-9.4 9.4-24.6 9.4-33.9 0l-22.6-22.6c-9.4-9.4-9.4-24.6 0-33.9l96.4-96.4-96.4-96.4c-9.4-9.4-9.4-24.6 0-33.9L54.3 103c9.4-9.4 24.6-9.4 33.9 0l136 136c9.5 9.4 9.5 24.6.1 34z\"><\/path><\/svg><\/span>\n\t\t<\/span>\n\n\t\t\t\t\t\t<\/summary>\n\t\t\t\t<div role=\"region\" aria-labelledby=\"e-n-accordion-item-2612\" class=\"elementor-element elementor-element-e4ad64c e-con-full e-flex e-con e-child\" data-id=\"e4ad64c\" data-element_type=\"container\">\n\t\t<div role=\"region\" aria-labelledby=\"e-n-accordion-item-2612\" class=\"elementor-element elementor-element-f3b778a e-flex e-con-boxed e-con e-child\" data-id=\"f3b778a\" data-element_type=\"container\">\n\t\t\t\t\t<div class=\"e-con-inner\">\n\t\t\t\t<div class=\"elementor-element elementor-element-db70fb9 elementor-widget elementor-widget-text-editor\" data-id=\"db70fb9\" data-element_type=\"widget\" data-widget_type=\"text-editor.default\">\n\t\t\t\t\t\t\t\t\t<h3 style=\"margin-bottom: 0cm;\"><strong><span style=\"font-family: Arial, serif;\"><span style=\"font-size: 18px;\">Z\u00e1kladn\u00ed slu\u017eby<\/span><\/span><\/strong><\/h3>\n<ul>\n \t<li>\n<h4><span style=\"font-family: Arial, serif;\"><span style=\"font-size: medium;\">\u200bP\u0159eprava ropy<\/span><\/span><\/h4>\n<\/li>\n \t<li>\n<h4><span style=\"font-family: Arial, serif;\"><span style=\"font-size: medium;\">T\u011b\u017eba ropy<\/span><\/span><\/h4>\n<\/li>\n \t<li>\n<h4><span style=\"font-family: Arial, serif;\"><span style=\"font-size: medium;\">Rafinace a zpracov\u00e1n\u00ed ropy<\/span><\/span><\/h4>\n<\/li>\n \t<li>\n<h4><span style=\"font-family: Arial, serif;\"><span style=\"font-size: medium;\">Skladov\u00e1n\u00ed ropy<\/span><\/span><\/h4>\n<\/li>\n \t<li>\n<h4><span style=\"font-family: Arial, serif;\"><span style=\"font-size: medium;\">Spr\u00e1va z\u00e1sob ropy, v\u010detn\u011b nouzov\u00fdch z\u00e1sob a specifick\u00fdch z\u00e1sob ropy<\/span><\/span><\/h4>\n<\/li>\n \t<li>\n<h4><span style=\"font-family: Arial, serif;\"><span style=\"font-size: medium;\">Skladov\u00e1n\u00ed a p\u0159eprava pohonn\u00fdch hmot<\/span><\/span><\/h4>\n<\/li>\n<\/ul>\t\t\t\t\t\t\t\t<\/div>\n\t\t\t\t\t<\/div>\n\t\t\t\t<\/div>\n\t\t\t\t<\/div>\n\t\t\t\t\t<\/details>\n\t\t\t\t\t\t<details id=\"e-n-accordion-item-2613\" class=\"e-n-accordion-item\" >\n\t\t\t\t<summary class=\"e-n-accordion-item-title\" data-accordion-index=\"4\" tabindex=\"-1\" aria-expanded=\"false\" aria-controls=\"e-n-accordion-item-2613\" >\n\t\t\t\t\t<span class='e-n-accordion-item-title-header'><div class=\"e-n-accordion-item-title-text\"> Plyn <\/div><\/span>\n\t\t\t\t\t\t\t<span class='e-n-accordion-item-title-icon'>\n\t\t\t<span class='e-opened' ><svg aria-hidden=\"true\" class=\"e-font-icon-svg e-fas-minus\" viewBox=\"0 0 448 512\" xmlns=\"http:\/\/www.w3.org\/2000\/svg\"><path d=\"M416 208H32c-17.67 0-32 14.33-32 32v32c0 17.67 14.33 32 32 32h384c17.67 0 32-14.33 32-32v-32c0-17.67-14.33-32-32-32z\"><\/path><\/svg><\/span>\n\t\t\t<span class='e-closed'><svg aria-hidden=\"true\" class=\"e-font-icon-svg e-fas-angle-right\" viewBox=\"0 0 256 512\" xmlns=\"http:\/\/www.w3.org\/2000\/svg\"><path d=\"M224.3 273l-136 136c-9.4 9.4-24.6 9.4-33.9 0l-22.6-22.6c-9.4-9.4-9.4-24.6 0-33.9l96.4-96.4-96.4-96.4c-9.4-9.4-9.4-24.6 0-33.9L54.3 103c9.4-9.4 24.6-9.4 33.9 0l136 136c9.5 9.4 9.5 24.6.1 34z\"><\/path><\/svg><\/span>\n\t\t<\/span>\n\n\t\t\t\t\t\t<\/summary>\n\t\t\t\t<div role=\"region\" aria-labelledby=\"e-n-accordion-item-2613\" class=\"elementor-element elementor-element-8cf84f5 e-flex e-con-boxed e-con e-child\" data-id=\"8cf84f5\" data-element_type=\"container\">\n\t\t\t\t\t<div class=\"e-con-inner\">\n\t\t<div role=\"region\" aria-labelledby=\"e-n-accordion-item-2613\" class=\"elementor-element elementor-element-6df3757 e-con-full e-flex e-con e-child\" data-id=\"6df3757\" data-element_type=\"container\">\n\t\t\t\t<div class=\"elementor-element elementor-element-b043428 elementor-widget elementor-widget-text-editor\" data-id=\"b043428\" data-element_type=\"widget\" data-widget_type=\"text-editor.default\">\n\t\t\t\t\t\t\t\t\t<h3 style=\"margin-bottom: 0cm;\"><strong><span style=\"font-family: Arial, serif;\"><span style=\"font-size: 18px;\">Z\u00e1kladn\u00ed slu\u017eby<\/span><\/span><\/strong><\/h3>\n<ul>\n \t<li>\n<h4><span style=\"font-family: Arial, serif;\"><span style=\"font-size: medium;\">Dod\u00e1vky plynu<\/span><\/span><\/h4>\n<\/li>\n \t<li>\n<h4><span style=\"font-family: Arial, serif;\"><span style=\"font-size: medium;\">Distribuce plynu<\/span><\/span><\/h4>\n<\/li>\n \t<li>\n<h4><span style=\"font-family: Arial, serif;\"><span style=\"font-size: medium;\">P\u0159eprava plynu<\/span><\/span><\/h4>\n<\/li>\n \t<li>\n<h4><span style=\"font-family: Arial, serif;\"><span style=\"font-size: medium;\">Skladov\u00e1n\u00ed plynu<\/span><\/span><\/h4>\n<\/li>\n \t<li>\n<h4><span style=\"font-family: Arial, serif;\"><span style=\"font-size: medium;\">Provozov\u00e1n\u00ed za\u0159\u00edzen\u00ed na zkapaln\u011bn\u00fd zemn\u00ed plyn (LNG)<\/span><\/span><\/h4>\n<\/li>\n \t<li>\n<h4><span style=\"font-family: Arial, serif;\"><span style=\"font-size: medium;\">T\u011b\u017eba zemn\u00edho plynu<\/span><\/span><\/h4>\n<\/li>\n \t<li>\n<h4><span style=\"font-family: Arial, serif;\"><span style=\"font-size: medium;\">N\u00e1kup zemn\u00edho plynu<\/span><\/span><\/h4>\n<\/li>\n \t<li>\n<h4><span style=\"font-family: Arial, serif;\"><span style=\"font-size: medium;\">Rafinace a zpracov\u00e1n\u00ed zemn\u00edho plynu<\/span><\/span><\/h4>\n<\/li>\n<\/ul>\t\t\t\t\t\t\t\t<\/div>\n\t\t\t\t<\/div>\n\t\t\t\t\t<\/div>\n\t\t\t\t<\/div>\n\t\t\t\t\t<\/details>\n\t\t\t\t\t\t<details id=\"e-n-accordion-item-2614\" class=\"e-n-accordion-item\" >\n\t\t\t\t<summary class=\"e-n-accordion-item-title\" data-accordion-index=\"5\" tabindex=\"-1\" aria-expanded=\"false\" aria-controls=\"e-n-accordion-item-2614\" >\n\t\t\t\t\t<span class='e-n-accordion-item-title-header'><div class=\"e-n-accordion-item-title-text\"> Vod\u00edk <\/div><\/span>\n\t\t\t\t\t\t\t<span class='e-n-accordion-item-title-icon'>\n\t\t\t<span class='e-opened' ><svg aria-hidden=\"true\" class=\"e-font-icon-svg e-fas-minus\" viewBox=\"0 0 448 512\" xmlns=\"http:\/\/www.w3.org\/2000\/svg\"><path d=\"M416 208H32c-17.67 0-32 14.33-32 32v32c0 17.67 14.33 32 32 32h384c17.67 0 32-14.33 32-32v-32c0-17.67-14.33-32-32-32z\"><\/path><\/svg><\/span>\n\t\t\t<span class='e-closed'><svg aria-hidden=\"true\" class=\"e-font-icon-svg e-fas-angle-right\" viewBox=\"0 0 256 512\" xmlns=\"http:\/\/www.w3.org\/2000\/svg\"><path d=\"M224.3 273l-136 136c-9.4 9.4-24.6 9.4-33.9 0l-22.6-22.6c-9.4-9.4-9.4-24.6 0-33.9l96.4-96.4-96.4-96.4c-9.4-9.4-9.4-24.6 0-33.9L54.3 103c9.4-9.4 24.6-9.4 33.9 0l136 136c9.5 9.4 9.5 24.6.1 34z\"><\/path><\/svg><\/span>\n\t\t<\/span>\n\n\t\t\t\t\t\t<\/summary>\n\t\t\t\t<div role=\"region\" aria-labelledby=\"e-n-accordion-item-2614\" class=\"elementor-element elementor-element-a955430 e-flex e-con-boxed e-con e-child\" data-id=\"a955430\" data-element_type=\"container\">\n\t\t\t\t\t<div class=\"e-con-inner\">\n\t\t<div role=\"region\" aria-labelledby=\"e-n-accordion-item-2614\" class=\"elementor-element elementor-element-aeac7ed e-con-full e-flex e-con e-child\" data-id=\"aeac7ed\" data-element_type=\"container\">\n\t\t\t\t<div class=\"elementor-element elementor-element-29448fc elementor-widget elementor-widget-text-editor\" data-id=\"29448fc\" data-element_type=\"widget\" data-widget_type=\"text-editor.default\">\n\t\t\t\t\t\t\t\t\t<h3 style=\"margin-bottom: 0cm;\"><strong><span style=\"font-family: Arial, serif;\"><span style=\"font-size: 18px;\">Z\u00e1kladn\u00ed slu\u017eby<\/span><\/span><\/strong><\/h3>\n<ul>\n \t<li>\n<h4><span style=\"font-family: Arial, serif;\"><span style=\"font-size: medium;\">V\u00fdroba vod\u00edku<\/span><\/span><\/h4>\n<\/li>\n \t<li>\n<h4><span style=\"font-family: Arial, serif;\"><span style=\"font-size: medium;\">Skladov\u00e1n\u00ed vod\u00edku<\/span><\/span><\/h4>\n<\/li>\n \t<li>\n<h4><span style=\"font-family: Arial, serif;\"><span style=\"font-size: medium;\">P\u0159eprava vod\u00edku<\/span><\/span><\/h4>\n<\/li>\n<\/ul>\t\t\t\t\t\t\t\t<\/div>\n\t\t\t\t<\/div>\n\t\t\t\t\t<\/div>\n\t\t\t\t<\/div>\n\t\t\t\t\t<\/details>\n\t\t\t\t\t<\/div>\n\t\t\t\t\t\t<\/div>\n\t\t\t\t<\/div>\n\t\t<div class=\"elementor-element elementor-element-14d9fc7e e-con-full e-flex e-con e-child\" data-id=\"14d9fc7e\" data-element_type=\"container\">\n\t\t\t\t<\/div>\n\t\t\t\t\t<\/div>\n\t\t\t\t<\/div>\n\t\t\t\t<\/div>\n\t\t","protected":false},"excerpt":{"rendered":"<p>Energetika Pododv\u011btv\u00ed Elekt\u0159ina Z\u00e1kladn\u00ed slu\u017eby Dod\u00e1vky elekt\u0159iny Provozov\u00e1n\u00ed, \u00fadr\u017eba a rozvoj distribu\u010dn\u00ed soustavy Provozov\u00e1n\u00ed, \u00fadr\u017eba a rozvoj p\u0159enosov\u00e9 soustavy V\u00fdroba elekt\u0159iny Slu\u017eby nominovan\u00e9ho organiz\u00e1tora trhu s elekt\u0159inou Odezva strany popt\u00e1vky Agregace elekt\u0159iny Ukl\u00e1d\u00e1n\u00ed elekt\u0159iny D\u00e1lkov\u00e9 vyt\u00e1p\u011bn\u00ed a chlazen\u00ed Z\u00e1kladn\u00ed slu\u017eba Poskytov\u00e1n\u00ed d\u00e1lkov\u00e9ho vyt\u00e1p\u011bn\u00ed nebo d\u00e1lkov\u00e9ho chlazen\u00ed Ropa Z\u00e1kladn\u00ed slu\u017eby \u200bP\u0159eprava ropy T\u011b\u017eba ropy Rafinace a [&hellip;]<\/p>\n","protected":false},"author":2,"featured_media":0,"parent":0,"menu_order":0,"comment_status":"closed","ping_status":"closed","template":"elementor_canvas","meta":{"footnotes":""},"class_list":["post-900","page","type-page","status-publish","hentry"],"_links":{"self":[{"href":"https:\/\/tvhasici.cz\/KI\/wp-json\/wp\/v2\/pages\/900","targetHints":{"allow":["GET"]}}],"collection":[{"href":"https:\/\/tvhasici.cz\/KI\/wp-json\/wp\/v2\/pages"}],"about":[{"href":"https:\/\/tvhasici.cz\/KI\/wp-json\/wp\/v2\/types\/page"}],"author":[{"embeddable":true,"href":"https:\/\/tvhasici.cz\/KI\/wp-json\/wp\/v2\/users\/2"}],"replies":[{"embeddable":true,"href":"https:\/\/tvhasici.cz\/KI\/wp-json\/wp\/v2\/comments?post=900"}],"version-history":[{"count":36,"href":"https:\/\/tvhasici.cz\/KI\/wp-json\/wp\/v2\/pages\/900\/revisions"}],"predecessor-version":[{"id":1187,"href":"https:\/\/tvhasici.cz\/KI\/wp-json\/wp\/v2\/pages\/900\/revisions\/1187"}],"wp:attachment":[{"href":"https:\/\/tvhasici.cz\/KI\/wp-json\/wp\/v2\/media?parent=900"}],"curies":[{"name":"wp","href":"https:\/\/api.w.org\/{rel}","templated":true}]}}