{"id":249,"date":"2025-11-28T14:12:21","date_gmt":"2025-11-28T14:12:21","guid":{"rendered":"https:\/\/tvhasici.cz\/KI\/?page_id=249"},"modified":"2026-02-05T19:28:48","modified_gmt":"2026-02-05T19:28:48","slug":"ki-provadeci-pravni-predpisy","status":"publish","type":"page","link":"https:\/\/tvhasici.cz\/KI\/ki-provadeci-pravni-predpisy\/","title":{"rendered":"KI-Prov\u00e1d\u011bc\u00ed pr\u00e1vn\u00ed p\u0159edpisy"},"content":{"rendered":"\t\t<div data-elementor-type=\"wp-page\" data-elementor-id=\"249\" class=\"elementor elementor-249\">\n\t\t\t\t<div class=\"elementor-element elementor-element-343f1ea e-con-full e-flex e-con e-parent\" data-id=\"343f1ea\" data-element_type=\"container\">\n\t\t<div class=\"elementor-element elementor-element-fb2ceb1 e-con-full e-flex e-con e-child\" data-id=\"fb2ceb1\" data-element_type=\"container\">\n\t\t\t\t<\/div>\n\t\t<div class=\"elementor-element elementor-element-7287a95 e-con-full e-flex e-con e-child\" data-id=\"7287a95\" data-element_type=\"container\">\n\t\t\t\t<\/div>\n\t\t\t\t<\/div>\n\t\t<div class=\"elementor-element elementor-element-cc35723 e-flex e-con-boxed e-con e-parent\" data-id=\"cc35723\" data-element_type=\"container\">\n\t\t\t\t\t<div class=\"e-con-inner\">\n\t\t<div class=\"elementor-element elementor-element-bf07c71 e-con-full e-flex e-con e-child\" data-id=\"bf07c71\" data-element_type=\"container\">\n\t\t\t\t<div class=\"elementor-element elementor-element-c61bc2b elementor-widget elementor-widget-image\" data-id=\"c61bc2b\" data-element_type=\"widget\" data-widget_type=\"image.default\">\n\t\t\t\t\t\t\t\t\t\t\t\t<figure class=\"wp-caption\">\n\t\t\t\t\t\t\t\t\t\t\t<a href=\"https:\/\/tvhasici.cz\/KI\/\">\n\t\t\t\t\t\t\t<img decoding=\"async\" width=\"150\" height=\"150\" src=\"https:\/\/tvhasici.cz\/KI\/wp-content\/uploads\/2026\/02\/ChatGPT-Image-2.-2.-2026-23_42_33-150x150.png\" class=\"attachment-thumbnail size-thumbnail wp-image-778\" alt=\"\" srcset=\"https:\/\/tvhasici.cz\/KI\/wp-content\/uploads\/2026\/02\/ChatGPT-Image-2.-2.-2026-23_42_33-150x150.png 150w, https:\/\/tvhasici.cz\/KI\/wp-content\/uploads\/2026\/02\/ChatGPT-Image-2.-2.-2026-23_42_33-300x300.png 300w, https:\/\/tvhasici.cz\/KI\/wp-content\/uploads\/2026\/02\/ChatGPT-Image-2.-2.-2026-23_42_33-768x768.png 768w, https:\/\/tvhasici.cz\/KI\/wp-content\/uploads\/2026\/02\/ChatGPT-Image-2.-2.-2026-23_42_33.png 1024w\" sizes=\"(max-width: 150px) 100vw, 150px\" \/>\t\t\t\t\t\t\t\t<\/a>\n\t\t\t\t\t\t\t\t\t\t\t<figcaption class=\"widget-image-caption wp-caption-text\"><\/figcaption>\n\t\t\t\t\t\t\t\t\t\t<\/figure>\n\t\t\t\t\t\t\t\t\t<\/div>\n\t\t\t\t<\/div>\n\t\t<div class=\"elementor-element elementor-element-524ae44 e-con-full e-flex e-con e-child\" data-id=\"524ae44\" data-element_type=\"container\">\n\t\t\t\t<div class=\"elementor-element elementor-element-c24b3b3 elementor-widget elementor-widget-image\" data-id=\"c24b3b3\" data-element_type=\"widget\" data-widget_type=\"image.default\">\n\t\t\t\t\t\t\t\t\t\t\t\t\t\t\t<img decoding=\"async\" width=\"150\" height=\"150\" src=\"https:\/\/tvhasici.cz\/KI\/wp-content\/uploads\/2026\/02\/ChatGPT-Image-3.-2.-2026-07_28_40-150x150.png\" class=\"attachment-thumbnail size-thumbnail wp-image-839\" alt=\"\" srcset=\"https:\/\/tvhasici.cz\/KI\/wp-content\/uploads\/2026\/02\/ChatGPT-Image-3.-2.-2026-07_28_40-150x150.png 150w, https:\/\/tvhasici.cz\/KI\/wp-content\/uploads\/2026\/02\/ChatGPT-Image-3.-2.-2026-07_28_40-300x300.png 300w, https:\/\/tvhasici.cz\/KI\/wp-content\/uploads\/2026\/02\/ChatGPT-Image-3.-2.-2026-07_28_40-768x768.png 768w, https:\/\/tvhasici.cz\/KI\/wp-content\/uploads\/2026\/02\/ChatGPT-Image-3.-2.-2026-07_28_40.png 1024w\" sizes=\"(max-width: 150px) 100vw, 150px\" \/>\t\t\t\t\t\t\t\t\t\t\t\t\t\t\t<\/div>\n\t\t\t\t<div class=\"elementor-element elementor-element-164051f elementor-widget elementor-widget-heading\" data-id=\"164051f\" data-element_type=\"widget\" data-widget_type=\"heading.default\">\n\t\t\t\t\t<h1 class=\"elementor-heading-title elementor-size-default\"><a href=\"https:\/\/tvhasici.cz\/KI\/\">Prov\u00e1d\u011bc\u00ed pr\u00e1vn\u00ed p\u0159edpisy<\/a><\/h1>\t\t\t\t<\/div>\n\t\t\t\t<\/div>\n\t\t<div class=\"elementor-element elementor-element-e407d8e e-con-full e-flex e-con e-child\" data-id=\"e407d8e\" data-element_type=\"container\">\n\t\t\t\t<\/div>\n\t\t\t\t\t<\/div>\n\t\t\t\t<\/div>\n\t\t<div class=\"elementor-element elementor-element-f703d12 e-con-full e-flex e-con e-parent\" data-id=\"f703d12\" data-element_type=\"container\">\n\t\t<div class=\"elementor-element elementor-element-e5fd8af e-con-full e-flex e-con e-child\" data-id=\"e5fd8af\" data-element_type=\"container\">\n\t\t\t\t<\/div>\n\t\t<div class=\"elementor-element elementor-element-7cb3df1 e-con-full e-flex e-con e-child\" data-id=\"7cb3df1\" data-element_type=\"container\">\n\t\t\t\t<\/div>\n\t\t\t\t<\/div>\n\t\t<div class=\"elementor-element elementor-element-28b96dd e-flex e-con-boxed e-con e-parent\" data-id=\"28b96dd\" data-element_type=\"container\">\n\t\t\t\t\t<div class=\"e-con-inner\">\n\t\t<div class=\"elementor-element elementor-element-3d6cba1 e-con-full e-flex e-con e-child\" data-id=\"3d6cba1\" data-element_type=\"container\">\n\t\t\t\t<\/div>\n\t\t<div class=\"elementor-element elementor-element-d93b2b9 e-con-full e-flex e-con e-child\" data-id=\"d93b2b9\" data-element_type=\"container\">\n\t\t\t\t<div class=\"elementor-element elementor-element-058b574 elementor-widget elementor-widget-text-editor\" data-id=\"058b574\" data-element_type=\"widget\" data-widget_type=\"text-editor.default\">\n\t\t\t\t\t\t\t\t\t<h3 style=\"margin-bottom: 0cm;\"><strong><span style=\"font-family: Arial, serif;\"><span style=\"font-size: 18px;\">Prov\u00e1d\u011bc\u00ed pr\u00e1vn\u00ed p\u0159edpisy<\/span><\/span><\/strong><\/h3><h4><span style=\"font-family: Arial, serif;\"><span style=\"font-size: medium;\">V\u202fsouvislosti se z\u00e1konem o kritick\u00e9 infrastruktu\u0159e vzniknou t\u0159i prov\u00e1d\u011bc\u00ed pr\u00e1vn\u00ed p\u0159edpisy: <\/span><\/span><\/h4><ul><li><h4><span style=\"font-family: Arial, serif;\"><span style=\"font-size: medium;\">Na\u0159\u00edzen\u00ed vl\u00e1dy o z\u00e1kladn\u00edch slu\u017eb\u00e1ch a krit\u00e9ri\u00edch v\u00fdznamnosti,<\/span><\/span><\/h4><\/li><li><h4><span style=\"font-size: medium;\"><span style=\"font-family: Arial, serif;\">Vyhl\u00e1\u0161ka o n\u00e1le\u017eitostech a zpracov\u00e1n\u00ed pl\u00e1nu odolnosti, posouzen\u00ed rizik, obsahu opat\u0159en\u00ed k\u202fzaji\u0161t\u011bn\u00ed odolnosti subjekt\u016f kritick\u00e9 infrastruktury a hl\u00e1\u0161en\u00ed incidentu,<\/span><\/span><\/h4><\/li><li><h4><span style=\"font-family: Arial, serif;\"><span style=\"font-size: medium;\">Vyhl\u00e1\u0161ka o port\u00e1lu kritick\u00e9 infrastruktury.<\/span><\/span><\/h4><\/li><\/ul>\t\t\t\t\t\t\t\t<\/div>\n\t\t\t\t<\/div>\n\t\t<div class=\"elementor-element elementor-element-78c7493 e-con-full e-flex e-con e-child\" data-id=\"78c7493\" data-element_type=\"container\">\n\t\t\t\t<\/div>\n\t\t\t\t\t<\/div>\n\t\t\t\t<\/div>\n\t\t<div class=\"elementor-element elementor-element-120c341 e-flex e-con-boxed e-con e-parent\" data-id=\"120c341\" data-element_type=\"container\">\n\t\t\t\t\t<div class=\"e-con-inner\">\n\t\t<div class=\"elementor-element elementor-element-f5b812c e-con-full e-flex e-con e-child\" data-id=\"f5b812c\" data-element_type=\"container\">\n\t\t\t\t<\/div>\n\t\t<div class=\"elementor-element elementor-element-9b3e7ef e-con-full e-flex e-con e-child\" data-id=\"9b3e7ef\" data-element_type=\"container\" data-settings=\"{&quot;background_background&quot;:&quot;classic&quot;}\">\n\t\t\t\t<div class=\"elementor-element elementor-element-22007e3 elementor-widget elementor-widget-text-editor\" data-id=\"22007e3\" data-element_type=\"widget\" data-widget_type=\"text-editor.default\">\n\t\t\t\t\t\t\t\t\t<h3 style=\"margin-bottom: 0cm;\"><strong><span style=\"font-family: Arial, serif;\"><span style=\"font-size: 18px;\">Vyhl\u00e1\u0161ka o pl\u00e1nu odolnosti, posouzen\u00ed rizik, opat\u0159en\u00edch k\u202fzaji\u0161t\u011bn\u00ed odolnosti subjekt\u016f kritick\u00e9 infrastruktury a o hl\u00e1\u0161en\u00ed incidentu<\/span><\/span><\/strong><\/h3>\t\t\t\t\t\t\t\t<\/div>\n\t\t\t\t<div class=\"elementor-element elementor-element-48d9927 elementor-widget elementor-widget-text-editor\" data-id=\"48d9927\" data-element_type=\"widget\" data-widget_type=\"text-editor.default\">\n\t\t\t\t\t\t\t\t\t<h4><span style=\"font-family: Arial, serif;\"><span style=\"font-size: medium;\"><strong>Upravuje:<\/strong><br \/><\/span><\/span><\/h4><ul><li><h4><span style=\"font-family: Arial, serif;\"><span style=\"font-size: medium;\">n\u00e1le\u017eitosti a zp\u016fsob zpracov\u00e1n\u00ed pl\u00e1nu odolnosti a posouzen\u00ed rizik subjektu kritick\u00e9 infrastruktury,<\/span><\/span><\/h4><\/li><li><h4><span style=\"font-family: Arial, serif;\"><span style=\"font-size: medium;\">obsah technick\u00fdch, bezpe\u010dnostn\u00edch a organiza\u010dn\u00edch opat\u0159en\u00ed k zaji\u0161t\u011bn\u00ed odolnosti subjektu kritick\u00e9 infrastruktury a<\/span><\/span><\/h4><\/li><li><h4><span style=\"font-family: Arial, serif;\"><span style=\"font-size: medium;\">parametry incidentu, podrobnosti rozsahu hl\u00e1\u0161en\u00fdch informac\u00ed a zp\u016fsob p\u0159ed\u00e1v\u00e1n\u00ed informac\u00ed o incidentu.<\/span><\/span><\/h4><\/li><\/ul>\t\t\t\t\t\t\t\t<\/div>\n\t\t\t\t<div class=\"elementor-element elementor-element-46ebb94 elementor-align-right elementor-widget elementor-widget-button\" data-id=\"46ebb94\" data-element_type=\"widget\" data-widget_type=\"button.default\">\n\t\t\t\t\t\t\t\t\t\t<a class=\"elementor-button elementor-button-link elementor-size-sm\" href=\"https:\/\/odok.gov.cz\/portal\/veklep\/material\/KORNDQ2H6JVT\/\">\n\t\t\t\t\t\t<span class=\"elementor-button-content-wrapper\">\n\t\t\t\t\t\t\t\t\t<span class=\"elementor-button-text\">P\u0159ej\u00edt do VeKLEP<\/span>\n\t\t\t\t\t<\/span>\n\t\t\t\t\t<\/a>\n\t\t\t\t\t\t\t\t<\/div>\n\t\t\t\t<\/div>\n\t\t<div class=\"elementor-element elementor-element-3fe360a e-con-full e-flex e-con e-child\" data-id=\"3fe360a\" data-element_type=\"container\">\n\t\t\t\t<\/div>\n\t\t\t\t\t<\/div>\n\t\t\t\t<\/div>\n\t\t<div class=\"elementor-element elementor-element-c82e248 e-flex e-con-boxed e-con e-parent\" data-id=\"c82e248\" data-element_type=\"container\">\n\t\t\t\t\t<div class=\"e-con-inner\">\n\t\t<div class=\"elementor-element elementor-element-3530bf0 e-con-full e-flex e-con e-child\" data-id=\"3530bf0\" data-element_type=\"container\">\n\t\t\t\t<\/div>\n\t\t<div class=\"elementor-element elementor-element-8bc67f3 e-con-full e-flex e-con e-child\" data-id=\"8bc67f3\" data-element_type=\"container\" data-settings=\"{&quot;background_background&quot;:&quot;classic&quot;}\">\n\t\t\t\t<div class=\"elementor-element elementor-element-a9633a6 elementor-widget elementor-widget-text-editor\" data-id=\"a9633a6\" data-element_type=\"widget\" data-widget_type=\"text-editor.default\">\n\t\t\t\t\t\t\t\t\t<h3 style=\"margin-bottom: 0cm;\"><strong><span style=\"font-family: Arial, serif;\"><span style=\"font-size: 18px;\">Na\u0159\u00edzen\u00ed vl\u00e1dy <span class=\"TextRun MacChromeBold SCXW4857794 BCX0\" lang=\"CS-CZ\" xml:lang=\"CS-CZ\" data-contrast=\"auto\"><span class=\"NormalTextRun SCXW4857794 BCX0\" data-ccp-parastyle=\"5\" data-ccp-parastyle-defn=\"{&quot;ObjectId&quot;:&quot;1b94d649-debe-543f-9170-7c77e5421dfc|1&quot;,&quot;ClassId&quot;:1073872969,&quot;Properties&quot;:[469775450,&quot;5&quot;,201340122,&quot;2&quot;,134233614,&quot;true&quot;,469778129,&quot;5&quot;,335572020,&quot;1&quot;,134224900,&quot;true&quot;,268442635,&quot;34&quot;,335559685,&quot;850&quot;,335559737,&quot;850&quot;,335559739,&quot;113&quot;,335559738,&quot;340&quot;,335551550,&quot;2&quot;,335551620,&quot;2&quot;,469777841,&quot;Times New Roman&quot;,469777842,&quot;Times New Roman&quot;,469777843,&quot;Times New Roman&quot;,469777844,&quot;Times New Roman&quot;,469769226,&quot;Times New Roman&quot;]}\">o z\u00e1kladn\u00edch slu\u017eb\u00e1ch a krit\u00e9ri\u00edch v\u00fdznamnosti<\/span><\/span><span class=\"EOP SCXW4857794 BCX0\" data-ccp-props=\"{&quot;335551550&quot;:2,&quot;335551620&quot;:2,&quot;335559685&quot;:850,&quot;335559737&quot;:850,&quot;335559738&quot;:340,&quot;335559739&quot;:113}\">\u00a0<\/span><\/span><\/span><\/strong><\/h3>\t\t\t\t\t\t\t\t<\/div>\n\t\t\t\t<div class=\"elementor-element elementor-element-22f2b9a elementor-widget elementor-widget-text-editor\" data-id=\"22f2b9a\" data-element_type=\"widget\" data-widget_type=\"text-editor.default\">\n\t\t\t\t\t\t\t\t\t<h4><span style=\"font-family: Arial, serif;\"><span style=\"font-size: medium;\"><strong>Upravuje:<\/strong><br \/><\/span><\/span><\/h4><ul><li><h4><span style=\"font-family: Arial, serif;\"><span style=\"font-size: medium;\">z\u00e1kladn\u00ed slu\u017eby v jednotliv\u00fdch odv\u011btv\u00edch nebo pododv\u011btv\u00edch, ve kter\u00fdch jsou poskytov\u00e1ny z\u00e1kladn\u00ed slu\u017eby a<\/span><\/span><\/h4><\/li><li><h4><span style=\"font-family: Arial, serif;\"><span style=\"font-size: medium;\">krit\u00e9ria v\u00fdznamnosti pro za\u0159azen\u00ed poskytovatele z\u00e1kladn\u00ed slu\u017eby na seznam subjekt\u016f kritick\u00e9 infrastruktury.<\/span><\/span><\/h4><\/li><\/ul>\t\t\t\t\t\t\t\t<\/div>\n\t\t\t\t<div class=\"elementor-element elementor-element-37f7999 elementor-align-right elementor-widget elementor-widget-button\" data-id=\"37f7999\" data-element_type=\"widget\" data-widget_type=\"button.default\">\n\t\t\t\t\t\t\t\t\t\t<a class=\"elementor-button elementor-button-link elementor-size-sm\" href=\"https:\/\/odok.gov.cz\/portal\/veklep\/material\/KORNDHKBKWJY\/\">\n\t\t\t\t\t\t<span class=\"elementor-button-content-wrapper\">\n\t\t\t\t\t\t\t\t\t<span class=\"elementor-button-text\">P\u0159ej\u00edt do VeKLEP<\/span>\n\t\t\t\t\t<\/span>\n\t\t\t\t\t<\/a>\n\t\t\t\t\t\t\t\t<\/div>\n\t\t\t\t<\/div>\n\t\t<div class=\"elementor-element elementor-element-9162997 e-con-full e-flex e-con e-child\" data-id=\"9162997\" data-element_type=\"container\">\n\t\t\t\t<\/div>\n\t\t\t\t\t<\/div>\n\t\t\t\t<\/div>\n\t\t\t\t<\/div>\n\t\t","protected":false},"excerpt":{"rendered":"<p>Prov\u00e1d\u011bc\u00ed pr\u00e1vn\u00ed p\u0159edpisy Prov\u00e1d\u011bc\u00ed pr\u00e1vn\u00ed p\u0159edpisy V\u202fsouvislosti se z\u00e1konem o kritick\u00e9 infrastruktu\u0159e vzniknou t\u0159i prov\u00e1d\u011bc\u00ed pr\u00e1vn\u00ed p\u0159edpisy: Na\u0159\u00edzen\u00ed vl\u00e1dy o z\u00e1kladn\u00edch slu\u017eb\u00e1ch a krit\u00e9ri\u00edch v\u00fdznamnosti, Vyhl\u00e1\u0161ka o n\u00e1le\u017eitostech a zpracov\u00e1n\u00ed pl\u00e1nu odolnosti, posouzen\u00ed rizik, obsahu opat\u0159en\u00ed k\u202fzaji\u0161t\u011bn\u00ed odolnosti subjekt\u016f kritick\u00e9 infrastruktury a hl\u00e1\u0161en\u00ed incidentu, Vyhl\u00e1\u0161ka o port\u00e1lu kritick\u00e9 infrastruktury. Vyhl\u00e1\u0161ka o pl\u00e1nu odolnosti, posouzen\u00ed rizik, [&hellip;]<\/p>\n","protected":false},"author":1,"featured_media":0,"parent":0,"menu_order":0,"comment_status":"closed","ping_status":"closed","template":"elementor_canvas","meta":{"footnotes":""},"class_list":["post-249","page","type-page","status-publish","hentry"],"_links":{"self":[{"href":"https:\/\/tvhasici.cz\/KI\/wp-json\/wp\/v2\/pages\/249","targetHints":{"allow":["GET"]}}],"collection":[{"href":"https:\/\/tvhasici.cz\/KI\/wp-json\/wp\/v2\/pages"}],"about":[{"href":"https:\/\/tvhasici.cz\/KI\/wp-json\/wp\/v2\/types\/page"}],"author":[{"embeddable":true,"href":"https:\/\/tvhasici.cz\/KI\/wp-json\/wp\/v2\/users\/1"}],"replies":[{"embeddable":true,"href":"https:\/\/tvhasici.cz\/KI\/wp-json\/wp\/v2\/comments?post=249"}],"version-history":[{"count":50,"href":"https:\/\/tvhasici.cz\/KI\/wp-json\/wp\/v2\/pages\/249\/revisions"}],"predecessor-version":[{"id":1163,"href":"https:\/\/tvhasici.cz\/KI\/wp-json\/wp\/v2\/pages\/249\/revisions\/1163"}],"wp:attachment":[{"href":"https:\/\/tvhasici.cz\/KI\/wp-json\/wp\/v2\/media?parent=249"}],"curies":[{"name":"wp","href":"https:\/\/api.w.org\/{rel}","templated":true}]}}