{"id":245,"date":"2025-11-28T14:11:30","date_gmt":"2025-11-28T14:11:30","guid":{"rendered":"https:\/\/tvhasici.cz\/KI\/?page_id=245"},"modified":"2026-02-05T19:29:52","modified_gmt":"2026-02-05T19:29:52","slug":"ki-portal-kriticke-infrastruktury","status":"publish","type":"page","link":"https:\/\/tvhasici.cz\/KI\/ki-portal-kriticke-infrastruktury\/","title":{"rendered":"KI-Port\u00e1l kritick\u00e9 infrastruktury"},"content":{"rendered":"\t\t<div data-elementor-type=\"wp-page\" data-elementor-id=\"245\" class=\"elementor elementor-245\">\n\t\t\t\t<div class=\"elementor-element elementor-element-343f1ea e-con-full e-flex e-con e-parent\" data-id=\"343f1ea\" data-element_type=\"container\">\n\t\t<div class=\"elementor-element elementor-element-fb2ceb1 e-con-full e-flex e-con e-child\" data-id=\"fb2ceb1\" data-element_type=\"container\">\n\t\t\t\t<\/div>\n\t\t<div class=\"elementor-element elementor-element-22adffd e-con-full e-flex e-con e-child\" data-id=\"22adffd\" data-element_type=\"container\">\n\t\t\t\t<\/div>\n\t\t<div class=\"elementor-element elementor-element-7287a95 e-con-full e-flex e-con e-child\" data-id=\"7287a95\" data-element_type=\"container\">\n\t\t\t\t<\/div>\n\t\t\t\t<\/div>\n\t\t<div class=\"elementor-element elementor-element-bf84779 e-flex e-con-boxed e-con e-parent\" data-id=\"bf84779\" data-element_type=\"container\">\n\t\t\t\t\t<div class=\"e-con-inner\">\n\t\t<div class=\"elementor-element elementor-element-0c5ee11 e-con-full e-flex e-con e-child\" data-id=\"0c5ee11\" data-element_type=\"container\">\n\t\t\t\t<div class=\"elementor-element elementor-element-0f74136 elementor-widget elementor-widget-image\" data-id=\"0f74136\" data-element_type=\"widget\" data-widget_type=\"image.default\">\n\t\t\t\t\t\t\t\t\t\t\t\t<figure class=\"wp-caption\">\n\t\t\t\t\t\t\t\t\t\t\t<a href=\"https:\/\/tvhasici.cz\/KI\/\">\n\t\t\t\t\t\t\t<img decoding=\"async\" width=\"150\" height=\"150\" src=\"https:\/\/tvhasici.cz\/KI\/wp-content\/uploads\/2026\/02\/ChatGPT-Image-2.-2.-2026-23_42_33-150x150.png\" class=\"attachment-thumbnail size-thumbnail wp-image-778\" alt=\"\" srcset=\"https:\/\/tvhasici.cz\/KI\/wp-content\/uploads\/2026\/02\/ChatGPT-Image-2.-2.-2026-23_42_33-150x150.png 150w, https:\/\/tvhasici.cz\/KI\/wp-content\/uploads\/2026\/02\/ChatGPT-Image-2.-2.-2026-23_42_33-300x300.png 300w, https:\/\/tvhasici.cz\/KI\/wp-content\/uploads\/2026\/02\/ChatGPT-Image-2.-2.-2026-23_42_33-768x768.png 768w, https:\/\/tvhasici.cz\/KI\/wp-content\/uploads\/2026\/02\/ChatGPT-Image-2.-2.-2026-23_42_33.png 1024w\" sizes=\"(max-width: 150px) 100vw, 150px\" \/>\t\t\t\t\t\t\t\t<\/a>\n\t\t\t\t\t\t\t\t\t\t\t<figcaption class=\"widget-image-caption wp-caption-text\"><\/figcaption>\n\t\t\t\t\t\t\t\t\t\t<\/figure>\n\t\t\t\t\t\t\t\t\t<\/div>\n\t\t\t\t<\/div>\n\t\t<div class=\"elementor-element elementor-element-d998aad e-con-full e-flex e-con e-child\" data-id=\"d998aad\" data-element_type=\"container\">\n\t\t\t\t<div class=\"elementor-element elementor-element-dae898c elementor-widget elementor-widget-heading\" data-id=\"dae898c\" data-element_type=\"widget\" data-widget_type=\"heading.default\">\n\t\t\t\t\t<h2 class=\"elementor-heading-title elementor-size-default\"><a href=\"https:\/\/tvhasici.cz\/KI\/\">Port\u00e1l kritick\u00e9 infrastruktury<\/a><\/h2>\t\t\t\t<\/div>\n\t\t\t\t<div class=\"elementor-element elementor-element-8871fdd elementor-widget elementor-widget-image\" data-id=\"8871fdd\" data-element_type=\"widget\" data-widget_type=\"image.default\">\n\t\t\t\t\t\t\t\t\t\t\t\t\t\t\t<img decoding=\"async\" width=\"150\" height=\"150\" src=\"https:\/\/tvhasici.cz\/KI\/wp-content\/uploads\/2026\/01\/ChatGPT-Image-25.-1.-2026-16_28_23-150x150.png\" class=\"attachment-thumbnail size-thumbnail wp-image-515\" alt=\"\" srcset=\"https:\/\/tvhasici.cz\/KI\/wp-content\/uploads\/2026\/01\/ChatGPT-Image-25.-1.-2026-16_28_23-150x150.png 150w, https:\/\/tvhasici.cz\/KI\/wp-content\/uploads\/2026\/01\/ChatGPT-Image-25.-1.-2026-16_28_23-300x300.png 300w, https:\/\/tvhasici.cz\/KI\/wp-content\/uploads\/2026\/01\/ChatGPT-Image-25.-1.-2026-16_28_23-768x768.png 768w, https:\/\/tvhasici.cz\/KI\/wp-content\/uploads\/2026\/01\/ChatGPT-Image-25.-1.-2026-16_28_23.png 1024w\" sizes=\"(max-width: 150px) 100vw, 150px\" \/>\t\t\t\t\t\t\t\t\t\t\t\t\t\t\t<\/div>\n\t\t\t\t<\/div>\n\t\t<div class=\"elementor-element elementor-element-482d333 e-con-full e-flex e-con e-child\" data-id=\"482d333\" data-element_type=\"container\">\n\t\t\t\t<\/div>\n\t\t\t\t\t<\/div>\n\t\t\t\t<\/div>\n\t\t<div class=\"elementor-element elementor-element-e041e55 e-flex e-con-boxed e-con e-parent\" data-id=\"e041e55\" data-element_type=\"container\">\n\t\t\t\t\t<div class=\"e-con-inner\">\n\t\t<div class=\"elementor-element elementor-element-3d814b4 e-con-full e-flex e-con e-child\" data-id=\"3d814b4\" data-element_type=\"container\">\n\t\t\t\t<\/div>\n\t\t<div class=\"elementor-element elementor-element-5ac9330 e-con-full e-flex e-con e-child\" data-id=\"5ac9330\" data-element_type=\"container\">\n\t\t\t\t<\/div>\n\t\t<div class=\"elementor-element elementor-element-700d842 e-con-full e-flex e-con e-child\" data-id=\"700d842\" data-element_type=\"container\">\n\t\t\t\t<\/div>\n\t\t\t\t\t<\/div>\n\t\t\t\t<\/div>\n\t\t<div class=\"elementor-element elementor-element-d718d54 e-flex e-con-boxed e-con e-parent\" data-id=\"d718d54\" data-element_type=\"container\">\n\t\t\t\t\t<div class=\"e-con-inner\">\n\t\t<div class=\"elementor-element elementor-element-9d3e81f e-con-full e-flex e-con e-child\" data-id=\"9d3e81f\" data-element_type=\"container\">\n\t\t\t\t<\/div>\n\t\t<div class=\"elementor-element elementor-element-c41bf18 e-con-full e-flex e-con e-child\" data-id=\"c41bf18\" data-element_type=\"container\">\n\t\t\t\t<div class=\"elementor-element elementor-element-c59c4d6 elementor-widget elementor-widget-text-editor\" data-id=\"c59c4d6\" data-element_type=\"widget\" data-widget_type=\"text-editor.default\">\n\t\t\t\t\t\t\t\t\t<h4 align=\"JUSTIFY\"><span style=\"font-family: Arial, serif;\"><span style=\"font-size: medium;\">Port\u00e1l kritick\u00e9 infrastruktury bude platformou, kter\u00e1 usnadn\u00ed ve\u0161kerou agendu souvisej\u00edc\u00ed se syst\u00e9mem kritick\u00e9 infrastruktury, a to jak pro relevantn\u00ed org\u00e1ny, tak tak\u00e9 pro samotn\u00e9 subjekty kritick\u00e9 infrastruktury. <\/span><\/span><\/h4><h4 align=\"JUSTIFY\"><span style=\"font-family: Arial, serif;\"><span style=\"font-size: medium;\">Skrze port\u00e1l kritick\u00e9 infrastruktury bude prob\u00edhat poskytov\u00e1n\u00ed informac\u00ed o dan\u00e9m subjektu a j\u00edm poskytovan\u00e9 z\u00e1kladn\u00ed slu\u017eb\u011b nezbytn\u00e9 pro rozhodnut\u00ed o tom, zdali se jedn\u00e1 o subjekt kritick\u00e9 infrastruktury \u010di nikoliv.<\/span><\/span><\/h4><h4 align=\"JUSTIFY\"><span style=\"font-family: Arial, serif;\"><span style=\"font-size: medium;\">D\u00e1le bude slou\u017eit ke komunikov\u00e1n\u00ed gestor\u016f se subjekty kritick\u00e9 infrastruktury a tak\u00e9 k hl\u00e1\u0161en\u00ed incident\u016f ze strany subjekt\u016f kritick\u00e9 infrastruktury.<\/span><\/span><\/h4>\t\t\t\t\t\t\t\t<\/div>\n\t\t\t\t<\/div>\n\t\t<div class=\"elementor-element elementor-element-0f18961 e-con-full e-flex e-con e-child\" data-id=\"0f18961\" data-element_type=\"container\">\n\t\t\t\t<\/div>\n\t\t\t\t\t<\/div>\n\t\t\t\t<\/div>\n\t\t<div class=\"elementor-element elementor-element-205278e e-con-full e-flex e-con e-parent\" data-id=\"205278e\" data-element_type=\"container\">\n\t\t<div class=\"elementor-element elementor-element-b70cd6e e-con-full e-flex e-con e-child\" data-id=\"b70cd6e\" data-element_type=\"container\">\n\t\t\t\t<\/div>\n\t\t<div class=\"elementor-element elementor-element-a2c4946 e-con-full e-flex e-con e-child\" data-id=\"a2c4946\" data-element_type=\"container\">\n\t\t\t\t<\/div>\n\t\t<div class=\"elementor-element elementor-element-33e5bd0 e-con-full e-flex e-con e-child\" data-id=\"33e5bd0\" data-element_type=\"container\">\n\t\t\t\t<\/div>\n\t\t\t\t<\/div>\n\t\t\t\t<\/div>\n\t\t","protected":false},"excerpt":{"rendered":"<p>Port\u00e1l kritick\u00e9 infrastruktury Port\u00e1l kritick\u00e9 infrastruktury bude platformou, kter\u00e1 usnadn\u00ed ve\u0161kerou agendu souvisej\u00edc\u00ed se syst\u00e9mem kritick\u00e9 infrastruktury, a to jak pro relevantn\u00ed org\u00e1ny, tak tak\u00e9 pro samotn\u00e9 subjekty kritick\u00e9 infrastruktury. Skrze port\u00e1l kritick\u00e9 infrastruktury bude prob\u00edhat poskytov\u00e1n\u00ed informac\u00ed o dan\u00e9m subjektu a j\u00edm poskytovan\u00e9 z\u00e1kladn\u00ed slu\u017eb\u011b nezbytn\u00e9 pro rozhodnut\u00ed o tom, zdali se jedn\u00e1 o [&hellip;]<\/p>\n","protected":false},"author":1,"featured_media":0,"parent":0,"menu_order":0,"comment_status":"closed","ping_status":"closed","template":"elementor_canvas","meta":{"footnotes":""},"class_list":["post-245","page","type-page","status-publish","hentry"],"_links":{"self":[{"href":"https:\/\/tvhasici.cz\/KI\/wp-json\/wp\/v2\/pages\/245","targetHints":{"allow":["GET"]}}],"collection":[{"href":"https:\/\/tvhasici.cz\/KI\/wp-json\/wp\/v2\/pages"}],"about":[{"href":"https:\/\/tvhasici.cz\/KI\/wp-json\/wp\/v2\/types\/page"}],"author":[{"embeddable":true,"href":"https:\/\/tvhasici.cz\/KI\/wp-json\/wp\/v2\/users\/1"}],"replies":[{"embeddable":true,"href":"https:\/\/tvhasici.cz\/KI\/wp-json\/wp\/v2\/comments?post=245"}],"version-history":[{"count":41,"href":"https:\/\/tvhasici.cz\/KI\/wp-json\/wp\/v2\/pages\/245\/revisions"}],"predecessor-version":[{"id":1166,"href":"https:\/\/tvhasici.cz\/KI\/wp-json\/wp\/v2\/pages\/245\/revisions\/1166"}],"wp:attachment":[{"href":"https:\/\/tvhasici.cz\/KI\/wp-json\/wp\/v2\/media?parent=245"}],"curies":[{"name":"wp","href":"https:\/\/api.w.org\/{rel}","templated":true}]}}