{"id":243,"date":"2025-11-28T14:10:20","date_gmt":"2025-11-28T14:10:20","guid":{"rendered":"https:\/\/tvhasici.cz\/KI\/?page_id=243"},"modified":"2026-02-05T19:28:36","modified_gmt":"2026-02-05T19:28:36","slug":"ki-souvisejici-pravni-predpisy","status":"publish","type":"page","link":"https:\/\/tvhasici.cz\/KI\/ki-souvisejici-pravni-predpisy\/","title":{"rendered":"KI-Souvisej\u00edc\u00ed pr\u00e1vn\u00ed p\u0159edpisy"},"content":{"rendered":"\t\t<div data-elementor-type=\"wp-page\" data-elementor-id=\"243\" class=\"elementor elementor-243\">\n\t\t\t\t<div class=\"elementor-element elementor-element-343f1ea e-con-full e-flex e-con e-parent\" data-id=\"343f1ea\" data-element_type=\"container\">\n\t\t<div class=\"elementor-element elementor-element-fb2ceb1 e-con-full e-flex e-con e-child\" data-id=\"fb2ceb1\" data-element_type=\"container\">\n\t\t\t\t<\/div>\n\t\t<div class=\"elementor-element elementor-element-22adffd e-con-full e-flex e-con e-child\" data-id=\"22adffd\" data-element_type=\"container\">\n\t\t\t\t<\/div>\n\t\t<div class=\"elementor-element elementor-element-7287a95 e-con-full e-flex e-con e-child\" data-id=\"7287a95\" data-element_type=\"container\">\n\t\t\t\t<\/div>\n\t\t\t\t<\/div>\n\t\t<div class=\"elementor-element elementor-element-cc35723 e-flex e-con-boxed e-con e-parent\" data-id=\"cc35723\" data-element_type=\"container\">\n\t\t\t\t\t<div class=\"e-con-inner\">\n\t\t<div class=\"elementor-element elementor-element-bf07c71 e-con-full e-flex e-con e-child\" data-id=\"bf07c71\" data-element_type=\"container\">\n\t\t\t\t<div class=\"elementor-element elementor-element-1a6838b elementor-widget elementor-widget-image\" data-id=\"1a6838b\" data-element_type=\"widget\" data-widget_type=\"image.default\">\n\t\t\t\t\t\t\t\t\t\t\t\t<figure class=\"wp-caption\">\n\t\t\t\t\t\t\t\t\t\t\t<a href=\"https:\/\/tvhasici.cz\/KI\/\">\n\t\t\t\t\t\t\t<img decoding=\"async\" width=\"150\" height=\"150\" src=\"https:\/\/tvhasici.cz\/KI\/wp-content\/uploads\/2026\/02\/ChatGPT-Image-2.-2.-2026-23_42_33-150x150.png\" class=\"attachment-thumbnail size-thumbnail wp-image-778\" alt=\"\" srcset=\"https:\/\/tvhasici.cz\/KI\/wp-content\/uploads\/2026\/02\/ChatGPT-Image-2.-2.-2026-23_42_33-150x150.png 150w, https:\/\/tvhasici.cz\/KI\/wp-content\/uploads\/2026\/02\/ChatGPT-Image-2.-2.-2026-23_42_33-300x300.png 300w, https:\/\/tvhasici.cz\/KI\/wp-content\/uploads\/2026\/02\/ChatGPT-Image-2.-2.-2026-23_42_33-768x768.png 768w, https:\/\/tvhasici.cz\/KI\/wp-content\/uploads\/2026\/02\/ChatGPT-Image-2.-2.-2026-23_42_33.png 1024w\" sizes=\"(max-width: 150px) 100vw, 150px\" \/>\t\t\t\t\t\t\t\t<\/a>\n\t\t\t\t\t\t\t\t\t\t\t<figcaption class=\"widget-image-caption wp-caption-text\"><\/figcaption>\n\t\t\t\t\t\t\t\t\t\t<\/figure>\n\t\t\t\t\t\t\t\t\t<\/div>\n\t\t\t\t<\/div>\n\t\t<div class=\"elementor-element elementor-element-524ae44 e-con-full e-flex e-con e-child\" data-id=\"524ae44\" data-element_type=\"container\">\n\t\t\t\t<div class=\"elementor-element elementor-element-d77568c elementor-widget elementor-widget-image\" data-id=\"d77568c\" data-element_type=\"widget\" data-widget_type=\"image.default\">\n\t\t\t\t\t\t\t\t\t\t\t\t\t\t\t<img decoding=\"async\" width=\"150\" height=\"150\" src=\"https:\/\/tvhasici.cz\/KI\/wp-content\/uploads\/2026\/01\/ChatGPT-Image-25.-1.-2026-16_36_17-150x150.png\" class=\"attachment-thumbnail size-thumbnail wp-image-517\" alt=\"\" srcset=\"https:\/\/tvhasici.cz\/KI\/wp-content\/uploads\/2026\/01\/ChatGPT-Image-25.-1.-2026-16_36_17-150x150.png 150w, https:\/\/tvhasici.cz\/KI\/wp-content\/uploads\/2026\/01\/ChatGPT-Image-25.-1.-2026-16_36_17-300x300.png 300w, https:\/\/tvhasici.cz\/KI\/wp-content\/uploads\/2026\/01\/ChatGPT-Image-25.-1.-2026-16_36_17-768x768.png 768w, https:\/\/tvhasici.cz\/KI\/wp-content\/uploads\/2026\/01\/ChatGPT-Image-25.-1.-2026-16_36_17.png 1024w\" sizes=\"(max-width: 150px) 100vw, 150px\" \/>\t\t\t\t\t\t\t\t\t\t\t\t\t\t\t<\/div>\n\t\t\t\t<div class=\"elementor-element elementor-element-018d2b5 elementor-widget elementor-widget-heading\" data-id=\"018d2b5\" data-element_type=\"widget\" data-widget_type=\"heading.default\">\n\t\t\t\t\t<h2 class=\"elementor-heading-title elementor-size-default\"><a href=\"https:\/\/tvhasici.cz\/KI\/\">Souvisej\u00edc\u00ed pr\u00e1vn\u00ed p\u0159edpisy<\/a><\/h2>\t\t\t\t<\/div>\n\t\t\t\t<\/div>\n\t\t<div class=\"elementor-element elementor-element-e407d8e e-con-full e-flex e-con e-child\" data-id=\"e407d8e\" data-element_type=\"container\">\n\t\t\t\t<\/div>\n\t\t\t\t\t<\/div>\n\t\t\t\t<\/div>\n\t\t<div class=\"elementor-element elementor-element-f703d12 e-con-full e-flex e-con e-parent\" data-id=\"f703d12\" data-element_type=\"container\">\n\t\t<div class=\"elementor-element elementor-element-e5fd8af e-con-full e-flex e-con e-child\" data-id=\"e5fd8af\" data-element_type=\"container\">\n\t\t\t\t<\/div>\n\t\t<div class=\"elementor-element elementor-element-7cb3df1 e-con-full e-flex e-con e-child\" data-id=\"7cb3df1\" data-element_type=\"container\">\n\t\t\t\t<\/div>\n\t\t\t\t<\/div>\n\t\t<div class=\"elementor-element elementor-element-205278e e-flex e-con-boxed e-con e-parent\" data-id=\"205278e\" data-element_type=\"container\">\n\t\t\t\t\t<div class=\"e-con-inner\">\n\t\t<div class=\"elementor-element elementor-element-b70cd6e e-con-full e-flex e-con e-child\" data-id=\"b70cd6e\" data-element_type=\"container\">\n\t\t\t\t<\/div>\n\t\t<div class=\"elementor-element elementor-element-a2c4946 e-con-full e-flex e-con e-child\" data-id=\"a2c4946\" data-element_type=\"container\">\n\t\t\t\t<div class=\"elementor-element elementor-element-e08350f elementor-widget elementor-widget-text-editor\" data-id=\"e08350f\" data-element_type=\"widget\" data-widget_type=\"text-editor.default\">\n\t\t\t\t\t\t\t\t\t<h3 style=\"margin-bottom: 0cm;\"><strong><span style=\"font-family: Arial, serif;\"><span style=\"font-size: 18px;\">Prov\u00e1zanost se z\u00e1konem o kybernetick\u00e9 bezpe\u010dnosti a na\u0159\u00edzen\u00edm DORA<\/span><\/span><\/strong><\/h3>\n<h4 align=\"JUSTIFY\"><span style=\"font-family: Arial, serif;\"><span style=\"font-size: medium;\">Z\u00e1kon o kritick\u00e9 infrastruktu\u0159e m\u00e1 tak\u00e9 vazbu na jin\u00e9 souvisej\u00edc\u00ed pr\u00e1vn\u00ed p\u0159edpisy z\u00a0oblasti bezpe\u010dnosti, konkr\u00e9tn\u011b z\u00e1kon o kybernetick\u00e9 bezpe\u010dnosti a tzv. na\u0159\u00edzen\u00ed DORA, kter\u00e9 upravuje digit\u00e1ln\u00ed provozn\u00ed odolnost finan\u010dn\u00edho sektoru. Tato skute\u010dnost se prom\u00edt\u00e1 p\u0159edev\u0161\u00edm do povinnost\u00ed subjekt\u016f kritick\u00e9 infrastruktury v\u00a0odv\u011btv\u00edch Bankovnictv\u00ed, Infrastruktura finan\u010dn\u00edch trh\u016f a Digit\u00e1ln\u00ed infrastruktura. <\/span><\/span><\/h4>\n<h4 align=\"JUSTIFY\"><span style=\"font-family: Arial, serif;\"><span style=\"font-size: medium;\">Subjekty kritick\u00e9 infrastruktury ur\u010den\u00e9 v\u00a0t\u011bchto odv\u011btv\u00edch budou plnit pouze n\u011bkter\u00e9 povinnosti plynouc\u00ed ze z\u00e1kona o kritick\u00e9 infrastruktu\u0159e, pln\u011bn\u00ed ostatn\u00edch povinnost\u00ed bude vych\u00e1zet z p\u0159edpisu upravuj\u00edc\u00edm dan\u00e9m odv\u011btv\u00ed. Sou\u010dasn\u011b budou gesto\u0159i t\u011bchto odv\u011bt\u00ed, tedy \u010cesk\u00e1 n\u00e1rodn\u00ed banka a N\u00e1rodn\u00ed \u00fa\u0159ad pro kybernetickou a informa\u010dn\u00ed bezpe\u010dnost, sd\u00edlet informace o incidentech vznikl\u00fdch u subjekt\u016f kritick\u00e9 infrastruktury v\u00a0jim p\u0159\u00edslu\u0161n\u00e9m odv\u011btv\u00ed s\u00a0Ministerstvem vnitra.<\/span><\/span><\/h4>\t\t\t\t\t\t\t\t<\/div>\n\t\t\t\t<\/div>\n\t\t<div class=\"elementor-element elementor-element-33e5bd0 e-con-full e-flex e-con e-child\" data-id=\"33e5bd0\" data-element_type=\"container\">\n\t\t\t\t<\/div>\n\t\t\t\t\t<\/div>\n\t\t\t\t<\/div>\n\t\t\t\t<\/div>\n\t\t","protected":false},"excerpt":{"rendered":"<p>Souvisej\u00edc\u00ed pr\u00e1vn\u00ed p\u0159edpisy Prov\u00e1zanost se z\u00e1konem o kybernetick\u00e9 bezpe\u010dnosti a na\u0159\u00edzen\u00edm DORA Z\u00e1kon o kritick\u00e9 infrastruktu\u0159e m\u00e1 tak\u00e9 vazbu na jin\u00e9 souvisej\u00edc\u00ed pr\u00e1vn\u00ed p\u0159edpisy z\u00a0oblasti bezpe\u010dnosti, konkr\u00e9tn\u011b z\u00e1kon o kybernetick\u00e9 bezpe\u010dnosti a tzv. na\u0159\u00edzen\u00ed DORA, kter\u00e9 upravuje digit\u00e1ln\u00ed provozn\u00ed odolnost finan\u010dn\u00edho sektoru. Tato skute\u010dnost se prom\u00edt\u00e1 p\u0159edev\u0161\u00edm do povinnost\u00ed subjekt\u016f kritick\u00e9 infrastruktury v\u00a0odv\u011btv\u00edch Bankovnictv\u00ed, Infrastruktura [&hellip;]<\/p>\n","protected":false},"author":1,"featured_media":0,"parent":0,"menu_order":0,"comment_status":"closed","ping_status":"closed","template":"elementor_canvas","meta":{"footnotes":""},"class_list":["post-243","page","type-page","status-publish","hentry"],"_links":{"self":[{"href":"https:\/\/tvhasici.cz\/KI\/wp-json\/wp\/v2\/pages\/243","targetHints":{"allow":["GET"]}}],"collection":[{"href":"https:\/\/tvhasici.cz\/KI\/wp-json\/wp\/v2\/pages"}],"about":[{"href":"https:\/\/tvhasici.cz\/KI\/wp-json\/wp\/v2\/types\/page"}],"author":[{"embeddable":true,"href":"https:\/\/tvhasici.cz\/KI\/wp-json\/wp\/v2\/users\/1"}],"replies":[{"embeddable":true,"href":"https:\/\/tvhasici.cz\/KI\/wp-json\/wp\/v2\/comments?post=243"}],"version-history":[{"count":23,"href":"https:\/\/tvhasici.cz\/KI\/wp-json\/wp\/v2\/pages\/243\/revisions"}],"predecessor-version":[{"id":1160,"href":"https:\/\/tvhasici.cz\/KI\/wp-json\/wp\/v2\/pages\/243\/revisions\/1160"}],"wp:attachment":[{"href":"https:\/\/tvhasici.cz\/KI\/wp-json\/wp\/v2\/media?parent=243"}],"curies":[{"name":"wp","href":"https:\/\/api.w.org\/{rel}","templated":true}]}}