{"id":241,"date":"2025-11-28T13:59:57","date_gmt":"2025-11-28T13:59:57","guid":{"rendered":"https:\/\/tvhasici.cz\/KI\/?page_id=241"},"modified":"2026-02-03T17:02:05","modified_gmt":"2026-02-03T17:02:05","slug":"ki-rozhodovaci-organy","status":"publish","type":"page","link":"https:\/\/tvhasici.cz\/KI\/ki-rozhodovaci-organy\/","title":{"rendered":"KI-Rozhodovac\u00ed org\u00e1ny"},"content":{"rendered":"\t\t<div data-elementor-type=\"wp-page\" data-elementor-id=\"241\" class=\"elementor elementor-241\">\n\t\t\t\t<div class=\"elementor-element elementor-element-343f1ea e-con-full e-flex e-con e-parent\" data-id=\"343f1ea\" data-element_type=\"container\">\n\t\t<div class=\"elementor-element elementor-element-fb2ceb1 e-con-full e-flex e-con e-child\" data-id=\"fb2ceb1\" data-element_type=\"container\">\n\t\t\t\t<div class=\"elementor-element elementor-element-ec4a723 elementor-widget elementor-widget-html\" data-id=\"ec4a723\" data-element_type=\"widget\" data-widget_type=\"html.default\">\n\t\t\t\t\t\t\t\t\t<\/div>\n\t\t\t\t<\/div>\n\t\t<div class=\"elementor-element elementor-element-22adffd e-con-full e-flex e-con e-child\" data-id=\"22adffd\" data-element_type=\"container\">\n\t\t\t\t<\/div>\n\t\t<div class=\"elementor-element elementor-element-7287a95 e-con-full e-flex e-con e-child\" data-id=\"7287a95\" data-element_type=\"container\">\n\t\t\t\t<\/div>\n\t\t\t\t<\/div>\n\t\t<div class=\"elementor-element elementor-element-cc35723 e-flex e-con-boxed e-con e-parent\" data-id=\"cc35723\" data-element_type=\"container\">\n\t\t\t\t\t<div class=\"e-con-inner\">\n\t\t<div class=\"elementor-element elementor-element-bf07c71 e-con-full e-flex e-con e-child\" data-id=\"bf07c71\" data-element_type=\"container\">\n\t\t\t\t<div class=\"elementor-element elementor-element-1baf285 elementor-widget elementor-widget-image\" data-id=\"1baf285\" data-element_type=\"widget\" data-widget_type=\"image.default\">\n\t\t\t\t\t\t\t\t\t\t\t\t<figure class=\"wp-caption\">\n\t\t\t\t\t\t\t\t\t\t\t<a href=\"https:\/\/tvhasici.cz\/KI\/\">\n\t\t\t\t\t\t\t<img decoding=\"async\" width=\"150\" height=\"150\" src=\"https:\/\/tvhasici.cz\/KI\/wp-content\/uploads\/2026\/02\/ChatGPT-Image-2.-2.-2026-23_42_33-150x150.png\" class=\"attachment-thumbnail size-thumbnail wp-image-778\" alt=\"\" srcset=\"https:\/\/tvhasici.cz\/KI\/wp-content\/uploads\/2026\/02\/ChatGPT-Image-2.-2.-2026-23_42_33-150x150.png 150w, https:\/\/tvhasici.cz\/KI\/wp-content\/uploads\/2026\/02\/ChatGPT-Image-2.-2.-2026-23_42_33-300x300.png 300w, https:\/\/tvhasici.cz\/KI\/wp-content\/uploads\/2026\/02\/ChatGPT-Image-2.-2.-2026-23_42_33-768x768.png 768w, https:\/\/tvhasici.cz\/KI\/wp-content\/uploads\/2026\/02\/ChatGPT-Image-2.-2.-2026-23_42_33.png 1024w\" sizes=\"(max-width: 150px) 100vw, 150px\" \/>\t\t\t\t\t\t\t\t<\/a>\n\t\t\t\t\t\t\t\t\t\t\t<figcaption class=\"widget-image-caption wp-caption-text\"><\/figcaption>\n\t\t\t\t\t\t\t\t\t\t<\/figure>\n\t\t\t\t\t\t\t\t\t<\/div>\n\t\t\t\t<\/div>\n\t\t<div class=\"elementor-element elementor-element-524ae44 e-con-full e-flex e-con e-child\" data-id=\"524ae44\" data-element_type=\"container\">\n\t\t\t\t<div class=\"elementor-element elementor-element-e3d4f36 elementor-widget elementor-widget-image\" data-id=\"e3d4f36\" data-element_type=\"widget\" data-widget_type=\"image.default\">\n\t\t\t\t\t\t\t\t\t\t\t\t\t\t\t<img decoding=\"async\" width=\"150\" height=\"150\" src=\"https:\/\/tvhasici.cz\/KI\/wp-content\/uploads\/2026\/02\/ChatGPT-Image-25.-1.-2026-16_10_11-150x150.png\" class=\"attachment-thumbnail size-thumbnail wp-image-665\" alt=\"\" srcset=\"https:\/\/tvhasici.cz\/KI\/wp-content\/uploads\/2026\/02\/ChatGPT-Image-25.-1.-2026-16_10_11-150x150.png 150w, https:\/\/tvhasici.cz\/KI\/wp-content\/uploads\/2026\/02\/ChatGPT-Image-25.-1.-2026-16_10_11-300x300.png 300w, https:\/\/tvhasici.cz\/KI\/wp-content\/uploads\/2026\/02\/ChatGPT-Image-25.-1.-2026-16_10_11-768x768.png 768w, https:\/\/tvhasici.cz\/KI\/wp-content\/uploads\/2026\/02\/ChatGPT-Image-25.-1.-2026-16_10_11.png 1024w\" sizes=\"(max-width: 150px) 100vw, 150px\" \/>\t\t\t\t\t\t\t\t\t\t\t\t\t\t\t<\/div>\n\t\t\t\t<div class=\"elementor-element elementor-element-d33455a elementor-widget elementor-widget-heading\" data-id=\"d33455a\" data-element_type=\"widget\" data-widget_type=\"heading.default\">\n\t\t\t\t\t<h2 class=\"elementor-heading-title elementor-size-default\"><a href=\"https:\/\/tvhasici.cz\/KI\/\">Rozhodovac\u00ed org\u00e1ny v syst\u00e9mu zaji\u0161\u0165ov\u00e1n\u00ed \na posilov\u00e1n\u00ed odolnosti subjekt\u016f kritick\u00e9 infrastruktury<\/a><\/h2>\t\t\t\t<\/div>\n\t\t\t\t<\/div>\n\t\t<div class=\"elementor-element elementor-element-e407d8e e-con-full e-flex e-con e-child\" data-id=\"e407d8e\" data-element_type=\"container\">\n\t\t\t\t<\/div>\n\t\t\t\t\t<\/div>\n\t\t\t\t<\/div>\n\t\t<div class=\"elementor-element elementor-element-f703d12 e-con-full e-flex e-con e-parent\" data-id=\"f703d12\" data-element_type=\"container\">\n\t\t<div class=\"elementor-element elementor-element-e5fd8af e-con-full e-flex e-con e-child\" data-id=\"e5fd8af\" data-element_type=\"container\">\n\t\t\t\t<\/div>\n\t\t<div class=\"elementor-element elementor-element-11c3400 e-con-full e-flex e-con e-child\" data-id=\"11c3400\" data-element_type=\"container\">\n\t\t\t\t<\/div>\n\t\t<div class=\"elementor-element elementor-element-7cb3df1 e-con-full e-flex e-con e-child\" data-id=\"7cb3df1\" data-element_type=\"container\">\n\t\t\t\t<\/div>\n\t\t\t\t<\/div>\n\t\t<div class=\"elementor-element elementor-element-205278e e-flex e-con-boxed e-con e-parent\" data-id=\"205278e\" data-element_type=\"container\">\n\t\t\t\t\t<div class=\"e-con-inner\">\n\t\t<div class=\"elementor-element elementor-element-b70cd6e e-con-full e-flex e-con e-child\" data-id=\"b70cd6e\" data-element_type=\"container\">\n\t\t\t\t<\/div>\n\t\t<div class=\"elementor-element elementor-element-a2c4946 e-con-full e-flex e-con e-child\" data-id=\"a2c4946\" data-element_type=\"container\">\n\t\t\t\t<div class=\"elementor-element elementor-element-8478da2 elementor-widget elementor-widget-text-editor\" data-id=\"8478da2\" data-element_type=\"widget\" data-widget_type=\"text-editor.default\">\n\t\t\t\t\t\t\t\t\t<h3 style=\"font-family: Arial, arial; font-weight: 400; font-size: 14px; text-align: justify; margin-bottom: 0cm;\"><strong><span style=\"font-family: Arial, serif;\"><span style=\"font-size: 18px;\">Hlavn\u00ed rozhodovac\u00ed org\u00e1n<\/span><\/span><\/strong><\/h3><h4 align=\"JUSTIFY\"><span style=\"font-family: Arial, serif;\"><span style=\"font-size: medium;\">V syst\u00e9mu zaji\u0161\u0165ov\u00e1n\u00ed a posilov\u00e1n\u00ed odolnosti subjekt\u016f kritick\u00e9 infrastruktury je hlavn\u00ed rozhodovac\u00edm org\u00e1nem Ministerstvo vnitra, kter\u00e9 z\u00e1rove\u0148 koordinuje v\u00fdkon st\u00e1tn\u00ed spr\u00e1vy v t\u00e9to oblasti. Mezi jeho dal\u0161\u00ed \u00fakoly pat\u0159\u00ed p\u0159edev\u0161\u00edm zpracov\u00e1n\u00ed posouzen\u00ed rizik \u010cR, Strategie pro pos\u00edlen\u00ed odolnosti subjekt\u016f kritick\u00e9 infrastruktury a pl\u00e1nu cvi\u010den\u00ed, koordinace cvi\u010den\u00ed k ov\u011b\u0159en\u00ed odolnosti subjekt\u016f kritick\u00e9 infrastruktury v p\u016fsobnosti v\u00edce gestor\u016f a rozhodov\u00e1n\u00ed o za\u0159azen\u00ed poskytovatele z\u00e1kladn\u00ed slu\u017eby na seznam subjekt\u016f kritick\u00e9 infrastruktury.<\/span><\/span><\/h4><h4 align=\"JUSTIFY\"><span style=\"font-family: Arial, serif;\"><span style=\"font-size: medium;\">Ministerstvo vnitra sou\u010dasn\u011b pln\u00ed funkci jednotn\u00e9ho kontaktn\u00edho m\u00edsta \u010cR pro problematiku odolnosti kritick\u00fdch subjekt\u016f a komunikuje a\u00a0spolupracuje s\u00a0Evropskou komis\u00ed a p\u0159\u00edslu\u0161n\u00fdmi org\u00e1ny \u010dlensk\u00fdch st\u00e1t\u016f Evropsk\u00e9 unie.<\/span><\/span><\/h4>\t\t\t\t\t\t\t\t<\/div>\n\t\t\t\t<\/div>\n\t\t<div class=\"elementor-element elementor-element-33e5bd0 e-con-full e-flex e-con e-child\" data-id=\"33e5bd0\" data-element_type=\"container\">\n\t\t\t\t<\/div>\n\t\t\t\t\t<\/div>\n\t\t\t\t<\/div>\n\t\t<div class=\"elementor-element elementor-element-91841a6 e-flex e-con-boxed e-con e-parent\" data-id=\"91841a6\" data-element_type=\"container\">\n\t\t\t\t\t<div class=\"e-con-inner\">\n\t\t<div class=\"elementor-element elementor-element-0f780cc e-con-full e-flex e-con e-child\" data-id=\"0f780cc\" data-element_type=\"container\">\n\t\t\t\t<\/div>\n\t\t<div class=\"elementor-element elementor-element-9402881 e-con-full e-flex e-con e-child\" data-id=\"9402881\" data-element_type=\"container\" data-settings=\"{&quot;background_background&quot;:&quot;classic&quot;}\">\n\t\t\t\t<div class=\"elementor-element elementor-element-03e9c81 elementor-widget elementor-widget-text-editor\" data-id=\"03e9c81\" data-element_type=\"widget\" data-widget_type=\"text-editor.default\">\n\t\t\t\t\t\t\t\t\t<h3 style=\"font-family: Arial, arial; font-weight: 400; font-size: 14px; text-align: justify; margin-bottom: 0cm;\"><strong><span style=\"font-family: Arial, serif;\"><span style=\"font-size: 18px;\">Gesto\u0159i<\/span><\/span><\/strong><\/h3><h4 align=\"JUSTIFY\"><span style=\"font-family: Arial, serif; color: #ffffff;\"><span style=\"font-size: medium;\">Z\u00e1rove\u0148 jsou pro fungov\u00e1n\u00ed cel\u00e9ho syst\u00e9mu v\u00fdznamn\u00e9 tak\u00e9 gesto\u0159i. Ti, krom\u011b jin\u00fdch sv\u00fdch \u010dinnost\u00ed v\u00a0r\u00e1mci syst\u00e9mu ochrany kritick\u00e9 infrastruktury, posuzuj\u00ed informace<br \/>o poskytovateli z\u00e1kladn\u00ed slu\u017eby a pod\u00e1vaj\u00ed Ministerstvu vnitra podn\u011bt k\u00a0rozhodnut\u00ed o jeho za\u0159azen\u00ed na seznam subjekt\u016f kritick\u00e9 infrastruktury. D\u00e1le prov\u00e1d\u011bj\u00ed cvi\u010den\u00ed k ov\u011b\u0159en\u00ed odolnosti subjekt\u016f kritick\u00e9 infrastruktury nebo kontrolu subjektu kritick\u00e9 infrastruktury, ukl\u00e1daj\u00ed n\u00e1pravn\u00e1 opat\u0159en\u00ed a poskytuj\u00ed sou\u010dinnost Ministerstvu vnitra a Evropsk\u00e9 komisi.<\/span><\/span><\/h4>\t\t\t\t\t\t\t\t<\/div>\n\t\t\t\t<\/div>\n\t\t<div class=\"elementor-element elementor-element-9e72ec0 e-con-full e-flex e-con e-child\" data-id=\"9e72ec0\" data-element_type=\"container\">\n\t\t\t\t<\/div>\n\t\t\t\t\t<\/div>\n\t\t\t\t<\/div>\n\t\t<div class=\"elementor-element elementor-element-853537e e-flex e-con-boxed e-con e-parent\" data-id=\"853537e\" data-element_type=\"container\">\n\t\t\t\t\t<div class=\"e-con-inner\">\n\t\t<div class=\"elementor-element elementor-element-9f41bd3 e-con-full e-flex e-con e-child\" data-id=\"9f41bd3\" data-element_type=\"container\">\n\t\t\t\t<\/div>\n\t\t<div class=\"elementor-element elementor-element-f736cfd e-con-full e-flex e-con e-child\" data-id=\"f736cfd\" data-element_type=\"container\">\n\t\t\t\t<div class=\"elementor-element elementor-element-3cbcd62 elementor-widget elementor-widget-text-editor\" data-id=\"3cbcd62\" data-element_type=\"widget\" data-widget_type=\"text-editor.default\">\n\t\t\t\t\t\t\t\t\t<h3 style=\"font-family: Arial, arial; font-weight: 400; font-size: 14px; text-align: justify; margin-bottom: 0cm;\"><strong><span style=\"font-family: Arial, serif;\"><span style=\"font-size: 18px;\">Vl\u00e1da<\/span><\/span><\/strong><\/h3>\n<h4 align=\"JUSTIFY\"><span style=\"font-family: Arial, serif;\"><span style=\"font-size: medium;\">D\u016fle\u017eitou roli v\u00a0syst\u00e9mu kritick\u00e9 infrastruktury sehr\u00e1v\u00e1 rovn\u011b\u017e vl\u00e1da, kter\u00e1 schvaluje Strategii a vyd\u00e1v\u00e1 na\u0159\u00edzen\u00ed vl\u00e1dy.<\/span><\/span><\/h4>\t\t\t\t\t\t\t\t<\/div>\n\t\t\t\t<\/div>\n\t\t<div class=\"elementor-element elementor-element-dbcbe16 e-con-full e-flex e-con e-child\" data-id=\"dbcbe16\" data-element_type=\"container\">\n\t\t\t\t<\/div>\n\t\t\t\t\t<\/div>\n\t\t\t\t<\/div>\n\t\t\t\t<\/div>\n\t\t","protected":false},"excerpt":{"rendered":"<p>Rozhodovac\u00ed org\u00e1ny v syst\u00e9mu zaji\u0161\u0165ov\u00e1n\u00ed a posilov\u00e1n\u00ed odolnosti subjekt\u016f kritick\u00e9 infrastruktury Hlavn\u00ed rozhodovac\u00ed org\u00e1n V syst\u00e9mu zaji\u0161\u0165ov\u00e1n\u00ed a posilov\u00e1n\u00ed odolnosti subjekt\u016f kritick\u00e9 infrastruktury je hlavn\u00ed rozhodovac\u00edm org\u00e1nem Ministerstvo vnitra, kter\u00e9 z\u00e1rove\u0148 koordinuje v\u00fdkon st\u00e1tn\u00ed spr\u00e1vy v t\u00e9to oblasti. Mezi jeho dal\u0161\u00ed \u00fakoly pat\u0159\u00ed p\u0159edev\u0161\u00edm zpracov\u00e1n\u00ed posouzen\u00ed rizik \u010cR, Strategie pro pos\u00edlen\u00ed odolnosti subjekt\u016f kritick\u00e9 infrastruktury [&hellip;]<\/p>\n","protected":false},"author":1,"featured_media":0,"parent":0,"menu_order":0,"comment_status":"closed","ping_status":"closed","template":"elementor_canvas","meta":{"footnotes":""},"class_list":["post-241","page","type-page","status-publish","hentry"],"_links":{"self":[{"href":"https:\/\/tvhasici.cz\/KI\/wp-json\/wp\/v2\/pages\/241","targetHints":{"allow":["GET"]}}],"collection":[{"href":"https:\/\/tvhasici.cz\/KI\/wp-json\/wp\/v2\/pages"}],"about":[{"href":"https:\/\/tvhasici.cz\/KI\/wp-json\/wp\/v2\/types\/page"}],"author":[{"embeddable":true,"href":"https:\/\/tvhasici.cz\/KI\/wp-json\/wp\/v2\/users\/1"}],"replies":[{"embeddable":true,"href":"https:\/\/tvhasici.cz\/KI\/wp-json\/wp\/v2\/comments?post=241"}],"version-history":[{"count":37,"href":"https:\/\/tvhasici.cz\/KI\/wp-json\/wp\/v2\/pages\/241\/revisions"}],"predecessor-version":[{"id":857,"href":"https:\/\/tvhasici.cz\/KI\/wp-json\/wp\/v2\/pages\/241\/revisions\/857"}],"wp:attachment":[{"href":"https:\/\/tvhasici.cz\/KI\/wp-json\/wp\/v2\/media?parent=241"}],"curies":[{"name":"wp","href":"https:\/\/api.w.org\/{rel}","templated":true}]}}