{"id":239,"date":"2025-11-28T13:56:32","date_gmt":"2025-11-28T13:56:32","guid":{"rendered":"https:\/\/tvhasici.cz\/KI\/?page_id=239"},"modified":"2026-02-05T20:09:31","modified_gmt":"2026-02-05T20:09:31","slug":"ki-prava-a-povinnosti","status":"publish","type":"page","link":"https:\/\/tvhasici.cz\/KI\/ki-prava-a-povinnosti\/","title":{"rendered":"KI-Pr\u00e1va a povinnosti"},"content":{"rendered":"\t\t<div data-elementor-type=\"wp-page\" data-elementor-id=\"239\" class=\"elementor elementor-239\">\n\t\t\t\t<div class=\"elementor-element elementor-element-343f1ea e-con-full e-flex e-con e-parent\" data-id=\"343f1ea\" data-element_type=\"container\">\n\t\t<div class=\"elementor-element elementor-element-fb2ceb1 e-con-full e-flex e-con e-child\" data-id=\"fb2ceb1\" data-element_type=\"container\">\n\t\t\t\t<div class=\"elementor-element elementor-element-ec4a723 elementor-widget elementor-widget-html\" data-id=\"ec4a723\" data-element_type=\"widget\" data-widget_type=\"html.default\">\n\t\t\t\t\t\t\t\t\t<\/div>\n\t\t\t\t<\/div>\n\t\t<div class=\"elementor-element elementor-element-22adffd e-con-full e-flex e-con e-child\" data-id=\"22adffd\" data-element_type=\"container\">\n\t\t\t\t<\/div>\n\t\t<div class=\"elementor-element elementor-element-7287a95 e-con-full e-flex e-con e-child\" data-id=\"7287a95\" data-element_type=\"container\">\n\t\t\t\t<\/div>\n\t\t\t\t<\/div>\n\t\t<div class=\"elementor-element elementor-element-cc35723 e-flex e-con-boxed e-con e-parent\" data-id=\"cc35723\" data-element_type=\"container\">\n\t\t\t\t\t<div class=\"e-con-inner\">\n\t\t<div class=\"elementor-element elementor-element-bf07c71 e-con-full e-flex e-con e-child\" data-id=\"bf07c71\" data-element_type=\"container\">\n\t\t\t\t<div class=\"elementor-element elementor-element-0ed9381 elementor-widget elementor-widget-image\" data-id=\"0ed9381\" data-element_type=\"widget\" data-widget_type=\"image.default\">\n\t\t\t\t\t\t\t\t\t\t\t\t<figure class=\"wp-caption\">\n\t\t\t\t\t\t\t\t\t\t\t<a href=\"https:\/\/tvhasici.cz\/KI\/\">\n\t\t\t\t\t\t\t<img decoding=\"async\" width=\"150\" height=\"150\" src=\"https:\/\/tvhasici.cz\/KI\/wp-content\/uploads\/2026\/02\/ChatGPT-Image-2.-2.-2026-23_42_33-150x150.png\" class=\"attachment-thumbnail size-thumbnail wp-image-778\" alt=\"\" srcset=\"https:\/\/tvhasici.cz\/KI\/wp-content\/uploads\/2026\/02\/ChatGPT-Image-2.-2.-2026-23_42_33-150x150.png 150w, https:\/\/tvhasici.cz\/KI\/wp-content\/uploads\/2026\/02\/ChatGPT-Image-2.-2.-2026-23_42_33-300x300.png 300w, https:\/\/tvhasici.cz\/KI\/wp-content\/uploads\/2026\/02\/ChatGPT-Image-2.-2.-2026-23_42_33-768x768.png 768w, https:\/\/tvhasici.cz\/KI\/wp-content\/uploads\/2026\/02\/ChatGPT-Image-2.-2.-2026-23_42_33.png 1024w\" sizes=\"(max-width: 150px) 100vw, 150px\" \/>\t\t\t\t\t\t\t\t<\/a>\n\t\t\t\t\t\t\t\t\t\t\t<figcaption class=\"widget-image-caption wp-caption-text\"><\/figcaption>\n\t\t\t\t\t\t\t\t\t\t<\/figure>\n\t\t\t\t\t\t\t\t\t<\/div>\n\t\t\t\t<\/div>\n\t\t<div class=\"elementor-element elementor-element-524ae44 e-con-full e-flex e-con e-child\" data-id=\"524ae44\" data-element_type=\"container\">\n\t\t\t\t<div class=\"elementor-element elementor-element-3ce3f0f elementor-widget elementor-widget-image\" data-id=\"3ce3f0f\" data-element_type=\"widget\" data-widget_type=\"image.default\">\n\t\t\t\t\t\t\t\t\t\t\t\t\t\t\t<img decoding=\"async\" width=\"150\" height=\"150\" src=\"https:\/\/tvhasici.cz\/KI\/wp-content\/uploads\/2026\/01\/prava_a_povinnosti_same_as_ref-150x150.png\" class=\"attachment-thumbnail size-thumbnail wp-image-514\" alt=\"\" srcset=\"https:\/\/tvhasici.cz\/KI\/wp-content\/uploads\/2026\/01\/prava_a_povinnosti_same_as_ref-150x150.png 150w, https:\/\/tvhasici.cz\/KI\/wp-content\/uploads\/2026\/01\/prava_a_povinnosti_same_as_ref-300x300.png 300w, https:\/\/tvhasici.cz\/KI\/wp-content\/uploads\/2026\/01\/prava_a_povinnosti_same_as_ref-768x768.png 768w, https:\/\/tvhasici.cz\/KI\/wp-content\/uploads\/2026\/01\/prava_a_povinnosti_same_as_ref.png 1024w\" sizes=\"(max-width: 150px) 100vw, 150px\" \/>\t\t\t\t\t\t\t\t\t\t\t\t\t\t\t<\/div>\n\t\t\t\t<div class=\"elementor-element elementor-element-eff9dec elementor-widget elementor-widget-heading\" data-id=\"eff9dec\" data-element_type=\"widget\" data-widget_type=\"heading.default\">\n\t\t\t\t\t<h2 class=\"elementor-heading-title elementor-size-default\"><a href=\"https:\/\/tvhasici.cz\/KI\/\">Pr\u00e1va a povinnosti pro subjekty kritick\u00e9 infrastruktury<\/a><\/h2>\t\t\t\t<\/div>\n\t\t\t\t<\/div>\n\t\t<div class=\"elementor-element elementor-element-e407d8e e-con-full e-flex e-con e-child\" data-id=\"e407d8e\" data-element_type=\"container\">\n\t\t\t\t<\/div>\n\t\t\t\t\t<\/div>\n\t\t\t\t<\/div>\n\t\t<div class=\"elementor-element elementor-element-205278e e-con-full e-flex e-con e-parent\" data-id=\"205278e\" data-element_type=\"container\">\n\t\t<div class=\"elementor-element elementor-element-a2c4946 e-con-full e-flex e-con e-child\" data-id=\"a2c4946\" data-element_type=\"container\">\n\t\t\t\t<\/div>\n\t\t<div class=\"elementor-element elementor-element-33e5bd0 e-con-full e-flex e-con e-child\" data-id=\"33e5bd0\" data-element_type=\"container\">\n\t\t\t\t<\/div>\n\t\t\t\t<\/div>\n\t\t<div class=\"elementor-element elementor-element-d2ee0a7 e-flex e-con-boxed e-con e-parent\" data-id=\"d2ee0a7\" data-element_type=\"container\">\n\t\t\t\t\t<div class=\"e-con-inner\">\n\t\t<div class=\"elementor-element elementor-element-2902805 e-con-full e-flex e-con e-child\" data-id=\"2902805\" data-element_type=\"container\" data-settings=\"{&quot;background_background&quot;:&quot;classic&quot;}\">\n\t\t\t\t<div class=\"elementor-element elementor-element-90f641c elementor-widget elementor-widget-text-editor\" data-id=\"90f641c\" data-element_type=\"widget\" data-widget_type=\"text-editor.default\">\n\t\t\t\t\t\t\t\t\t<h3 style=\"font-family: Arial, arial; font-weight: 400; font-size: 14px; text-align: justify; margin-bottom: 0cm;\"><strong><span style=\"font-family: Arial, serif;\"><span style=\"font-size: 18px;\">Pr\u00e1va pro subjekty kritick\u00e9 infrastruktury<\/span><\/span><\/strong><\/h3><h4 align=\"JUSTIFY\"><span style=\"font-family: Arial, serif;\"><span style=\"font-size: medium;\">Subjekt\u016fm kritick\u00e9 infrastruktury budou z jejich ur\u010den\u00ed vypl\u00fdvat ur\u010dit\u00e1 pr\u00e1va. Konkr\u00e9tn\u011b se jedn\u00e1 o mo\u017enost p\u0159ednostn\u00edho p\u0159ipojen\u00ed, vstup do vyhrazen\u00fdch m\u00edst nebo p\u0159ednostn\u00ed p\u0159\u00edstup k z\u00e1kladn\u00ed slu\u017eb\u011b.<\/span><\/span><\/h4>\t\t\t\t\t\t\t\t<\/div>\n\t\t\t\t<div class=\"elementor-element elementor-element-9208575 elementor-widget__width-initial elementor-widget elementor-widget-n-accordion\" data-id=\"9208575\" data-element_type=\"widget\" data-settings=\"{&quot;default_state&quot;:&quot;all_collapsed&quot;,&quot;max_items_expended&quot;:&quot;one&quot;,&quot;n_accordion_animation_duration&quot;:{&quot;unit&quot;:&quot;ms&quot;,&quot;size&quot;:400,&quot;sizes&quot;:[]}}\" data-widget_type=\"nested-accordion.default\">\n\t\t\t\t\t\t\t<div class=\"e-n-accordion\" aria-label=\"Accordion. Open links with Enter or Space, close with Escape, and navigate with Arrow Keys\">\n\t\t\t\t\t\t<details id=\"e-n-accordion-item-1530\" class=\"e-n-accordion-item\" >\n\t\t\t\t<summary class=\"e-n-accordion-item-title\" data-accordion-index=\"1\" tabindex=\"0\" aria-expanded=\"false\" aria-controls=\"e-n-accordion-item-1530\" >\n\t\t\t\t\t<span class='e-n-accordion-item-title-header'><div class=\"e-n-accordion-item-title-text\"> V\u00edce <\/div><\/span>\n\t\t\t\t\t\t\t<span class='e-n-accordion-item-title-icon'>\n\t\t\t<span class='e-opened' ><svg aria-hidden=\"true\" class=\"e-font-icon-svg e-fas-minus\" viewBox=\"0 0 448 512\" xmlns=\"http:\/\/www.w3.org\/2000\/svg\"><path d=\"M416 208H32c-17.67 0-32 14.33-32 32v32c0 17.67 14.33 32 32 32h384c17.67 0 32-14.33 32-32v-32c0-17.67-14.33-32-32-32z\"><\/path><\/svg><\/span>\n\t\t\t<span class='e-closed'><svg aria-hidden=\"true\" class=\"e-font-icon-svg e-fas-angle-right\" viewBox=\"0 0 256 512\" xmlns=\"http:\/\/www.w3.org\/2000\/svg\"><path d=\"M224.3 273l-136 136c-9.4 9.4-24.6 9.4-33.9 0l-22.6-22.6c-9.4-9.4-9.4-24.6 0-33.9l96.4-96.4-96.4-96.4c-9.4-9.4-9.4-24.6 0-33.9L54.3 103c9.4-9.4 24.6-9.4 33.9 0l136 136c9.5 9.4 9.5 24.6.1 34z\"><\/path><\/svg><\/span>\n\t\t<\/span>\n\n\t\t\t\t\t\t<\/summary>\n\t\t\t\t<div role=\"region\" aria-labelledby=\"e-n-accordion-item-1530\" class=\"elementor-element elementor-element-1cee96d e-con-full e-flex e-con e-child\" data-id=\"1cee96d\" data-element_type=\"container\">\n\t\t\t\t<div class=\"elementor-element elementor-element-9afe2f4 elementor-widget elementor-widget-text-editor\" data-id=\"9afe2f4\" data-element_type=\"widget\" data-widget_type=\"text-editor.default\">\n\t\t\t\t\t\t\t\t\t<ul><li><h4 align=\"JUSTIFY\"><span style=\"font-family: Arial, serif;\"><span style=\"font-size: medium;\">Subjekty kritick\u00e9 infrastruktury p\u0159i p\u0159\u00edprav\u011b na krizov\u00e9 situace mohou po\u017e\u00e1dat<br \/>u ministerstva, jin\u00e9ho \u00fast\u0159edn\u00edho spr\u00e1vn\u00edho \u00fa\u0159adu nebo \u010cesk\u00e9 n\u00e1rodn\u00ed banky o poskytnut\u00ed p\u0159ednostn\u00edho p\u0159ipojen\u00ed k ve\u0159ejn\u00e9 komunika\u010dn\u00ed s\u00edti a p\u0159\u00edstup k ve\u0159ejn\u011b dostupn\u00e9 slu\u017eb\u011b elektronick\u00fdch komunikac\u00ed pro kritick\u00e9 pracovn\u00edky.<\/span><\/span><\/h4><\/li><li><h4 align=\"JUSTIFY\"><span style=\"font-family: Arial, serif;\"><span style=\"font-size: medium;\">Subjekty kritick\u00e9 infrastruktury b\u011bhem mimo\u0159\u00e1dn\u00e9 ud\u00e1losti nebo za krizov\u00e9ho stavu mohou po\u017e\u00e1dat u ministerstva, jin\u00e9ho \u00fast\u0159edn\u00edho spr\u00e1vn\u00edho \u00fa\u0159adu nebo \u010cesk\u00e9 n\u00e1rodn\u00ed banky o zprost\u0159edkov\u00e1n\u00ed vstupu do vymezen\u00fdch m\u00edst nebo \u00fazem\u00ed, kam byl vstup zak\u00e1z\u00e1n v souvislosti s touto ud\u00e1lost\u00ed nebo krizov\u00fdm stavem, pokud je to nezbytn\u00e9 pro zaji\u0161t\u011bn\u00ed poskytov\u00e1n\u00ed z\u00e1kladn\u00ed slu\u017eby; subjekt kritick\u00e9 infrastruktury je opr\u00e1vn\u011bn po\u017e\u00e1dat o zprost\u0159edkov\u00e1n\u00ed tohoto vstupu i pro sv\u00e9ho kritick\u00e9ho dodavatele, pokud je to nezbytn\u00e9 pro poskytov\u00e1n\u00ed z\u00e1kladn\u00ed slu\u017eby.<\/span><\/span><\/h4><\/li><li><h4 align=\"JUSTIFY\"><span style=\"font-family: Arial, serif;\"><span style=\"font-size: medium;\">Subjekty kritick\u00e9 infrastruktury za krizov\u00e9ho stavu mohou po\u017e\u00e1dat u\u00a0ministerstva, jin\u00e9ho \u00fast\u0159edn\u00edho spr\u00e1vn\u00edho \u00fa\u0159adu nebo \u010cesk\u00e9 n\u00e1rodn\u00ed banky o poskytnut\u00ed p\u0159ednostn\u00edho p\u0159\u00edstupu k z\u00e1kladn\u00ed slu\u017eb\u011b poskytovan\u00e9 jin\u00fdm subjektem kritick\u00e9 infrastruktury, pokud je to nezbytn\u00e9 pro poskytov\u00e1n\u00ed z\u00e1kladn\u00ed slu\u017eby.<\/span><\/span><\/h4><\/li><\/ul>\t\t\t\t\t\t\t\t<\/div>\n\t\t\t\t<\/div>\n\t\t\t\t\t<\/details>\n\t\t\t\t\t<\/div>\n\t\t\t\t\t\t<\/div>\n\t\t\t\t<\/div>\n\t\t<div class=\"elementor-element elementor-element-b70cd6e e-con-full e-flex e-con e-child\" data-id=\"b70cd6e\" data-element_type=\"container\">\n\t\t\t\t<\/div>\n\t\t<div class=\"elementor-element elementor-element-d46a4fa e-con-full e-flex e-con e-child\" data-id=\"d46a4fa\" data-element_type=\"container\" data-settings=\"{&quot;background_background&quot;:&quot;classic&quot;}\">\n\t\t\t\t<div class=\"elementor-element elementor-element-62403cf elementor-widget elementor-widget-text-editor\" data-id=\"62403cf\" data-element_type=\"widget\" data-widget_type=\"text-editor.default\">\n\t\t\t\t\t\t\t\t\t<h3 style=\"font-family: Arial, arial; font-weight: 400; font-size: 14px; text-align: justify; margin-bottom: 0cm;\"><strong><span style=\"font-family: Arial, serif;\"><span style=\"font-size: 18px;\">Povinnosti pro subjekty kritick\u00e9 infrastruktury<\/span><\/span><\/strong><\/h3><h4 align=\"JUSTIFY\"><span style=\"font-family: Arial, serif; color: #ffffff;\"><span style=\"font-size: medium;\">Za \u00fa\u010delem pos\u00edlen\u00ed sv\u00e9 odolnosti budou subjekty kritick\u00e9 infrastruktury zpracov\u00e1vat posouzen\u00ed rizik a na to navazuj\u00edc\u00ed pl\u00e1n odolnosti, d\u00e1le ur\u010d\u00ed mana\u017eera kritick\u00e9 infrastruktury, ur\u010d\u00ed svou kritickou infrastrukturu a kritick\u00e9 dodavatele, budou p\u0159ij\u00edmat opat\u0159en\u00ed k\u00a0zaji\u0161t\u011bn\u00ed odolnosti, hl\u00e1sit incidenty, ov\u011b\u0159ovat spolehlivost vybran\u00fdch skupin osob, \u00fa\u010dastnit se cvi\u010den\u00ed nebo umo\u017e\u0148ovat kontrolu p\u0159\u00edslu\u0161n\u00fdm org\u00e1n\u016fm. <\/span><\/span><\/h4>\t\t\t\t\t\t\t\t<\/div>\n\t\t\t\t<\/div>\n\t\t\t\t\t<\/div>\n\t\t\t\t<\/div>\n\t\t<div class=\"elementor-element elementor-element-fc653be e-flex e-con-boxed e-con e-parent\" data-id=\"fc653be\" data-element_type=\"container\">\n\t\t\t\t\t<div class=\"e-con-inner\">\n\t\t<div class=\"elementor-element elementor-element-6cf4076 e-con-full e-flex e-con e-child\" data-id=\"6cf4076\" data-element_type=\"container\">\n\t\t\t\t<\/div>\n\t\t<div class=\"elementor-element elementor-element-c3cfab8 e-con-full e-flex e-con e-child\" data-id=\"c3cfab8\" data-element_type=\"container\">\n\t\t\t\t<\/div>\n\t\t<div class=\"elementor-element elementor-element-e849c3d e-con-full e-flex e-con e-child\" data-id=\"e849c3d\" data-element_type=\"container\">\n\t\t\t\t<\/div>\n\t\t\t\t\t<\/div>\n\t\t\t\t<\/div>\n\t\t<div class=\"elementor-element elementor-element-7654e00 e-flex e-con-boxed e-con e-parent\" data-id=\"7654e00\" data-element_type=\"container\">\n\t\t\t\t\t<div class=\"e-con-inner\">\n\t\t<div class=\"elementor-element elementor-element-d86b587 e-flex e-con-boxed e-con e-child\" data-id=\"d86b587\" data-element_type=\"container\">\n\t\t\t\t\t<div class=\"e-con-inner\">\n\t\t\t\t\t<\/div>\n\t\t\t\t<\/div>\n\t\t\t\t\t<\/div>\n\t\t\t\t<\/div>\n\t\t<div class=\"elementor-element elementor-element-f703d12 e-con-full e-flex e-con e-parent\" data-id=\"f703d12\" data-element_type=\"container\">\n\t\t<div class=\"elementor-element elementor-element-e5fd8af e-con-full e-flex e-con e-child\" data-id=\"e5fd8af\" data-element_type=\"container\">\n\t\t\t\t<\/div>\n\t\t<div class=\"elementor-element elementor-element-11c3400 e-con-full e-flex e-con e-child\" data-id=\"11c3400\" data-element_type=\"container\">\n\t\t\t\t<\/div>\n\t\t<div class=\"elementor-element elementor-element-7cb3df1 e-con-full e-flex e-con e-child\" data-id=\"7cb3df1\" data-element_type=\"container\">\n\t\t\t\t<\/div>\n\t\t\t\t<\/div>\n\t\t\t\t<\/div>\n\t\t","protected":false},"excerpt":{"rendered":"<p>Pr\u00e1va a povinnosti pro subjekty kritick\u00e9 infrastruktury Pr\u00e1va pro subjekty kritick\u00e9 infrastruktury Subjekt\u016fm kritick\u00e9 infrastruktury budou z jejich ur\u010den\u00ed vypl\u00fdvat ur\u010dit\u00e1 pr\u00e1va. Konkr\u00e9tn\u011b se jedn\u00e1 o mo\u017enost p\u0159ednostn\u00edho p\u0159ipojen\u00ed, vstup do vyhrazen\u00fdch m\u00edst nebo p\u0159ednostn\u00ed p\u0159\u00edstup k z\u00e1kladn\u00ed slu\u017eb\u011b. V\u00edce Subjekty kritick\u00e9 infrastruktury p\u0159i p\u0159\u00edprav\u011b na krizov\u00e9 situace mohou po\u017e\u00e1datu ministerstva, jin\u00e9ho \u00fast\u0159edn\u00edho spr\u00e1vn\u00edho \u00fa\u0159adu [&hellip;]<\/p>\n","protected":false},"author":1,"featured_media":0,"parent":0,"menu_order":0,"comment_status":"closed","ping_status":"closed","template":"elementor_canvas","meta":{"footnotes":""},"class_list":["post-239","page","type-page","status-publish","hentry"],"_links":{"self":[{"href":"https:\/\/tvhasici.cz\/KI\/wp-json\/wp\/v2\/pages\/239","targetHints":{"allow":["GET"]}}],"collection":[{"href":"https:\/\/tvhasici.cz\/KI\/wp-json\/wp\/v2\/pages"}],"about":[{"href":"https:\/\/tvhasici.cz\/KI\/wp-json\/wp\/v2\/types\/page"}],"author":[{"embeddable":true,"href":"https:\/\/tvhasici.cz\/KI\/wp-json\/wp\/v2\/users\/1"}],"replies":[{"embeddable":true,"href":"https:\/\/tvhasici.cz\/KI\/wp-json\/wp\/v2\/comments?post=239"}],"version-history":[{"count":49,"href":"https:\/\/tvhasici.cz\/KI\/wp-json\/wp\/v2\/pages\/239\/revisions"}],"predecessor-version":[{"id":1245,"href":"https:\/\/tvhasici.cz\/KI\/wp-json\/wp\/v2\/pages\/239\/revisions\/1245"}],"wp:attachment":[{"href":"https:\/\/tvhasici.cz\/KI\/wp-json\/wp\/v2\/media?parent=239"}],"curies":[{"name":"wp","href":"https:\/\/api.w.org\/{rel}","templated":true}]}}