{"id":1039,"date":"2026-02-05T17:32:12","date_gmt":"2026-02-05T17:32:12","guid":{"rendered":"https:\/\/tvhasici.cz\/KI\/?page_id=1039"},"modified":"2026-02-05T18:15:58","modified_gmt":"2026-02-05T18:15:58","slug":"ki-vesmir","status":"publish","type":"page","link":"https:\/\/tvhasici.cz\/KI\/ki-vesmir\/","title":{"rendered":"KI-Vesm\u00edr"},"content":{"rendered":"\t\t<div data-elementor-type=\"wp-page\" data-elementor-id=\"1039\" class=\"elementor elementor-1039\">\n\t\t\t\t<div class=\"elementor-element elementor-element-5ff2b56 e-con-full e-flex e-con e-parent\" data-id=\"5ff2b56\" data-element_type=\"container\">\n\t\t<div class=\"elementor-element elementor-element-2499d16b e-con-full e-flex e-con e-child\" data-id=\"2499d16b\" data-element_type=\"container\">\n\t\t\t\t<\/div>\n\t\t<div class=\"elementor-element elementor-element-20027b4e e-con-full e-flex e-con e-child\" data-id=\"20027b4e\" data-element_type=\"container\">\n\t\t\t\t<\/div>\n\t\t<div class=\"elementor-element elementor-element-606f9dd8 e-con-full e-flex e-con e-child\" data-id=\"606f9dd8\" data-element_type=\"container\">\n\t\t\t\t<\/div>\n\t\t\t\t<\/div>\n\t\t<div class=\"elementor-element elementor-element-3330120e e-flex e-con-boxed e-con e-parent\" data-id=\"3330120e\" data-element_type=\"container\">\n\t\t\t\t\t<div class=\"e-con-inner\">\n\t\t<div class=\"elementor-element elementor-element-e61eab e-con-full e-flex e-con e-child\" data-id=\"e61eab\" data-element_type=\"container\">\n\t\t\t\t<div class=\"elementor-element elementor-element-63fca08 elementor-widget elementor-widget-image\" data-id=\"63fca08\" data-element_type=\"widget\" data-widget_type=\"image.default\">\n\t\t\t\t\t\t\t\t\t\t\t\t<figure class=\"wp-caption\">\n\t\t\t\t\t\t\t\t\t\t\t<a href=\"https:\/\/tvhasici.cz\/KI\/ki-odvetvi-a-pododvetvi\/\">\n\t\t\t\t\t\t\t<img decoding=\"async\" width=\"150\" height=\"150\" src=\"https:\/\/tvhasici.cz\/KI\/wp-content\/uploads\/2026\/02\/ChatGPT-Image-2.-2.-2026-23_42_33-150x150.png\" class=\"attachment-thumbnail size-thumbnail wp-image-778\" alt=\"\" srcset=\"https:\/\/tvhasici.cz\/KI\/wp-content\/uploads\/2026\/02\/ChatGPT-Image-2.-2.-2026-23_42_33-150x150.png 150w, https:\/\/tvhasici.cz\/KI\/wp-content\/uploads\/2026\/02\/ChatGPT-Image-2.-2.-2026-23_42_33-300x300.png 300w, https:\/\/tvhasici.cz\/KI\/wp-content\/uploads\/2026\/02\/ChatGPT-Image-2.-2.-2026-23_42_33-768x768.png 768w, https:\/\/tvhasici.cz\/KI\/wp-content\/uploads\/2026\/02\/ChatGPT-Image-2.-2.-2026-23_42_33.png 1024w\" sizes=\"(max-width: 150px) 100vw, 150px\" \/>\t\t\t\t\t\t\t\t<\/a>\n\t\t\t\t\t\t\t\t\t\t\t<figcaption class=\"widget-image-caption wp-caption-text\"><\/figcaption>\n\t\t\t\t\t\t\t\t\t\t<\/figure>\n\t\t\t\t\t\t\t\t\t<\/div>\n\t\t\t\t<\/div>\n\t\t<div class=\"elementor-element elementor-element-5acf494b e-con-full e-flex e-con e-child\" data-id=\"5acf494b\" data-element_type=\"container\">\n\t\t\t\t<div class=\"elementor-element elementor-element-109ddd0 elementor-widget elementor-widget-image\" data-id=\"109ddd0\" data-element_type=\"widget\" data-widget_type=\"image.default\">\n\t\t\t\t\t\t\t\t\t\t\t\t\t\t\t<img decoding=\"async\" width=\"150\" height=\"150\" src=\"https:\/\/tvhasici.cz\/KI\/wp-content\/uploads\/2026\/02\/ChatGPT-Image-3.-2.-2026-00_08_57-150x150.png\" class=\"attachment-thumbnail size-thumbnail wp-image-815\" alt=\"\" srcset=\"https:\/\/tvhasici.cz\/KI\/wp-content\/uploads\/2026\/02\/ChatGPT-Image-3.-2.-2026-00_08_57-150x150.png 150w, https:\/\/tvhasici.cz\/KI\/wp-content\/uploads\/2026\/02\/ChatGPT-Image-3.-2.-2026-00_08_57-300x300.png 300w, https:\/\/tvhasici.cz\/KI\/wp-content\/uploads\/2026\/02\/ChatGPT-Image-3.-2.-2026-00_08_57-768x768.png 768w, https:\/\/tvhasici.cz\/KI\/wp-content\/uploads\/2026\/02\/ChatGPT-Image-3.-2.-2026-00_08_57.png 1024w\" sizes=\"(max-width: 150px) 100vw, 150px\" \/>\t\t\t\t\t\t\t\t\t\t\t\t\t\t\t<\/div>\n\t\t\t\t<div class=\"elementor-element elementor-element-57bf6b2c elementor-widget elementor-widget-heading\" data-id=\"57bf6b2c\" data-element_type=\"widget\" data-widget_type=\"heading.default\">\n\t\t\t\t\t<h1 class=\"elementor-heading-title elementor-size-default\"><a href=\"https:\/\/tvhasici.cz\/KI\/ki-odvetvi-a-pododvetvi\/\">Vesm\u00edr<\/a><\/h1>\t\t\t\t<\/div>\n\t\t\t\t<\/div>\n\t\t<div class=\"elementor-element elementor-element-1c91e560 e-con-full e-flex e-con e-child\" data-id=\"1c91e560\" data-element_type=\"container\">\n\t\t\t\t<\/div>\n\t\t\t\t\t<\/div>\n\t\t\t\t<\/div>\n\t\t<div class=\"elementor-element elementor-element-2898989 e-con-full e-flex e-con e-parent\" data-id=\"2898989\" data-element_type=\"container\">\n\t\t<div class=\"elementor-element elementor-element-4f24300a e-con-full e-flex e-con e-child\" data-id=\"4f24300a\" data-element_type=\"container\">\n\t\t\t\t<\/div>\n\t\t<div class=\"elementor-element elementor-element-72e11816 e-con-full e-flex e-con e-child\" data-id=\"72e11816\" data-element_type=\"container\">\n\t\t\t\t<\/div>\n\t\t<div class=\"elementor-element elementor-element-f12fbb e-con-full e-flex e-con e-child\" data-id=\"f12fbb\" data-element_type=\"container\">\n\t\t\t\t<\/div>\n\t\t\t\t<\/div>\n\t\t<div class=\"elementor-element elementor-element-3f6e0df1 e-flex e-con-boxed e-con e-parent\" data-id=\"3f6e0df1\" data-element_type=\"container\">\n\t\t\t\t\t<div class=\"e-con-inner\">\n\t\t<div class=\"elementor-element elementor-element-64241e63 e-con-full e-flex e-con e-child\" data-id=\"64241e63\" data-element_type=\"container\">\n\t\t\t\t<\/div>\n\t\t<div class=\"elementor-element elementor-element-26cdff98 e-con-full e-flex e-con e-child\" data-id=\"26cdff98\" data-element_type=\"container\" data-settings=\"{&quot;background_background&quot;:&quot;classic&quot;}\">\n\t\t\t\t<div class=\"elementor-element elementor-element-6f0b1a0f elementor-widget elementor-widget-text-editor\" data-id=\"6f0b1a0f\" data-element_type=\"widget\" data-widget_type=\"text-editor.default\">\n\t\t\t\t\t\t\t\t\t<h3 style=\"margin-bottom: 0cm;\"><strong><span style=\"font-family: Arial, serif;\"><span style=\"font-size: 18px;\">Z\u00e1kladn\u00ed slu\u017eba<\/span><\/span><\/strong><\/h3><ul><li><h4><span style=\"font-family: Arial, serif;\"><span style=\"font-size: medium;\">Provoz pozemn\u00ed infrastruktury vlastn\u011bn\u00e9, spravovan\u00e9 a provozovan\u00e9 st\u00e1tem nebo soukrom\u00fdm subjektem a podporuj\u00edc\u00ed poskytov\u00e1n\u00ed slu\u017eby vyu\u017e\u00edvaj\u00edc\u00ed kosmick\u00e9ho prostoru, s v\u00fdjimkou poskytovatel\u016f ve\u0159ejn\u00fdch s\u00edt\u00ed elektronick\u00fdch komunikac\u00ed<\/span><\/span><\/h4><\/li><\/ul>\t\t\t\t\t\t\t\t<\/div>\n\t\t\t\t<\/div>\n\t\t<div class=\"elementor-element elementor-element-27e49556 e-con-full e-flex e-con e-child\" data-id=\"27e49556\" data-element_type=\"container\">\n\t\t\t\t<\/div>\n\t\t\t\t\t<\/div>\n\t\t\t\t<\/div>\n\t\t\t\t<\/div>\n\t\t","protected":false},"excerpt":{"rendered":"<p>Vesm\u00edr Z\u00e1kladn\u00ed slu\u017eba Provoz pozemn\u00ed infrastruktury vlastn\u011bn\u00e9, spravovan\u00e9 a provozovan\u00e9 st\u00e1tem nebo soukrom\u00fdm subjektem a podporuj\u00edc\u00ed poskytov\u00e1n\u00ed slu\u017eby vyu\u017e\u00edvaj\u00edc\u00ed kosmick\u00e9ho prostoru, s v\u00fdjimkou poskytovatel\u016f ve\u0159ejn\u00fdch s\u00edt\u00ed elektronick\u00fdch komunikac\u00ed<\/p>\n","protected":false},"author":2,"featured_media":0,"parent":0,"menu_order":0,"comment_status":"closed","ping_status":"closed","template":"elementor_canvas","meta":{"footnotes":""},"class_list":["post-1039","page","type-page","status-publish","hentry"],"_links":{"self":[{"href":"https:\/\/tvhasici.cz\/KI\/wp-json\/wp\/v2\/pages\/1039","targetHints":{"allow":["GET"]}}],"collection":[{"href":"https:\/\/tvhasici.cz\/KI\/wp-json\/wp\/v2\/pages"}],"about":[{"href":"https:\/\/tvhasici.cz\/KI\/wp-json\/wp\/v2\/types\/page"}],"author":[{"embeddable":true,"href":"https:\/\/tvhasici.cz\/KI\/wp-json\/wp\/v2\/users\/2"}],"replies":[{"embeddable":true,"href":"https:\/\/tvhasici.cz\/KI\/wp-json\/wp\/v2\/comments?post=1039"}],"version-history":[{"count":8,"href":"https:\/\/tvhasici.cz\/KI\/wp-json\/wp\/v2\/pages\/1039\/revisions"}],"predecessor-version":[{"id":1120,"href":"https:\/\/tvhasici.cz\/KI\/wp-json\/wp\/v2\/pages\/1039\/revisions\/1120"}],"wp:attachment":[{"href":"https:\/\/tvhasici.cz\/KI\/wp-json\/wp\/v2\/media?parent=1039"}],"curies":[{"name":"wp","href":"https:\/\/api.w.org\/{rel}","templated":true}]}}