{"id":1027,"date":"2026-02-05T17:27:22","date_gmt":"2026-02-05T17:27:22","guid":{"rendered":"https:\/\/tvhasici.cz\/KI\/?page_id=1027"},"modified":"2026-02-05T18:15:15","modified_gmt":"2026-02-05T18:15:15","slug":"ki-verejna-sprava","status":"publish","type":"page","link":"https:\/\/tvhasici.cz\/KI\/ki-verejna-sprava\/","title":{"rendered":"KI-Ve\u0159ejn\u00e1 spr\u00e1va"},"content":{"rendered":"\t\t<div data-elementor-type=\"wp-page\" data-elementor-id=\"1027\" class=\"elementor elementor-1027\">\n\t\t\t\t<div class=\"elementor-element elementor-element-1c63badc e-con-full e-flex e-con e-parent\" data-id=\"1c63badc\" data-element_type=\"container\">\n\t\t<div class=\"elementor-element elementor-element-6e56b4a2 e-con-full e-flex e-con e-child\" data-id=\"6e56b4a2\" data-element_type=\"container\">\n\t\t\t\t<\/div>\n\t\t<div class=\"elementor-element elementor-element-6c05c980 e-con-full e-flex e-con e-child\" data-id=\"6c05c980\" data-element_type=\"container\">\n\t\t\t\t<\/div>\n\t\t<div class=\"elementor-element elementor-element-5e00f0fb e-con-full e-flex e-con e-child\" data-id=\"5e00f0fb\" data-element_type=\"container\">\n\t\t\t\t<\/div>\n\t\t\t\t<\/div>\n\t\t<div class=\"elementor-element elementor-element-61a4687e e-flex e-con-boxed e-con e-parent\" data-id=\"61a4687e\" data-element_type=\"container\">\n\t\t\t\t\t<div class=\"e-con-inner\">\n\t\t<div class=\"elementor-element elementor-element-4cf4b70f e-con-full e-flex e-con e-child\" data-id=\"4cf4b70f\" data-element_type=\"container\">\n\t\t\t\t<div class=\"elementor-element elementor-element-387ff38b elementor-widget elementor-widget-image\" data-id=\"387ff38b\" data-element_type=\"widget\" data-widget_type=\"image.default\">\n\t\t\t\t\t\t\t\t\t\t\t\t<figure class=\"wp-caption\">\n\t\t\t\t\t\t\t\t\t\t\t<a href=\"https:\/\/tvhasici.cz\/KI\/ki-odvetvi-a-pododvetvi\/\">\n\t\t\t\t\t\t\t<img decoding=\"async\" width=\"150\" height=\"150\" src=\"https:\/\/tvhasici.cz\/KI\/wp-content\/uploads\/2026\/02\/ChatGPT-Image-2.-2.-2026-23_42_33-150x150.png\" class=\"attachment-thumbnail size-thumbnail wp-image-778\" alt=\"\" srcset=\"https:\/\/tvhasici.cz\/KI\/wp-content\/uploads\/2026\/02\/ChatGPT-Image-2.-2.-2026-23_42_33-150x150.png 150w, https:\/\/tvhasici.cz\/KI\/wp-content\/uploads\/2026\/02\/ChatGPT-Image-2.-2.-2026-23_42_33-300x300.png 300w, https:\/\/tvhasici.cz\/KI\/wp-content\/uploads\/2026\/02\/ChatGPT-Image-2.-2.-2026-23_42_33-768x768.png 768w, https:\/\/tvhasici.cz\/KI\/wp-content\/uploads\/2026\/02\/ChatGPT-Image-2.-2.-2026-23_42_33.png 1024w\" sizes=\"(max-width: 150px) 100vw, 150px\" \/>\t\t\t\t\t\t\t\t<\/a>\n\t\t\t\t\t\t\t\t\t\t\t<figcaption class=\"widget-image-caption wp-caption-text\"><\/figcaption>\n\t\t\t\t\t\t\t\t\t\t<\/figure>\n\t\t\t\t\t\t\t\t\t<\/div>\n\t\t\t\t<\/div>\n\t\t<div class=\"elementor-element elementor-element-62750eb6 e-con-full e-flex e-con e-child\" data-id=\"62750eb6\" data-element_type=\"container\">\n\t\t\t\t<div class=\"elementor-element elementor-element-51ec1a63 elementor-widget elementor-widget-image\" data-id=\"51ec1a63\" data-element_type=\"widget\" data-widget_type=\"image.default\">\n\t\t\t\t\t\t\t\t\t\t\t\t\t\t\t<img decoding=\"async\" width=\"150\" height=\"150\" src=\"https:\/\/tvhasici.cz\/KI\/wp-content\/uploads\/2026\/02\/ChatGPT-Image-2.-2.-2026-13_44_14-150x150.png\" class=\"attachment-thumbnail size-thumbnail wp-image-657\" alt=\"\" srcset=\"https:\/\/tvhasici.cz\/KI\/wp-content\/uploads\/2026\/02\/ChatGPT-Image-2.-2.-2026-13_44_14-150x150.png 150w, https:\/\/tvhasici.cz\/KI\/wp-content\/uploads\/2026\/02\/ChatGPT-Image-2.-2.-2026-13_44_14-300x300.png 300w, https:\/\/tvhasici.cz\/KI\/wp-content\/uploads\/2026\/02\/ChatGPT-Image-2.-2.-2026-13_44_14-768x768.png 768w, https:\/\/tvhasici.cz\/KI\/wp-content\/uploads\/2026\/02\/ChatGPT-Image-2.-2.-2026-13_44_14.png 1024w\" sizes=\"(max-width: 150px) 100vw, 150px\" \/>\t\t\t\t\t\t\t\t\t\t\t\t\t\t\t<\/div>\n\t\t\t\t<div class=\"elementor-element elementor-element-6657d1ef elementor-widget elementor-widget-heading\" data-id=\"6657d1ef\" data-element_type=\"widget\" data-widget_type=\"heading.default\">\n\t\t\t\t\t<h1 class=\"elementor-heading-title elementor-size-default\"><a href=\"https:\/\/tvhasici.cz\/KI\/ki-odvetvi-a-pododvetvi\/\">Ve\u0159ejn\u00e1 spr\u00e1va<\/a><\/h1>\t\t\t\t<\/div>\n\t\t\t\t<\/div>\n\t\t<div class=\"elementor-element elementor-element-265c557b e-con-full e-flex e-con e-child\" data-id=\"265c557b\" data-element_type=\"container\">\n\t\t\t\t<\/div>\n\t\t\t\t\t<\/div>\n\t\t\t\t<\/div>\n\t\t<div class=\"elementor-element elementor-element-23bc6f08 e-con-full e-flex e-con e-parent\" data-id=\"23bc6f08\" data-element_type=\"container\">\n\t\t<div class=\"elementor-element elementor-element-6051efda e-con-full e-flex e-con e-child\" data-id=\"6051efda\" data-element_type=\"container\">\n\t\t\t\t<\/div>\n\t\t<div class=\"elementor-element elementor-element-1df6be12 e-con-full e-flex e-con e-child\" data-id=\"1df6be12\" data-element_type=\"container\">\n\t\t\t\t<\/div>\n\t\t<div class=\"elementor-element elementor-element-3cb6077a e-con-full e-flex e-con e-child\" data-id=\"3cb6077a\" data-element_type=\"container\">\n\t\t\t\t<\/div>\n\t\t\t\t<\/div>\n\t\t<div class=\"elementor-element elementor-element-562c454b e-flex e-con-boxed e-con e-parent\" data-id=\"562c454b\" data-element_type=\"container\">\n\t\t\t\t\t<div class=\"e-con-inner\">\n\t\t<div class=\"elementor-element elementor-element-44a955e1 e-con-full e-flex e-con e-child\" data-id=\"44a955e1\" data-element_type=\"container\">\n\t\t\t\t<\/div>\n\t\t<div class=\"elementor-element elementor-element-76b414ed e-con-full e-flex e-con e-child\" data-id=\"76b414ed\" data-element_type=\"container\" data-settings=\"{&quot;background_background&quot;:&quot;classic&quot;}\">\n\t\t\t\t<div class=\"elementor-element elementor-element-17c84c88 elementor-widget elementor-widget-text-editor\" data-id=\"17c84c88\" data-element_type=\"widget\" data-widget_type=\"text-editor.default\">\n\t\t\t\t\t\t\t\t\t<h3 style=\"margin-bottom: 0cm;\"><strong><span style=\"font-family: Arial, serif;\"><span style=\"font-size: 18px;\">Z\u00e1kladn\u00ed slu\u017eba<\/span><\/span><\/strong><\/h3><ul><li><h4><span style=\"font-family: Arial, serif;\"><span style=\"font-size: medium;\">V\u00fdkon sv\u011b\u0159en\u00fdch pravomoc\u00ed subjektu ve\u0159ejn\u00e9 spr\u00e1vy<\/span><\/span><\/h4><\/li><\/ul>\t\t\t\t\t\t\t\t<\/div>\n\t\t\t\t<\/div>\n\t\t<div class=\"elementor-element elementor-element-52f2f68 e-con-full e-flex e-con e-child\" data-id=\"52f2f68\" data-element_type=\"container\">\n\t\t\t\t<\/div>\n\t\t\t\t\t<\/div>\n\t\t\t\t<\/div>\n\t\t\t\t<\/div>\n\t\t","protected":false},"excerpt":{"rendered":"<p>Ve\u0159ejn\u00e1 spr\u00e1va Z\u00e1kladn\u00ed slu\u017eba V\u00fdkon sv\u011b\u0159en\u00fdch pravomoc\u00ed subjektu ve\u0159ejn\u00e9 spr\u00e1vy<\/p>\n","protected":false},"author":2,"featured_media":0,"parent":0,"menu_order":0,"comment_status":"closed","ping_status":"closed","template":"elementor_canvas","meta":{"footnotes":""},"class_list":["post-1027","page","type-page","status-publish","hentry"],"_links":{"self":[{"href":"https:\/\/tvhasici.cz\/KI\/wp-json\/wp\/v2\/pages\/1027","targetHints":{"allow":["GET"]}}],"collection":[{"href":"https:\/\/tvhasici.cz\/KI\/wp-json\/wp\/v2\/pages"}],"about":[{"href":"https:\/\/tvhasici.cz\/KI\/wp-json\/wp\/v2\/types\/page"}],"author":[{"embeddable":true,"href":"https:\/\/tvhasici.cz\/KI\/wp-json\/wp\/v2\/users\/2"}],"replies":[{"embeddable":true,"href":"https:\/\/tvhasici.cz\/KI\/wp-json\/wp\/v2\/comments?post=1027"}],"version-history":[{"count":11,"href":"https:\/\/tvhasici.cz\/KI\/wp-json\/wp\/v2\/pages\/1027\/revisions"}],"predecessor-version":[{"id":1117,"href":"https:\/\/tvhasici.cz\/KI\/wp-json\/wp\/v2\/pages\/1027\/revisions\/1117"}],"wp:attachment":[{"href":"https:\/\/tvhasici.cz\/KI\/wp-json\/wp\/v2\/media?parent=1027"}],"curies":[{"name":"wp","href":"https:\/\/api.w.org\/{rel}","templated":true}]}}