{"id":1018,"date":"2026-02-05T17:11:16","date_gmt":"2026-02-05T17:11:16","guid":{"rendered":"https:\/\/tvhasici.cz\/KI\/?page_id=1018"},"modified":"2026-02-05T19:36:36","modified_gmt":"2026-02-05T19:36:36","slug":"ki-digitalni-infrastruktura","status":"publish","type":"page","link":"https:\/\/tvhasici.cz\/KI\/ki-digitalni-infrastruktura\/","title":{"rendered":"KI-Digit\u00e1ln\u00ed infrastruktura"},"content":{"rendered":"\t\t<div data-elementor-type=\"wp-page\" data-elementor-id=\"1018\" class=\"elementor elementor-1018\">\n\t\t\t\t<div class=\"elementor-element elementor-element-470e3f78 e-con-full e-flex e-con e-parent\" data-id=\"470e3f78\" data-element_type=\"container\">\n\t\t<div class=\"elementor-element elementor-element-f8fe9a1 e-con-full e-flex e-con e-child\" data-id=\"f8fe9a1\" data-element_type=\"container\">\n\t\t\t\t<\/div>\n\t\t<div class=\"elementor-element elementor-element-5ee08ff9 e-con-full e-flex e-con e-child\" data-id=\"5ee08ff9\" data-element_type=\"container\">\n\t\t\t\t<\/div>\n\t\t<div class=\"elementor-element elementor-element-6a2a23f3 e-con-full e-flex e-con e-child\" data-id=\"6a2a23f3\" data-element_type=\"container\">\n\t\t\t\t<\/div>\n\t\t\t\t<\/div>\n\t\t<div class=\"elementor-element elementor-element-5cf35ab2 e-flex e-con-boxed e-con e-parent\" data-id=\"5cf35ab2\" data-element_type=\"container\">\n\t\t\t\t\t<div class=\"e-con-inner\">\n\t\t<div class=\"elementor-element elementor-element-4f4596de e-con-full e-flex e-con e-child\" data-id=\"4f4596de\" data-element_type=\"container\">\n\t\t\t\t<div class=\"elementor-element elementor-element-38397b39 elementor-widget elementor-widget-image\" data-id=\"38397b39\" data-element_type=\"widget\" data-widget_type=\"image.default\">\n\t\t\t\t\t\t\t\t\t\t\t\t<figure class=\"wp-caption\">\n\t\t\t\t\t\t\t\t\t\t\t<a href=\"https:\/\/tvhasici.cz\/KI\/ki-odvetvi-a-pododvetvi\/\">\n\t\t\t\t\t\t\t<img decoding=\"async\" width=\"150\" height=\"150\" src=\"https:\/\/tvhasici.cz\/KI\/wp-content\/uploads\/2026\/02\/ChatGPT-Image-2.-2.-2026-23_42_33-150x150.png\" class=\"attachment-thumbnail size-thumbnail wp-image-778\" alt=\"\" srcset=\"https:\/\/tvhasici.cz\/KI\/wp-content\/uploads\/2026\/02\/ChatGPT-Image-2.-2.-2026-23_42_33-150x150.png 150w, https:\/\/tvhasici.cz\/KI\/wp-content\/uploads\/2026\/02\/ChatGPT-Image-2.-2.-2026-23_42_33-300x300.png 300w, https:\/\/tvhasici.cz\/KI\/wp-content\/uploads\/2026\/02\/ChatGPT-Image-2.-2.-2026-23_42_33-768x768.png 768w, https:\/\/tvhasici.cz\/KI\/wp-content\/uploads\/2026\/02\/ChatGPT-Image-2.-2.-2026-23_42_33.png 1024w\" sizes=\"(max-width: 150px) 100vw, 150px\" \/>\t\t\t\t\t\t\t\t<\/a>\n\t\t\t\t\t\t\t\t\t\t\t<figcaption class=\"widget-image-caption wp-caption-text\"><\/figcaption>\n\t\t\t\t\t\t\t\t\t\t<\/figure>\n\t\t\t\t\t\t\t\t\t<\/div>\n\t\t\t\t<\/div>\n\t\t<div class=\"elementor-element elementor-element-5e58b987 e-con-full e-flex e-con e-child\" data-id=\"5e58b987\" data-element_type=\"container\">\n\t\t\t\t<div class=\"elementor-element elementor-element-7ebee9d elementor-widget elementor-widget-image\" data-id=\"7ebee9d\" data-element_type=\"widget\" data-widget_type=\"image.default\">\n\t\t\t\t\t\t\t\t\t\t\t\t\t\t\t<img decoding=\"async\" width=\"150\" height=\"150\" src=\"https:\/\/tvhasici.cz\/KI\/wp-content\/uploads\/2026\/02\/ChatGPT-Image-2.-2.-2026-22_42_36-150x150.png\" class=\"attachment-thumbnail size-thumbnail wp-image-777\" alt=\"\" srcset=\"https:\/\/tvhasici.cz\/KI\/wp-content\/uploads\/2026\/02\/ChatGPT-Image-2.-2.-2026-22_42_36-150x150.png 150w, https:\/\/tvhasici.cz\/KI\/wp-content\/uploads\/2026\/02\/ChatGPT-Image-2.-2.-2026-22_42_36-300x300.png 300w, https:\/\/tvhasici.cz\/KI\/wp-content\/uploads\/2026\/02\/ChatGPT-Image-2.-2.-2026-22_42_36-768x768.png 768w, https:\/\/tvhasici.cz\/KI\/wp-content\/uploads\/2026\/02\/ChatGPT-Image-2.-2.-2026-22_42_36.png 1024w\" sizes=\"(max-width: 150px) 100vw, 150px\" \/>\t\t\t\t\t\t\t\t\t\t\t\t\t\t\t<\/div>\n\t\t\t\t<div class=\"elementor-element elementor-element-ab37236 elementor-widget elementor-widget-heading\" data-id=\"ab37236\" data-element_type=\"widget\" data-widget_type=\"heading.default\">\n\t\t\t\t\t<h1 class=\"elementor-heading-title elementor-size-default\"><a href=\"https:\/\/tvhasici.cz\/KI\/ki-odvetvi-a-pododvetvi\/\">Digit\u00e1ln\u00ed infrastruktura<\/a><\/h1>\t\t\t\t<\/div>\n\t\t\t\t<\/div>\n\t\t<div class=\"elementor-element elementor-element-3ac583dd e-con-full e-flex e-con e-child\" data-id=\"3ac583dd\" data-element_type=\"container\">\n\t\t\t\t<\/div>\n\t\t\t\t\t<\/div>\n\t\t\t\t<\/div>\n\t\t<div class=\"elementor-element elementor-element-3e937de4 e-con-full e-flex e-con e-parent\" data-id=\"3e937de4\" data-element_type=\"container\">\n\t\t<div class=\"elementor-element elementor-element-3ec30f18 e-con-full e-flex e-con e-child\" data-id=\"3ec30f18\" data-element_type=\"container\">\n\t\t\t\t<\/div>\n\t\t<div class=\"elementor-element elementor-element-47daf24a e-con-full e-flex e-con e-child\" data-id=\"47daf24a\" data-element_type=\"container\">\n\t\t\t\t<\/div>\n\t\t<div class=\"elementor-element elementor-element-579e396a e-con-full e-flex e-con e-child\" data-id=\"579e396a\" data-element_type=\"container\">\n\t\t\t\t<\/div>\n\t\t\t\t<\/div>\n\t\t<div class=\"elementor-element elementor-element-1da80a73 e-flex e-con-boxed e-con e-parent\" data-id=\"1da80a73\" data-element_type=\"container\">\n\t\t\t\t\t<div class=\"e-con-inner\">\n\t\t<div class=\"elementor-element elementor-element-720b336 e-con-full e-flex e-con e-child\" data-id=\"720b336\" data-element_type=\"container\">\n\t\t\t\t<\/div>\n\t\t<div class=\"elementor-element elementor-element-568deb24 e-con-full e-flex e-con e-child\" data-id=\"568deb24\" data-element_type=\"container\" data-settings=\"{&quot;background_background&quot;:&quot;classic&quot;}\">\n\t\t\t\t<div class=\"elementor-element elementor-element-5ecab712 elementor-widget elementor-widget-text-editor\" data-id=\"5ecab712\" data-element_type=\"widget\" data-widget_type=\"text-editor.default\">\n\t\t\t\t\t\t\t\t\t<h3 style=\"margin-bottom: 0cm;\"><strong><span style=\"font-family: Arial, serif;\"><span style=\"font-size: 18px;\">Pododv\u011btv\u00ed<\/span><\/span><\/strong><\/h3>\t\t\t\t\t\t\t\t<\/div>\n\t\t\t\t<div class=\"elementor-element elementor-element-645c419b elementor-widget elementor-widget-n-accordion\" data-id=\"645c419b\" data-element_type=\"widget\" data-settings=\"{&quot;default_state&quot;:&quot;all_collapsed&quot;,&quot;max_items_expended&quot;:&quot;multiple&quot;,&quot;n_accordion_animation_duration&quot;:{&quot;unit&quot;:&quot;ms&quot;,&quot;size&quot;:400,&quot;sizes&quot;:[]}}\" data-widget_type=\"nested-accordion.default\">\n\t\t\t\t\t\t\t<div class=\"e-n-accordion\" aria-label=\"Accordion. Open links with Enter or Space, close with Escape, and navigate with Arrow Keys\">\n\t\t\t\t\t\t<details id=\"e-n-accordion-item-1680\" class=\"e-n-accordion-item\" >\n\t\t\t\t<summary class=\"e-n-accordion-item-title\" data-accordion-index=\"1\" tabindex=\"0\" aria-expanded=\"false\" aria-controls=\"e-n-accordion-item-1680\" >\n\t\t\t\t\t<span class='e-n-accordion-item-title-header'><div class=\"e-n-accordion-item-title-text\"> Slu\u017eby vytv\u00e1\u0159ej\u00edc\u00ed d\u016fv\u011bru a elektronick\u00e1 identifikace <\/div><\/span>\n\t\t\t\t\t\t\t<span class='e-n-accordion-item-title-icon'>\n\t\t\t<span class='e-opened' ><svg aria-hidden=\"true\" class=\"e-font-icon-svg e-fas-minus\" viewBox=\"0 0 448 512\" xmlns=\"http:\/\/www.w3.org\/2000\/svg\"><path d=\"M416 208H32c-17.67 0-32 14.33-32 32v32c0 17.67 14.33 32 32 32h384c17.67 0 32-14.33 32-32v-32c0-17.67-14.33-32-32-32z\"><\/path><\/svg><\/span>\n\t\t\t<span class='e-closed'><svg aria-hidden=\"true\" class=\"e-font-icon-svg e-fas-angle-right\" viewBox=\"0 0 256 512\" xmlns=\"http:\/\/www.w3.org\/2000\/svg\"><path d=\"M224.3 273l-136 136c-9.4 9.4-24.6 9.4-33.9 0l-22.6-22.6c-9.4-9.4-9.4-24.6 0-33.9l96.4-96.4-96.4-96.4c-9.4-9.4-9.4-24.6 0-33.9L54.3 103c9.4-9.4 24.6-9.4 33.9 0l136 136c9.5 9.4 9.5 24.6.1 34z\"><\/path><\/svg><\/span>\n\t\t<\/span>\n\n\t\t\t\t\t\t<\/summary>\n\t\t\t\t<div role=\"region\" aria-labelledby=\"e-n-accordion-item-1680\" class=\"elementor-element elementor-element-c46e070 e-con-full e-flex e-con e-child\" data-id=\"c46e070\" data-element_type=\"container\">\n\t\t<div role=\"region\" aria-labelledby=\"e-n-accordion-item-1680\" class=\"elementor-element elementor-element-85374a9 e-flex e-con-boxed e-con e-child\" data-id=\"85374a9\" data-element_type=\"container\">\n\t\t\t\t\t<div class=\"e-con-inner\">\n\t\t\t\t<div class=\"elementor-element elementor-element-43a7f1e3 elementor-widget elementor-widget-text-editor\" data-id=\"43a7f1e3\" data-element_type=\"widget\" data-widget_type=\"text-editor.default\">\n\t\t\t\t\t\t\t\t\t<h3 style=\"margin-bottom: 0cm;\"><strong><span style=\"font-family: Arial, serif;\"><span style=\"font-size: 18px;\">Z\u00e1kladn\u00ed slu\u017eby<\/span><\/span><\/strong><\/h3><ul><li><h4><span style=\"font-family: Arial, serif;\"><span style=\"font-size: medium;\">Poskytov\u00e1n\u00ed slu\u017eby vytv\u00e1\u0159ej\u00edc\u00ed d\u016fv\u011bru<\/span><\/span><\/h4><\/li><li><h4><span style=\"font-family: Arial, serif;\"><span style=\"font-size: medium;\">Poskytov\u00e1n\u00ed slu\u017eby elektronick\u00e9 identifikace<\/span><\/span><\/h4><\/li><\/ul>\t\t\t\t\t\t\t\t<\/div>\n\t\t\t\t\t<\/div>\n\t\t\t\t<\/div>\n\t\t\t\t<\/div>\n\t\t\t\t\t<\/details>\n\t\t\t\t\t\t<details id=\"e-n-accordion-item-1681\" class=\"e-n-accordion-item\" >\n\t\t\t\t<summary class=\"e-n-accordion-item-title\" data-accordion-index=\"2\" tabindex=\"-1\" aria-expanded=\"false\" aria-controls=\"e-n-accordion-item-1681\" >\n\t\t\t\t\t<span class='e-n-accordion-item-title-header'><div class=\"e-n-accordion-item-title-text\"> Ve\u0159ejn\u00e9 komunika\u010dn\u00ed s\u00edt\u011b a ve\u0159ejn\u011b dostupn\u00e9 slu\u017eby elektronick\u00fdch komunikac\u00ed <\/div><\/span>\n\t\t\t\t\t\t\t<span class='e-n-accordion-item-title-icon'>\n\t\t\t<span class='e-opened' ><svg aria-hidden=\"true\" class=\"e-font-icon-svg e-fas-minus\" viewBox=\"0 0 448 512\" xmlns=\"http:\/\/www.w3.org\/2000\/svg\"><path d=\"M416 208H32c-17.67 0-32 14.33-32 32v32c0 17.67 14.33 32 32 32h384c17.67 0 32-14.33 32-32v-32c0-17.67-14.33-32-32-32z\"><\/path><\/svg><\/span>\n\t\t\t<span class='e-closed'><svg aria-hidden=\"true\" class=\"e-font-icon-svg e-fas-angle-right\" viewBox=\"0 0 256 512\" xmlns=\"http:\/\/www.w3.org\/2000\/svg\"><path d=\"M224.3 273l-136 136c-9.4 9.4-24.6 9.4-33.9 0l-22.6-22.6c-9.4-9.4-9.4-24.6 0-33.9l96.4-96.4-96.4-96.4c-9.4-9.4-9.4-24.6 0-33.9L54.3 103c9.4-9.4 24.6-9.4 33.9 0l136 136c9.5 9.4 9.5 24.6.1 34z\"><\/path><\/svg><\/span>\n\t\t<\/span>\n\n\t\t\t\t\t\t<\/summary>\n\t\t\t\t<div role=\"region\" aria-labelledby=\"e-n-accordion-item-1681\" class=\"elementor-element elementor-element-37dbb27a e-con-full e-flex e-con e-child\" data-id=\"37dbb27a\" data-element_type=\"container\">\n\t\t<div role=\"region\" aria-labelledby=\"e-n-accordion-item-1681\" class=\"elementor-element elementor-element-2cb25b36 e-flex e-con-boxed e-con e-child\" data-id=\"2cb25b36\" data-element_type=\"container\">\n\t\t\t\t\t<div class=\"e-con-inner\">\n\t\t\t\t<div class=\"elementor-element elementor-element-34841143 elementor-widget elementor-widget-text-editor\" data-id=\"34841143\" data-element_type=\"widget\" data-widget_type=\"text-editor.default\">\n\t\t\t\t\t\t\t\t\t<h3 style=\"margin-bottom: 0cm;\"><strong><span style=\"font-family: Arial, serif;\"><span style=\"font-size: 18px;\">Z\u00e1kladn\u00ed slu\u017eby<\/span><\/span><\/strong><\/h3><ul><li><h4><span style=\"font-family: Arial, serif;\"><span style=\"font-size: medium;\">Poskytov\u00e1n\u00ed ve\u0159ejn\u011b dostupn\u00e9 slu\u017eby elektronick\u00fdch komunikac\u00ed<\/span><\/span><\/h4><\/li><li><h4><span style=\"font-family: Arial, serif;\"><span style=\"font-size: medium;\">Zaji\u0161\u0165ov\u00e1n\u00ed ve\u0159ejn\u00e9 komunika\u010dn\u00ed s\u00edt\u011b<\/span><\/span><\/h4><\/li><\/ul>\t\t\t\t\t\t\t\t<\/div>\n\t\t\t\t\t<\/div>\n\t\t\t\t<\/div>\n\t\t\t\t<\/div>\n\t\t\t\t\t<\/details>\n\t\t\t\t\t\t<details id=\"e-n-accordion-item-1682\" class=\"e-n-accordion-item\" >\n\t\t\t\t<summary class=\"e-n-accordion-item-title\" data-accordion-index=\"3\" tabindex=\"-1\" aria-expanded=\"false\" aria-controls=\"e-n-accordion-item-1682\" >\n\t\t\t\t\t<span class='e-n-accordion-item-title-header'><div class=\"e-n-accordion-item-title-text\"> Ostatn\u00ed digit\u00e1ln\u00ed slu\u017eby a infrastruktura <\/div><\/span>\n\t\t\t\t\t\t\t<span class='e-n-accordion-item-title-icon'>\n\t\t\t<span class='e-opened' ><svg aria-hidden=\"true\" class=\"e-font-icon-svg e-fas-minus\" viewBox=\"0 0 448 512\" xmlns=\"http:\/\/www.w3.org\/2000\/svg\"><path d=\"M416 208H32c-17.67 0-32 14.33-32 32v32c0 17.67 14.33 32 32 32h384c17.67 0 32-14.33 32-32v-32c0-17.67-14.33-32-32-32z\"><\/path><\/svg><\/span>\n\t\t\t<span class='e-closed'><svg aria-hidden=\"true\" class=\"e-font-icon-svg e-fas-angle-right\" viewBox=\"0 0 256 512\" xmlns=\"http:\/\/www.w3.org\/2000\/svg\"><path d=\"M224.3 273l-136 136c-9.4 9.4-24.6 9.4-33.9 0l-22.6-22.6c-9.4-9.4-9.4-24.6 0-33.9l96.4-96.4-96.4-96.4c-9.4-9.4-9.4-24.6 0-33.9L54.3 103c9.4-9.4 24.6-9.4 33.9 0l136 136c9.5 9.4 9.5 24.6.1 34z\"><\/path><\/svg><\/span>\n\t\t<\/span>\n\n\t\t\t\t\t\t<\/summary>\n\t\t\t\t<div role=\"region\" aria-labelledby=\"e-n-accordion-item-1682\" class=\"elementor-element elementor-element-127b9120 e-con-full e-flex e-con e-child\" data-id=\"127b9120\" data-element_type=\"container\">\n\t\t<div role=\"region\" aria-labelledby=\"e-n-accordion-item-1682\" class=\"elementor-element elementor-element-2a6293ad e-flex e-con-boxed e-con e-child\" data-id=\"2a6293ad\" data-element_type=\"container\">\n\t\t\t\t\t<div class=\"e-con-inner\">\n\t\t\t\t<div class=\"elementor-element elementor-element-10ae0ab elementor-widget elementor-widget-text-editor\" data-id=\"10ae0ab\" data-element_type=\"widget\" data-widget_type=\"text-editor.default\">\n\t\t\t\t\t\t\t\t\t<h3 style=\"margin-bottom: 0cm;\"><strong><span style=\"font-family: Arial, serif;\"><span style=\"font-size: 18px;\">Z\u00e1kladn\u00ed slu\u017eby<\/span><\/span><\/strong><\/h3><ul><li><h4><span style=\"font-family: Arial, serif;\"><span style=\"font-size: medium;\">\u200bPoskytov\u00e1n\u00ed slu\u017eby v\u00fdm\u011bnn\u00e9ho uzlu internetu<\/span><\/span><\/h4><\/li><li><h4><span style=\"font-family: Arial, serif;\"><span style=\"font-size: medium;\">Poskytov\u00e1n\u00ed slu\u017eby p\u0159ekladu dom\u00e9nov\u00fdch jmen<\/span><\/span><\/h4><\/li><li><h4><span style=\"font-family: Arial, serif;\"><span style=\"font-size: medium;\">Provoz a spr\u00e1va registru dom\u00e9ny nejvy\u0161\u0161\u00ed \u00farovn\u011b<\/span><\/span><\/h4><\/li><li><h4><span style=\"font-family: Arial, serif;\"><span style=\"font-size: medium;\">Provoz a spr\u00e1va dom\u00e9ny gov.cz<\/span><\/span><\/h4><\/li><li><h4><span style=\"font-family: Arial, serif;\"><span style=\"font-size: medium;\">Poskytov\u00e1n\u00ed slu\u017eby cloud computingu<\/span><\/span><\/h4><\/li><li><h4><span style=\"font-family: Arial, serif;\"><span style=\"font-size: medium;\">Poskytov\u00e1n\u00ed slu\u017eby datov\u00e9ho centra<\/span><\/span><\/h4><\/li><li><h4><span style=\"font-family: Arial, serif;\"><span style=\"font-size: medium;\">Poskytov\u00e1n\u00ed slu\u017eby s\u00edt\u011b pro doru\u010dov\u00e1n\u00ed obsahu (CDN)<\/span><\/span><\/h4><\/li><\/ul>\t\t\t\t\t\t\t\t<\/div>\n\t\t\t\t\t<\/div>\n\t\t\t\t<\/div>\n\t\t\t\t<\/div>\n\t\t\t\t\t<\/details>\n\t\t\t\t\t<\/div>\n\t\t\t\t\t\t<\/div>\n\t\t\t\t<\/div>\n\t\t<div class=\"elementor-element elementor-element-54fa864 e-con-full e-flex e-con e-child\" data-id=\"54fa864\" data-element_type=\"container\">\n\t\t\t\t<\/div>\n\t\t\t\t\t<\/div>\n\t\t\t\t<\/div>\n\t\t\t\t<\/div>\n\t\t","protected":false},"excerpt":{"rendered":"<p>Digit\u00e1ln\u00ed infrastruktura Pododv\u011btv\u00ed Slu\u017eby vytv\u00e1\u0159ej\u00edc\u00ed d\u016fv\u011bru a elektronick\u00e1 identifikace Z\u00e1kladn\u00ed slu\u017eby Poskytov\u00e1n\u00ed slu\u017eby vytv\u00e1\u0159ej\u00edc\u00ed d\u016fv\u011bru Poskytov\u00e1n\u00ed slu\u017eby elektronick\u00e9 identifikace Ve\u0159ejn\u00e9 komunika\u010dn\u00ed s\u00edt\u011b a ve\u0159ejn\u011b dostupn\u00e9 slu\u017eby elektronick\u00fdch komunikac\u00ed Z\u00e1kladn\u00ed slu\u017eby Poskytov\u00e1n\u00ed ve\u0159ejn\u011b dostupn\u00e9 slu\u017eby elektronick\u00fdch komunikac\u00ed Zaji\u0161\u0165ov\u00e1n\u00ed ve\u0159ejn\u00e9 komunika\u010dn\u00ed s\u00edt\u011b Ostatn\u00ed digit\u00e1ln\u00ed slu\u017eby a infrastruktura Z\u00e1kladn\u00ed slu\u017eby \u200bPoskytov\u00e1n\u00ed slu\u017eby v\u00fdm\u011bnn\u00e9ho uzlu internetu Poskytov\u00e1n\u00ed slu\u017eby p\u0159ekladu [&hellip;]<\/p>\n","protected":false},"author":2,"featured_media":0,"parent":0,"menu_order":0,"comment_status":"closed","ping_status":"closed","template":"elementor_canvas","meta":{"footnotes":""},"class_list":["post-1018","page","type-page","status-publish","hentry"],"_links":{"self":[{"href":"https:\/\/tvhasici.cz\/KI\/wp-json\/wp\/v2\/pages\/1018","targetHints":{"allow":["GET"]}}],"collection":[{"href":"https:\/\/tvhasici.cz\/KI\/wp-json\/wp\/v2\/pages"}],"about":[{"href":"https:\/\/tvhasici.cz\/KI\/wp-json\/wp\/v2\/types\/page"}],"author":[{"embeddable":true,"href":"https:\/\/tvhasici.cz\/KI\/wp-json\/wp\/v2\/users\/2"}],"replies":[{"embeddable":true,"href":"https:\/\/tvhasici.cz\/KI\/wp-json\/wp\/v2\/comments?post=1018"}],"version-history":[{"count":17,"href":"https:\/\/tvhasici.cz\/KI\/wp-json\/wp\/v2\/pages\/1018\/revisions"}],"predecessor-version":[{"id":1178,"href":"https:\/\/tvhasici.cz\/KI\/wp-json\/wp\/v2\/pages\/1018\/revisions\/1178"}],"wp:attachment":[{"href":"https:\/\/tvhasici.cz\/KI\/wp-json\/wp\/v2\/media?parent=1018"}],"curies":[{"name":"wp","href":"https:\/\/api.w.org\/{rel}","templated":true}]}}